{"id":773982,"date":"2025-08-28T16:36:09","date_gmt":"2025-08-28T13:36:09","guid":{"rendered":"https:\/\/roveyayinevi.com.tr\/index.php\/urun\/martin-eden-16\/"},"modified":"2026-04-15T03:41:32","modified_gmt":"2026-04-15T00:41:32","slug":"martin-eden-16","status":"publish","type":"product","link":"https:\/\/roveyayinevi.com.tr\/index.php\/urun\/martin-eden-16\/","title":{"rendered":"Martin Eden"},"content":{"rendered":"<p>E\u011fitimsiz ve fakir bir denizci olan Martin Eden, varl\u0131kl\u0131 bir ailenin k\u0131z\u0131 Ruth\u2019a \u00e2\u015f\u0131k olur ve onunla bir gelecek kurabilmek ad\u0131na kendini amans\u0131z bir m\u00fccadelenin i\u00e7inde bulur. Sadece \u00fcst s\u0131n\u0131flara ait oldu\u011funu d\u00fc\u015f\u00fcnd\u00fc\u011f\u00fc bilgi, k\u00fclt\u00fcr ve ba\u015far\u0131n\u0131n pe\u015fine d\u00fc\u015fer ve onu edebiyat d\u00fcnyas\u0131n\u0131n en \u00fcst basamaklar\u0131na ta\u015f\u0131yacak olan yazarl\u0131k ser\u00fcvenine umut dolu bir ad\u0131m atar. Fakat ad\u0131m ad\u0131m derin bir umutsuzlu\u011fa \u00e7ekildi\u011finden habersiz olan Martin Eden&#8217;in hayat\u0131 art\u0131k asla eskisi gibi olmayacakt\u0131r.Her s\u0131n\u0131ftan insana ba\u015far\u0131 ve zenginlik vaat eden Amerikan R\u00fcyas\u0131\u2019n\u0131n trajik sonu\u00e7lar\u0131n\u0131 etkili bir dille ve ac\u0131mas\u0131z bir ger\u00e7ek\u00e7ilikle anlatan Jack London, Martin Eden\u2019i yazarken kendi ya\u015fam\u0131ndan ipu\u00e7lar\u0131n\u0131 da sayfalar\u0131n aras\u0131na serpi\u015ftirmi\u015ftir.Bir ki\u015finin ayd\u0131nlanma s\u00fcreci \u00fczerinden 20. y\u00fczy\u0131l\u0131n toplumsal sorunlar\u0131na ayna tutan bu \u00f6l\u00fcms\u00fcz eseri, Handan Haktan\u0131r\u2019\u0131n \u00f6zenli \u00e7evirisiyle sunuyoruz.<\/p>\n","protected":false},"excerpt":{"rendered":"<p>E\u011fitimsiz ve fakir bir denizci olan Martin Eden, varl\u0131kl\u0131 bir ailenin k\u0131z\u0131 Ruth\u2019a \u00e2\u015f\u0131k olur ve onunla bir gelecek kurabilmek ad\u0131na kendini amans\u0131z bir m\u00fccadelenin i\u00e7inde<span class=\"excerpt-hellip\"> [\u2026]<\/span><\/p>\n","protected":false},"featured_media":0,"template":"","meta":{"_monsterinsights_skip_tracking":false,"_monsterinsights_sitenote_active":false,"_monsterinsights_sitenote_note":"","_monsterinsights_sitenote_category":0},"product_brand":[],"product_cat":[12291,12711],"product_tag":[],"class_list":{"0":"post-773982","1":"product","2":"type-product","3":"status-publish","5":"product_cat-edebiyat","6":"product_cat-roman-oyku","7":"pa_cilt-ciltsiz","8":"pa_tur-kitap","9":"pa_yayinevi-koridor-yayincilik","10":"pa_yazar-jack-london","12":"first","13":"instock","14":"sale","15":"shipping-taxable","16":"purchasable","17":"product-type-simple"},"_links":{"self":[{"href":"https:\/\/roveyayinevi.com.tr\/index.php\/wp-json\/wp\/v2\/product\/773982","targetHints":{"allow":["GET"]}}],"collection":[{"href":"https:\/\/roveyayinevi.com.tr\/index.php\/wp-json\/wp\/v2\/product"}],"about":[{"href":"https:\/\/roveyayinevi.com.tr\/index.php\/wp-json\/wp\/v2\/types\/product"}],"wp:attachment":[{"href":"https:\/\/roveyayinevi.com.tr\/index.php\/wp-json\/wp\/v2\/media?parent=773982"}],"wp:term":[{"taxonomy":"product_brand","embeddable":true,"href":"https:\/\/roveyayinevi.com.tr\/index.php\/wp-json\/wp\/v2\/product_brand?post=773982"},{"taxonomy":"product_cat","embeddable":true,"href":"https:\/\/roveyayinevi.com.tr\/index.php\/wp-json\/wp\/v2\/product_cat?post=773982"},{"taxonomy":"product_tag","embeddable":true,"href":"https:\/\/roveyayinevi.com.tr\/index.php\/wp-json\/wp\/v2\/product_tag?post=773982"}],"curies":[{"name":"wp","href":"https:\/\/api.w.org\/{rel}","templated":true}]}}