{"id":773980,"date":"2025-08-28T16:36:03","date_gmt":"2025-08-28T13:36:03","guid":{"rendered":"https:\/\/roveyayinevi.com.tr\/index.php\/urun\/insan-ne-ile-yasar-27\/"},"modified":"2026-04-15T03:41:32","modified_gmt":"2026-04-15T00:41:32","slug":"insan-ne-ile-yasar-27","status":"publish","type":"product","link":"https:\/\/roveyayinevi.com.tr\/index.php\/urun\/insan-ne-ile-yasar-27\/","title":{"rendered":"\u0130nsan Ne \u0130le Ya\u015far?"},"content":{"rendered":"<p>Edebiyat\u00e7\u0131, filozof ve e\u011fitimci ki\u015fili\u011fiyle toplumun aynas\u0131 olan, \u00e7a\u011f\u0131n\u0131n en b\u00fcy\u00fck yazarlar\u0131ndan Tolstoy\u2019un bu eseri, insan\u0131n d\u00fcnyaya geli\u015f amac\u0131 ve hayattaki \u00f6nceliklerine, birle\u015ftirici g\u00fc\u00e7 olan sevgiye, insan\u0131n \u00f6z\u00fcnde var olan iyili\u011fe, a\u00e7g\u00f6zl\u00fcl\u00fck ve tokg\u00f6zl\u00fcl\u00fc\u011fe, h\u0131rsa dair i\u00e7erdi\u011fi e\u015fsiz hik\u00e2yelerle kendinize d\u0131\u015far\u0131dan bakabilmenizi sa\u011fl\u0131yor.Her biri sizi ayr\u0131 diyarlara g\u00f6t\u00fcrecek, akl\u0131n\u0131z\u0131, ruhunuzu ve kalbinizi besleyecek, kimi zaman sizi vicdan\u0131n\u0131zla ba\u015f ba\u015fa b\u0131rakacak, kimi zaman i\u00e7inizdeki kilitlenmi\u015f kap\u0131lar\u0131 a\u00e7\u0131p kar\u015f\u0131n\u0131zdaki kom\u015funuzun kap\u0131s\u0131n\u0131 \u00e7alman\u0131za vesile olacak. Zihnimizin uzanamad\u0131\u011f\u0131 kuytu k\u00f6\u015felere sokulmak i\u00e7in ruhumuzu ve kalbimizi el feneri yapaca\u011f\u0131m\u0131z, bize de\u011ferlerimizi yeniden hat\u0131rlatacak ve kazand\u0131rd\u0131klar\u0131 \u00f6m\u00fcr boyu unutulmayacak bir \u015faheser.<\/p>\n","protected":false},"excerpt":{"rendered":"<p>Edebiyat\u00e7\u0131, filozof ve e\u011fitimci ki\u015fili\u011fiyle toplumun aynas\u0131 olan, \u00e7a\u011f\u0131n\u0131n en b\u00fcy\u00fck yazarlar\u0131ndan Tolstoy\u2019un bu eseri, insan\u0131n d\u00fcnyaya geli\u015f amac\u0131 ve hayattaki \u00f6nceliklerine, birle\u015ftirici g\u00fc\u00e7 olan sevgiye,<span class=\"excerpt-hellip\"> [\u2026]<\/span><\/p>\n","protected":false},"featured_media":0,"template":"","meta":{"_monsterinsights_skip_tracking":false,"_monsterinsights_sitenote_active":false,"_monsterinsights_sitenote_note":"","_monsterinsights_sitenote_category":0},"product_brand":[],"product_cat":[12291,12711],"product_tag":[],"class_list":{"0":"post-773980","1":"product","2":"type-product","3":"status-publish","5":"product_cat-edebiyat","6":"product_cat-roman-oyku","7":"pa_cilt-ciltsiz","8":"pa_tur-kitap","9":"pa_yayinevi-koridor-yayincilik","10":"pa_yazar-lev-nikolayevic-tolstoy","12":"first","13":"instock","14":"sale","15":"shipping-taxable","16":"purchasable","17":"product-type-simple"},"_links":{"self":[{"href":"https:\/\/roveyayinevi.com.tr\/index.php\/wp-json\/wp\/v2\/product\/773980","targetHints":{"allow":["GET"]}}],"collection":[{"href":"https:\/\/roveyayinevi.com.tr\/index.php\/wp-json\/wp\/v2\/product"}],"about":[{"href":"https:\/\/roveyayinevi.com.tr\/index.php\/wp-json\/wp\/v2\/types\/product"}],"wp:attachment":[{"href":"https:\/\/roveyayinevi.com.tr\/index.php\/wp-json\/wp\/v2\/media?parent=773980"}],"wp:term":[{"taxonomy":"product_brand","embeddable":true,"href":"https:\/\/roveyayinevi.com.tr\/index.php\/wp-json\/wp\/v2\/product_brand?post=773980"},{"taxonomy":"product_cat","embeddable":true,"href":"https:\/\/roveyayinevi.com.tr\/index.php\/wp-json\/wp\/v2\/product_cat?post=773980"},{"taxonomy":"product_tag","embeddable":true,"href":"https:\/\/roveyayinevi.com.tr\/index.php\/wp-json\/wp\/v2\/product_tag?post=773980"}],"curies":[{"name":"wp","href":"https:\/\/api.w.org\/{rel}","templated":true}]}}