{"id":773978,"date":"2025-08-28T16:35:58","date_gmt":"2025-08-28T13:35:58","guid":{"rendered":"https:\/\/roveyayinevi.com.tr\/index.php\/urun\/denizati-yildizlari-ilk-yardimci-dostlar\/"},"modified":"2026-04-15T03:41:32","modified_gmt":"2026-04-15T00:41:32","slug":"denizati-yildizlari-ilk-yardimci-dostlar","status":"publish","type":"product","link":"https:\/\/roveyayinevi.com.tr\/index.php\/urun\/denizati-yildizlari-ilk-yardimci-dostlar\/","title":{"rendered":"Denizat\u0131 Y\u0131ld\u0131zlar\u0131 &#8211; \u0130lk Yard\u0131mc\u0131 Dostlar"},"content":{"rendered":"<p>Art\u0131k bir \u0130nci Avc\u0131s\u0131 olan Duru ilk g\u00f6revinden kazand\u0131\u011f\u0131 inciyi tac\u0131nda gururla ta\u015fyor. \u015eimdi s\u0131ra ikinci incisini kazanmaya geldi. Bunun i\u00e7in ilkyard\u0131m g\u00f6revini ba\u015far\u0131yla tamamlamas\u0131 gerek. Ama o da ne? En yak\u0131n arkada\u015f\u0131 Damla Jetenekyle gruptaki di\u011fer denizatlar\u0131n\u0131 g\u00f6lgede b\u0131rak\u0131yor. Duru da grubun en iyisi olmaya kararl\u0131. Bakal\u0131m buyeni g\u00f6revde yetenekleriyle birlikte dostluklar\u0131 da s\u0131nav\u0131 ge\u00e7ebilecek mi?<\/p>\n","protected":false},"excerpt":{"rendered":"<p>Art\u0131k bir \u0130nci Avc\u0131s\u0131 olan Duru ilk g\u00f6revinden kazand\u0131\u011f\u0131 inciyi tac\u0131nda gururla ta\u015fyor. \u015eimdi s\u0131ra ikinci incisini kazanmaya geldi. Bunun i\u00e7in ilkyard\u0131m g\u00f6revini ba\u015far\u0131yla tamamlamas\u0131 gerek.<span class=\"excerpt-hellip\"> [\u2026]<\/span><\/p>\n","protected":false},"featured_media":0,"template":"","meta":{"_monsterinsights_skip_tracking":false,"_monsterinsights_sitenote_active":false,"_monsterinsights_sitenote_note":"","_monsterinsights_sitenote_category":0},"product_brand":[],"product_cat":[12274,12284],"product_tag":[],"class_list":{"0":"post-773978","1":"product","2":"type-product","3":"status-publish","5":"product_cat-cocuk-ve-genclik-kitaplari","6":"product_cat-hikayeler","7":"pa_cilt-ciltsiz","8":"pa_tur-kitap","9":"pa_yayinevi-beyaz-balina-yayinlari","10":"pa_yazar-zuzu-singer","12":"first","13":"instock","14":"sale","15":"shipping-taxable","16":"purchasable","17":"product-type-simple"},"_links":{"self":[{"href":"https:\/\/roveyayinevi.com.tr\/index.php\/wp-json\/wp\/v2\/product\/773978","targetHints":{"allow":["GET"]}}],"collection":[{"href":"https:\/\/roveyayinevi.com.tr\/index.php\/wp-json\/wp\/v2\/product"}],"about":[{"href":"https:\/\/roveyayinevi.com.tr\/index.php\/wp-json\/wp\/v2\/types\/product"}],"wp:attachment":[{"href":"https:\/\/roveyayinevi.com.tr\/index.php\/wp-json\/wp\/v2\/media?parent=773978"}],"wp:term":[{"taxonomy":"product_brand","embeddable":true,"href":"https:\/\/roveyayinevi.com.tr\/index.php\/wp-json\/wp\/v2\/product_brand?post=773978"},{"taxonomy":"product_cat","embeddable":true,"href":"https:\/\/roveyayinevi.com.tr\/index.php\/wp-json\/wp\/v2\/product_cat?post=773978"},{"taxonomy":"product_tag","embeddable":true,"href":"https:\/\/roveyayinevi.com.tr\/index.php\/wp-json\/wp\/v2\/product_tag?post=773978"}],"curies":[{"name":"wp","href":"https:\/\/api.w.org\/{rel}","templated":true}]}}