{"id":773937,"date":"2025-08-28T16:34:58","date_gmt":"2025-08-28T13:34:58","guid":{"rendered":"https:\/\/roveyayinevi.com.tr\/index.php\/urun\/totoronun-buyusu-1-kayalarin-efendisinin-yukselisi\/"},"modified":"2026-04-15T03:40:01","modified_gmt":"2026-04-15T00:40:01","slug":"totoronun-buyusu-1-kayalarin-efendisinin-yukselisi","status":"publish","type":"product","link":"https:\/\/roveyayinevi.com.tr\/index.php\/urun\/totoronun-buyusu-1-kayalarin-efendisinin-yukselisi\/","title":{"rendered":"Totoro&#8217;nun B\u00fcy\u00fcs\u00fc &#8211; 1 &#8211; Kayalar\u0131n Efendisinin Y\u00fckseli\u015fi"},"content":{"rendered":"<p>D\u00fcnya hen\u00fcz \u00e7ocukken, efsaneler daha yaz\u0131lmam\u0131\u015fken\u2026 Ulu Tanr\u0131, bu topraklarda ya\u015fayacak iki kadim halk yaratt\u0131: Orman Halklar\u0131 ve Boroglar. \u0130lki, tanr\u0131\u00e7alar\u0131n\u0131n \u0131\u015f\u0131\u011f\u0131nda ve ejder krallar\u0131n bilgeli\u011finde bar\u0131\u015fla yo\u011frulurken; Boroglar, Kubal\u2019\u0131n demir iradesi ve krali\u00e7elerinin g\u00f6lgesinde s\u0131n\u0131flara ayr\u0131lm\u0131\u015ft\u0131. Kimi boyun e\u011fdi, kimi ba\u015fkald\u0131rd\u0131. Ve o an, d\u00fcnyan\u0131n damarlar\u0131nda kan gibi akacak bir sava\u015f\u0131n ilk k\u0131v\u0131lc\u0131m\u0131 \u00e7akt\u0131. G\u00f6lge topra\u011fa sinmi\u015fti. Kan, kaderle bulu\u015facakt\u0131. Bu karanl\u0131kta, Orman Halk\u0131\u2019n\u0131n Y\u00fcce Konsey dan\u0131\u015fman\u0131 Bilge Kedi Totoro kehanetin izine d\u00fc\u015ft\u00fc. Yerk\u00fcreyi k\u00f6kleriyle ayakta tutan kadim Kutsal Sekoya A\u011fac\u0131\u2019n\u0131 korumak i\u00e7in, zorlu ve kutsal bir yolculu\u011fa \u00e7\u0131kt\u0131. Yolda\u015flar\u0131yla birlikte yaln\u0131zca canavarlara de\u011fil, i\u00e7lerindeki karanl\u0131\u011fa da meydan okuyacakt\u0131. Ejderhalar, lanetler, sava\u015flar ve efsanevi dostluklar&#8230; Bu kitap, sizi s\u0131radanl\u0131\u011f\u0131n \u00e7ok \u00f6tesinde bir diyara g\u00f6t\u00fcr\u00fcyor. E\u011fer bir g\u00fcn b\u00fcy\u00fcye inanmay\u0131 b\u0131rakt\u0131ysan\u0131z, o inanc\u0131 geri verecek kadar g\u00fc\u00e7l\u00fc. \u00c7\u00fcnk\u00fc baz\u0131 a\u011fa\u00e7lar yaln\u0131zca topra\u011f\u0131 de\u011fil, kaderi de ta\u015f\u0131r. <\/p>\n","protected":false},"excerpt":{"rendered":"<p>D\u00fcnya hen\u00fcz \u00e7ocukken, efsaneler daha yaz\u0131lmam\u0131\u015fken\u2026 Ulu Tanr\u0131, bu topraklarda ya\u015fayacak iki kadim halk yaratt\u0131: Orman Halklar\u0131 ve Boroglar. \u0130lki, tanr\u0131\u00e7alar\u0131n\u0131n \u0131\u015f\u0131\u011f\u0131nda ve ejder krallar\u0131n bilgeli\u011finde<span class=\"excerpt-hellip\"> [\u2026]<\/span><\/p>\n","protected":false},"featured_media":0,"template":"","meta":{"_monsterinsights_skip_tracking":false,"_monsterinsights_sitenote_active":false,"_monsterinsights_sitenote_note":"","_monsterinsights_sitenote_category":0},"product_brand":[],"product_cat":[12291,14777],"product_tag":[],"class_list":{"0":"post-773937","1":"product","2":"type-product","3":"status-publish","5":"product_cat-edebiyat","6":"product_cat-fantastik","7":"pa_cilt-ciltsiz","8":"pa_tur-kitap","9":"pa_yayinevi-perseus","10":"pa_yazar-musa-turkarslan","12":"first","13":"instock","14":"sale","15":"shipping-taxable","16":"purchasable","17":"product-type-simple"},"_links":{"self":[{"href":"https:\/\/roveyayinevi.com.tr\/index.php\/wp-json\/wp\/v2\/product\/773937","targetHints":{"allow":["GET"]}}],"collection":[{"href":"https:\/\/roveyayinevi.com.tr\/index.php\/wp-json\/wp\/v2\/product"}],"about":[{"href":"https:\/\/roveyayinevi.com.tr\/index.php\/wp-json\/wp\/v2\/types\/product"}],"wp:attachment":[{"href":"https:\/\/roveyayinevi.com.tr\/index.php\/wp-json\/wp\/v2\/media?parent=773937"}],"wp:term":[{"taxonomy":"product_brand","embeddable":true,"href":"https:\/\/roveyayinevi.com.tr\/index.php\/wp-json\/wp\/v2\/product_brand?post=773937"},{"taxonomy":"product_cat","embeddable":true,"href":"https:\/\/roveyayinevi.com.tr\/index.php\/wp-json\/wp\/v2\/product_cat?post=773937"},{"taxonomy":"product_tag","embeddable":true,"href":"https:\/\/roveyayinevi.com.tr\/index.php\/wp-json\/wp\/v2\/product_tag?post=773937"}],"curies":[{"name":"wp","href":"https:\/\/api.w.org\/{rel}","templated":true}]}}