{"id":773934,"date":"2025-08-28T16:34:51","date_gmt":"2025-08-28T13:34:51","guid":{"rendered":"https:\/\/roveyayinevi.com.tr\/index.php\/urun\/icimizdeki-labirent-2-zihnin-otesinde\/"},"modified":"2026-04-15T03:40:00","modified_gmt":"2026-04-15T00:40:00","slug":"icimizdeki-labirent-2-zihnin-otesinde","status":"publish","type":"product","link":"https:\/\/roveyayinevi.com.tr\/index.php\/urun\/icimizdeki-labirent-2-zihnin-otesinde\/","title":{"rendered":"\u0130\u00e7imizdeki Labirent 2 \u2013 Zihnin \u00d6tesinde"},"content":{"rendered":"<p>S\u0131rlar ortaya \u00e7\u0131kt\u0131&#8230; Ama bazen yaln\u0131zca hat\u0131rlamak yetmez. Bazen, hat\u0131rlamaya dayanmak gerekir.   \u201c\u0130\u00e7imizdeki Labirent- Zihnin K\u0131y\u0131s\u0131nda\u201d ile ba\u015flayan o ini\u015f, \u015fimdi geri d\u00f6n\u00fc\u015f\u00fc olmayan bir e\u015fikte devam ediyor. Bu kez ne sokaklar var, ne rotas\u0131 belli bir yol.   Zihnin duvarlar\u0131 incelmi\u015f, ge\u00e7mi\u015fin yank\u0131lar\u0131 gelece\u011fe kar\u0131\u015fm\u0131\u015f\u2026   Erim i\u00e7in bu art\u0131k bir yolculuk de\u011fil; par\u00e7alanan benli\u011finin i\u00e7inde, sesi bast\u0131r\u0131lm\u0131\u015f bir \u00e7\u0131\u011fl\u0131\u011f\u0131n izini s\u00fcrmek.   Ve her \u00e7\u0131\u011fl\u0131\u011f\u0131n bir yank\u0131s\u0131 vard\u0131r\u2014bazen kalbin derinlerinde, bazen ba\u015fka bir bedende.   Ger\u00e7ek mi, r\u00fcya m\u0131, sim\u00fclasyon mu bilinmeyen bu evrende, tek kesinlik: Zihin unutmak ister, ama beden asla yalan s\u00f6ylemez.   Bilin\u00e7 katman katman soyulurken, geriye kalan tek \u015fey o sorudur:   Uyanmaya cesaretin var m\u0131? <\/p>\n","protected":false},"excerpt":{"rendered":"<p>S\u0131rlar ortaya \u00e7\u0131kt\u0131&#8230; Ama bazen yaln\u0131zca hat\u0131rlamak yetmez. Bazen, hat\u0131rlamaya dayanmak gerekir. \u201c\u0130\u00e7imizdeki Labirent- Zihnin K\u0131y\u0131s\u0131nda\u201d ile ba\u015flayan o ini\u015f, \u015fimdi geri d\u00f6n\u00fc\u015f\u00fc olmayan bir e\u015fikte<span class=\"excerpt-hellip\"> [\u2026]<\/span><\/p>\n","protected":false},"featured_media":0,"template":"","meta":{"_monsterinsights_skip_tracking":false,"_monsterinsights_sitenote_active":false,"_monsterinsights_sitenote_note":"","_monsterinsights_sitenote_category":0},"product_brand":[],"product_cat":[12291,14777],"product_tag":[],"class_list":{"0":"post-773934","1":"product","2":"type-product","3":"status-publish","5":"product_cat-edebiyat","6":"product_cat-fantastik","7":"pa_cilt-ciltsiz","8":"pa_tur-kitap","9":"pa_yayinevi-perseus","10":"pa_yazar-ali-nihat-sensan","12":"first","13":"instock","14":"sale","15":"shipping-taxable","16":"purchasable","17":"product-type-simple"},"_links":{"self":[{"href":"https:\/\/roveyayinevi.com.tr\/index.php\/wp-json\/wp\/v2\/product\/773934","targetHints":{"allow":["GET"]}}],"collection":[{"href":"https:\/\/roveyayinevi.com.tr\/index.php\/wp-json\/wp\/v2\/product"}],"about":[{"href":"https:\/\/roveyayinevi.com.tr\/index.php\/wp-json\/wp\/v2\/types\/product"}],"wp:attachment":[{"href":"https:\/\/roveyayinevi.com.tr\/index.php\/wp-json\/wp\/v2\/media?parent=773934"}],"wp:term":[{"taxonomy":"product_brand","embeddable":true,"href":"https:\/\/roveyayinevi.com.tr\/index.php\/wp-json\/wp\/v2\/product_brand?post=773934"},{"taxonomy":"product_cat","embeddable":true,"href":"https:\/\/roveyayinevi.com.tr\/index.php\/wp-json\/wp\/v2\/product_cat?post=773934"},{"taxonomy":"product_tag","embeddable":true,"href":"https:\/\/roveyayinevi.com.tr\/index.php\/wp-json\/wp\/v2\/product_tag?post=773934"}],"curies":[{"name":"wp","href":"https:\/\/api.w.org\/{rel}","templated":true}]}}