{"id":773933,"date":"2025-08-28T16:34:49","date_gmt":"2025-08-28T13:34:49","guid":{"rendered":"https:\/\/roveyayinevi.com.tr\/index.php\/urun\/ciftlik-hisirtili-kumas-kitabim\/"},"modified":"2026-04-15T03:40:00","modified_gmt":"2026-04-15T00:40:00","slug":"ciftlik-hisirtili-kumas-kitabim","status":"publish","type":"product","link":"https:\/\/roveyayinevi.com.tr\/index.php\/urun\/ciftlik-hisirtili-kumas-kitabim\/","title":{"rendered":"\u00c7iftlik &#8211; H\u0131\u015f\u0131rt\u0131l\u0131 Kuma\u015f Kitab\u0131m"},"content":{"rendered":"<p>H\u0131\u015f\u0131r h\u0131\u015f\u0131r kuma\u015f kitab\u0131n senin ilk oyun arkada\u015f\u0131n olacak. Rengarenk sayfalardaki g\u00fczel resimlerle \u00e7iftlik hayvanlar\u0131n\u0131 \u00f6\u011frenecek, minicik ellerinden bu kitab\u0131 d\u00fc\u015f\u00fcremeyeceksin.   Erken \u00d6\u011frenme K\u0131lavuzu: D\u00fc\u015f\u00fcnme ve hayal etme Duyu organlar\u0131 geli\u015fimi 0+ ya\u015f i\u00e7in uygundur. <\/p>\n","protected":false},"excerpt":{"rendered":"<p>H\u0131\u015f\u0131r h\u0131\u015f\u0131r kuma\u015f kitab\u0131n senin ilk oyun arkada\u015f\u0131n olacak. Rengarenk sayfalardaki g\u00fczel resimlerle \u00e7iftlik hayvanlar\u0131n\u0131 \u00f6\u011frenecek, minicik ellerinden bu kitab\u0131 d\u00fc\u015f\u00fcremeyeceksin. Erken \u00d6\u011frenme K\u0131lavuzu: D\u00fc\u015f\u00fcnme ve<span class=\"excerpt-hellip\"> [\u2026]<\/span><\/p>\n","protected":false},"featured_media":0,"template":"","meta":{"_monsterinsights_skip_tracking":false,"_monsterinsights_sitenote_active":false,"_monsterinsights_sitenote_note":"","_monsterinsights_sitenote_category":0},"product_brand":[],"product_cat":[12274,12518],"product_tag":[],"class_list":{"0":"post-773933","1":"product","2":"type-product","3":"status-publish","5":"product_cat-cocuk-ve-genclik-kitaplari","6":"product_cat-okul-oncesi-kitaplar","7":"pa_cilt-ciltsiz","8":"pa_tur-kitap","9":"pa_yayinevi-indigo-cocuk","10":"pa_yazar-kolektif","12":"first","13":"instock","14":"sale","15":"shipping-taxable","16":"purchasable","17":"product-type-simple"},"_links":{"self":[{"href":"https:\/\/roveyayinevi.com.tr\/index.php\/wp-json\/wp\/v2\/product\/773933","targetHints":{"allow":["GET"]}}],"collection":[{"href":"https:\/\/roveyayinevi.com.tr\/index.php\/wp-json\/wp\/v2\/product"}],"about":[{"href":"https:\/\/roveyayinevi.com.tr\/index.php\/wp-json\/wp\/v2\/types\/product"}],"wp:attachment":[{"href":"https:\/\/roveyayinevi.com.tr\/index.php\/wp-json\/wp\/v2\/media?parent=773933"}],"wp:term":[{"taxonomy":"product_brand","embeddable":true,"href":"https:\/\/roveyayinevi.com.tr\/index.php\/wp-json\/wp\/v2\/product_brand?post=773933"},{"taxonomy":"product_cat","embeddable":true,"href":"https:\/\/roveyayinevi.com.tr\/index.php\/wp-json\/wp\/v2\/product_cat?post=773933"},{"taxonomy":"product_tag","embeddable":true,"href":"https:\/\/roveyayinevi.com.tr\/index.php\/wp-json\/wp\/v2\/product_tag?post=773933"}],"curies":[{"name":"wp","href":"https:\/\/api.w.org\/{rel}","templated":true}]}}