{"id":773932,"date":"2025-08-28T16:34:46","date_gmt":"2025-08-28T13:34:46","guid":{"rendered":"https:\/\/roveyayinevi.com.tr\/index.php\/urun\/icimizdeki-labirent-1-zihnin-kiyisinda\/"},"modified":"2026-04-15T03:40:00","modified_gmt":"2026-04-15T00:40:00","slug":"icimizdeki-labirent-1-zihnin-kiyisinda","status":"publish","type":"product","link":"https:\/\/roveyayinevi.com.tr\/index.php\/urun\/icimizdeki-labirent-1-zihnin-kiyisinda\/","title":{"rendered":"\u0130\u00e7imizdeki Labirent 1 \u2013 Zihnin K\u0131y\u0131s\u0131nda"},"content":{"rendered":"<p>Baz\u0131 an\u0131lar, istense de silinemez. Zihin, onlar\u0131 unutmu\u015f gibi yapar ama hi\u00e7biri sonsuza dek g\u00f6m\u00fcl\u00fc kalamaz. Ve bir g\u00fcn, o istenmeyen k\u00fcre, t\u00fcm s\u0131rlar\u0131, karanl\u0131\u011f\u0131 ve ac\u0131mas\u0131zl\u0131\u011f\u0131yla ortaya \u00e7\u0131kar.   S\u0131radan bir psikoloji \u00f6\u011frencisinin, okuldan at\u0131lan bir profes\u00f6r\u00fcyle \u00e7\u0131kt\u0131\u011f\u0131 bu yolculuk; \u0130stanbul\u2019un arka sokaklar\u0131ndan Peru\u2019nun g\u00f6lgeli s\u0131rtlar\u0131na, ge\u00e7mi\u015fin izlerinden zihnin en karanl\u0131k katmanlar\u0131na uzan\u0131yor. D\u0131\u015f d\u00fcnyada bir e\u011fitim gibi ba\u015flayan bu ser\u00fcven, i\u00e7 d\u00fcnyada \u00e7\u00f6z\u00fclmeye direnen d\u00fc\u011f\u00fcmlerin tek tek s\u00f6k\u00fcld\u00fc\u011f\u00fc bir d\u00f6n\u00fc\u015f\u00fcme evriliyor.   \u0130\u00e7imizdeki Labirent, insan zihninin kendi bodrum kat\u0131na ini\u015fini anlat\u0131yor. I\u015f\u0131k \u00fcst katlarda kal\u0131yor, zaman b\u00fck\u00fcl\u00fcyor.   Bir \u00f6\u011frencinin sand\u0131\u011f\u0131 kadar basit, bir hocan\u0131n planlad\u0131\u011f\u0131 kadar g\u00fcvenli olmayan bu yolculuk, bir noktadan sonra ger\u00e7e\u011fin de\u011fil, ger\u00e7e\u011fe ne kadar dayanabildi\u011fimizin hik\u00e2yesine d\u00f6n\u00fc\u015f\u00fcyor.   \u00c7\u00fcnk\u00fc bazen, kurtulmak istedi\u011fin \u015fey&#8230; sensin.   \u201cBazen, bir ba\u015fkas\u0131n\u0131n zihnine inmek i\u00e7in \u00f6nce kendi karanl\u0131\u011f\u0131ndan ge\u00e7men gerekir.\u201d <\/p>\n","protected":false},"excerpt":{"rendered":"<p>Baz\u0131 an\u0131lar, istense de silinemez. Zihin, onlar\u0131 unutmu\u015f gibi yapar ama hi\u00e7biri sonsuza dek g\u00f6m\u00fcl\u00fc kalamaz. Ve bir g\u00fcn, o istenmeyen k\u00fcre, t\u00fcm s\u0131rlar\u0131, karanl\u0131\u011f\u0131 ve<span class=\"excerpt-hellip\"> [\u2026]<\/span><\/p>\n","protected":false},"featured_media":0,"template":"","meta":{"_monsterinsights_skip_tracking":false,"_monsterinsights_sitenote_active":false,"_monsterinsights_sitenote_note":"","_monsterinsights_sitenote_category":0},"product_brand":[],"product_cat":[12291,14777],"product_tag":[],"class_list":{"0":"post-773932","1":"product","2":"type-product","3":"status-publish","5":"product_cat-edebiyat","6":"product_cat-fantastik","7":"pa_cilt-ciltsiz","8":"pa_tur-kitap","9":"pa_yayinevi-perseus","10":"pa_yazar-ali-nihat-sensan","12":"first","13":"instock","14":"sale","15":"shipping-taxable","16":"purchasable","17":"product-type-simple"},"_links":{"self":[{"href":"https:\/\/roveyayinevi.com.tr\/index.php\/wp-json\/wp\/v2\/product\/773932","targetHints":{"allow":["GET"]}}],"collection":[{"href":"https:\/\/roveyayinevi.com.tr\/index.php\/wp-json\/wp\/v2\/product"}],"about":[{"href":"https:\/\/roveyayinevi.com.tr\/index.php\/wp-json\/wp\/v2\/types\/product"}],"wp:attachment":[{"href":"https:\/\/roveyayinevi.com.tr\/index.php\/wp-json\/wp\/v2\/media?parent=773932"}],"wp:term":[{"taxonomy":"product_brand","embeddable":true,"href":"https:\/\/roveyayinevi.com.tr\/index.php\/wp-json\/wp\/v2\/product_brand?post=773932"},{"taxonomy":"product_cat","embeddable":true,"href":"https:\/\/roveyayinevi.com.tr\/index.php\/wp-json\/wp\/v2\/product_cat?post=773932"},{"taxonomy":"product_tag","embeddable":true,"href":"https:\/\/roveyayinevi.com.tr\/index.php\/wp-json\/wp\/v2\/product_tag?post=773932"}],"curies":[{"name":"wp","href":"https:\/\/api.w.org\/{rel}","templated":true}]}}