{"id":773931,"date":"2025-08-28T16:34:44","date_gmt":"2025-08-28T13:34:44","guid":{"rendered":"https:\/\/roveyayinevi.com.tr\/index.php\/urun\/derinlerde-altin-balik\/"},"modified":"2026-04-08T03:37:04","modified_gmt":"2026-04-08T00:37:04","slug":"derinlerde-altin-balik","status":"publish","type":"product","link":"https:\/\/roveyayinevi.com.tr\/index.php\/urun\/derinlerde-altin-balik\/","title":{"rendered":"Derinlerde \u2013 Alt\u0131n Bal\u0131k"},"content":{"rendered":"<p>Baz\u0131 insanlar erken g\u00f6\u00e7er, baz\u0131lar\u0131ysa ya\u015farken eksiltir sevdiklerini. Baz\u0131 kay\u0131plarsa, eski bir teknenin pasl\u0131 g\u00fcvertesinde y\u0131llarca sessizli\u011fe g\u00f6m\u00fcl\u00fcr&#8230; Kerem Amca&#8217;n\u0131n ellerinde art\u0131k ne gen\u00e7lik kalm\u0131\u015ft\u0131r, ne de eski \u0131\u015f\u0131lt\u0131s\u0131. Ama h\u00e2l\u00e2 bir d\u00fcmen tutuyordur r\u00fczg\u00e2ra kar\u015f\u0131. \u00c7\u00fcnk\u00fc bazen adalet, ihtiyar bir bal\u0131k\u00e7\u0131n\u0131n ellerinde kurulur. \u201cDerinlerde: Alt\u0131n Bal\u0131k\u201d, nostaljiyle adaletin, a\u015fk ile vedan\u0131n, gen\u00e7likle ihtiyarl\u0131\u011f\u0131n \u00e7arp\u0131\u015ft\u0131\u011f\u0131 bir hik\u00e2ye. Seksen \u00fc\u00e7 ya\u015f\u0131ndaki bir adam, yaln\u0131zca ge\u00e7mi\u015fin hayaletleriyle de\u011fil, bug\u00fcn\u00fcn \u00e7\u00fcr\u00fcm\u00fc\u015f vicdanlar\u0131yla da y\u00fczle\u015fiyor. Bu, zaman\u0131n unuttuklar\u0131na bor\u00e7 \u00f6deyenlerin roman\u0131. Bu, ikinci \u015fans\u0131 olmayanlar\u0131n hik\u00e2yesi. E\u011fer kalbin h\u00e2l\u00e2 hissedebiliyorsa\u2026 Bu hik\u00e2yede mutlaka sana tan\u0131d\u0131k bir umut bulacaks\u0131n. <\/p>\n","protected":false},"excerpt":{"rendered":"<p>Baz\u0131 insanlar erken g\u00f6\u00e7er, baz\u0131lar\u0131ysa ya\u015farken eksiltir sevdiklerini. Baz\u0131 kay\u0131plarsa, eski bir teknenin pasl\u0131 g\u00fcvertesinde y\u0131llarca sessizli\u011fe g\u00f6m\u00fcl\u00fcr&#8230; Kerem Amca&#8217;n\u0131n ellerinde art\u0131k ne gen\u00e7lik kalm\u0131\u015ft\u0131r, ne<span class=\"excerpt-hellip\"> [\u2026]<\/span><\/p>\n","protected":false},"featured_media":0,"template":"","meta":{"_monsterinsights_skip_tracking":false,"_monsterinsights_sitenote_active":false,"_monsterinsights_sitenote_note":"","_monsterinsights_sitenote_category":0},"product_brand":[],"product_cat":[12291,12711],"product_tag":[],"class_list":{"0":"post-773931","1":"product","2":"type-product","3":"status-publish","5":"product_cat-edebiyat","6":"product_cat-roman-oyku","7":"pa_cilt-ciltsiz","8":"pa_tur-kitap","9":"pa_yayinevi-perseus","10":"pa_yazar-ali-nihat-sensan","12":"first","13":"instock","14":"sale","15":"shipping-taxable","16":"purchasable","17":"product-type-simple"},"_links":{"self":[{"href":"https:\/\/roveyayinevi.com.tr\/index.php\/wp-json\/wp\/v2\/product\/773931","targetHints":{"allow":["GET"]}}],"collection":[{"href":"https:\/\/roveyayinevi.com.tr\/index.php\/wp-json\/wp\/v2\/product"}],"about":[{"href":"https:\/\/roveyayinevi.com.tr\/index.php\/wp-json\/wp\/v2\/types\/product"}],"wp:attachment":[{"href":"https:\/\/roveyayinevi.com.tr\/index.php\/wp-json\/wp\/v2\/media?parent=773931"}],"wp:term":[{"taxonomy":"product_brand","embeddable":true,"href":"https:\/\/roveyayinevi.com.tr\/index.php\/wp-json\/wp\/v2\/product_brand?post=773931"},{"taxonomy":"product_cat","embeddable":true,"href":"https:\/\/roveyayinevi.com.tr\/index.php\/wp-json\/wp\/v2\/product_cat?post=773931"},{"taxonomy":"product_tag","embeddable":true,"href":"https:\/\/roveyayinevi.com.tr\/index.php\/wp-json\/wp\/v2\/product_tag?post=773931"}],"curies":[{"name":"wp","href":"https:\/\/api.w.org\/{rel}","templated":true}]}}