{"id":773930,"date":"2025-08-28T16:34:41","date_gmt":"2025-08-28T13:34:41","guid":{"rendered":"https:\/\/roveyayinevi.com.tr\/index.php\/urun\/333\/"},"modified":"2026-04-15T03:40:00","modified_gmt":"2026-04-15T00:40:00","slug":"333","status":"publish","type":"product","link":"https:\/\/roveyayinevi.com.tr\/index.php\/urun\/333\/","title":{"rendered":"333"},"content":{"rendered":"<p>Otuz \u00fc\u00e7 y\u0131l sonra d\u00f6ng\u00fc yeniden ba\u015flad\u0131. Zaman\u0131n k\u0131r\u0131lm\u0131\u015f aynalar\u0131nda yank\u0131lanan f\u0131s\u0131lt\u0131lar seni \u00e7a\u011f\u0131r\u0131yor. Her ad\u0131m\u0131n bir s\u0131rra, her sessizli\u011fin bir yank\u0131ya d\u00f6n\u00fc\u015ft\u00fc\u011f\u00fc bu yolculukta art\u0131k geri d\u00f6n\u00fc\u015f yok. Gizemle \u00f6r\u00fclm\u00fc\u015f kap\u0131lar birer birer aralan\u0131rken, kaybettik\u00e7e \u00e7o\u011falacak, \u00e7o\u011fald\u0131k\u00e7a eksileceksin. \u00c7\u00fcnk\u00fc bu yol, g\u00f6r\u00fcnenin ard\u0131ndaki hakikate \u00e7\u0131kan bir ge\u00e7ittir. Kaderini bir ba\u015fkas\u0131n\u0131n ellerinde arama. Onu yazacak olan sensin. Ne g\u00f6zya\u015f\u0131n seni kurtar\u0131r ne de \u015fik\u00e2yetlerin. Mazeretlerin y\u0131rt\u0131lm\u0131\u015f bir kefen gibi \u00f6n\u00fcne serilirken, korkular\u0131n zincir gibi ayaklar\u0131na dolanacak. Ama sen, i\u00e7indeki sesi dinlersen, o zincirleri k\u0131rabilir ve karanl\u0131\u011f\u0131n i\u00e7inden do\u011fan \u0131\u015f\u0131\u011f\u0131 bulabilirsin. Se\u00e7im senin, yol senin, ad\u0131mlar yaln\u0131zca sana ait. Bu kitap bir hik\u00e2ye de\u011fil. Bu kitap, i\u00e7inde uyuyan\u0131 uyand\u0131rmak i\u00e7in yaz\u0131ld\u0131. Harflerin ard\u0131nda sakl\u0131 kehanetler, sat\u0131rlarda k\u0131vr\u0131lm\u0131\u015f s\u0131rlar var. \u201c333\u201d yaln\u0131zca bir say\u0131 de\u011fil, bir \u00e7a\u011fr\u0131n\u0131n yank\u0131s\u0131, bir ruhun uyan\u0131\u015f\u0131. \u015eimdi g\u00f6zlerini kapa, kalbini a\u00e7 ve ilk ad\u0131m\u0131n\u0131 at. \u00c7\u00fcnk\u00fc bu defa yazg\u0131n\u0131 de\u011fil, kendini okuyacaks\u0131n. <\/p>\n","protected":false},"excerpt":{"rendered":"<p>Otuz \u00fc\u00e7 y\u0131l sonra d\u00f6ng\u00fc yeniden ba\u015flad\u0131. Zaman\u0131n k\u0131r\u0131lm\u0131\u015f aynalar\u0131nda yank\u0131lanan f\u0131s\u0131lt\u0131lar seni \u00e7a\u011f\u0131r\u0131yor. Her ad\u0131m\u0131n bir s\u0131rra, her sessizli\u011fin bir yank\u0131ya d\u00f6n\u00fc\u015ft\u00fc\u011f\u00fc bu yolculukta art\u0131k<span class=\"excerpt-hellip\"> [\u2026]<\/span><\/p>\n","protected":false},"featured_media":0,"template":"","meta":{"_monsterinsights_skip_tracking":false,"_monsterinsights_sitenote_active":false,"_monsterinsights_sitenote_note":"","_monsterinsights_sitenote_category":0},"product_brand":[],"product_cat":[12291,12711],"product_tag":[],"class_list":{"0":"post-773930","1":"product","2":"type-product","3":"status-publish","5":"product_cat-edebiyat","6":"product_cat-roman-oyku","7":"pa_cilt-ciltsiz","8":"pa_tur-kitap","9":"pa_yayinevi-elpis-yayinlari","10":"pa_yazar-tuncay-yildiz","12":"first","13":"instock","14":"sale","15":"shipping-taxable","16":"purchasable","17":"product-type-simple"},"_links":{"self":[{"href":"https:\/\/roveyayinevi.com.tr\/index.php\/wp-json\/wp\/v2\/product\/773930","targetHints":{"allow":["GET"]}}],"collection":[{"href":"https:\/\/roveyayinevi.com.tr\/index.php\/wp-json\/wp\/v2\/product"}],"about":[{"href":"https:\/\/roveyayinevi.com.tr\/index.php\/wp-json\/wp\/v2\/types\/product"}],"wp:attachment":[{"href":"https:\/\/roveyayinevi.com.tr\/index.php\/wp-json\/wp\/v2\/media?parent=773930"}],"wp:term":[{"taxonomy":"product_brand","embeddable":true,"href":"https:\/\/roveyayinevi.com.tr\/index.php\/wp-json\/wp\/v2\/product_brand?post=773930"},{"taxonomy":"product_cat","embeddable":true,"href":"https:\/\/roveyayinevi.com.tr\/index.php\/wp-json\/wp\/v2\/product_cat?post=773930"},{"taxonomy":"product_tag","embeddable":true,"href":"https:\/\/roveyayinevi.com.tr\/index.php\/wp-json\/wp\/v2\/product_tag?post=773930"}],"curies":[{"name":"wp","href":"https:\/\/api.w.org\/{rel}","templated":true}]}}