{"id":773929,"date":"2025-08-28T16:34:39","date_gmt":"2025-08-28T13:34:39","guid":{"rendered":"https:\/\/roveyayinevi.com.tr\/index.php\/urun\/totoronun-buyusu-2-kutsal-agacin-gardiyani\/"},"modified":"2026-04-15T03:40:00","modified_gmt":"2026-04-15T00:40:00","slug":"totoronun-buyusu-2-kutsal-agacin-gardiyani","status":"publish","type":"product","link":"https:\/\/roveyayinevi.com.tr\/index.php\/urun\/totoronun-buyusu-2-kutsal-agacin-gardiyani\/","title":{"rendered":"Totoro&#8217;nun B\u00fcy\u00fcs\u00fc \u2013 2 &#8211; Kutsal A\u011fac\u0131n Gardiyan\u0131"},"content":{"rendered":"<p>Zirveye ula\u015fmak kolayd\u0131r; as\u0131l mesele, orada kalabilmektir. Krali\u00e7enin g\u00fcc\u00fc k\u0131r\u0131ld\u0131. Bortog ve yolda\u015flar\u0131 ba\u015fkentin kontrol\u00fcn\u00fc ele ge\u00e7irdi. Borog diyarlar\u0131nda yeni bir d\u00fczen kuruluyor ve her yeni d\u00fczen, kendi karanl\u0131\u011f\u0131n\u0131 beraberinde getirir. Iss\u0131z Ova\u2019dan \u00f6zg\u00fcrl\u00fck i\u00e7in yola \u00e7\u0131kan Borostos art\u0131k bir kaya b\u00fcy\u00fcc\u00fcs\u00fc. Ta\u015flardan bir ordu kurdu, ama ger\u00e7ek sava\u015f \u015fimdi ba\u015fl\u0131yor: D\u00fc\u015fman g\u00fc\u00e7lerinin kar\u015f\u0131s\u0131nda oldu\u011fu gibi i\u00e7inde saklanan tamahkarlikla da sava\u015fmas\u0131 gerekiyor. Denizil\u2019in h\u00e2kimi Deren ise f\u0131rt\u0131nan\u0131n ortas\u0131nda halk\u0131n\u0131 korumaya \u00e7al\u0131\u015f\u0131yor. Politik zek\u00e2, sab\u0131r ve zamanlama! Elinde kalan tek silahlar bunlar. Ve Orman\u2019\u0131n kalbinde bir kadim kehanet yeniden yank\u0131lan\u0131yor. Totoro, Kutsal Sekoya\u2019n\u0131n tehdit alt\u0131nda oldu\u011funu hissediyor. D\u00fc\u015fman g\u00f6r\u00fcnm\u00fcyor, ama en sinsi karanl\u0131k daima g\u00f6r\u00fcnmeyen oland\u0131r. \u0130hanetlerin, s\u0131rlar\u0131n ve ka\u00e7\u0131n\u0131lmaz bir sava\u015f\u0131n e\u015fi\u011finde, herkes taraf\u0131n\u0131 se\u00e7ecek.   \u00c7\u00fcnk\u00fc bu topraklarda kader bazen sessizce,   topra\u011f\u0131n alt\u0131nda filizlenir\u2026 <\/p>\n","protected":false},"excerpt":{"rendered":"<p>Zirveye ula\u015fmak kolayd\u0131r; as\u0131l mesele, orada kalabilmektir. Krali\u00e7enin g\u00fcc\u00fc k\u0131r\u0131ld\u0131. Bortog ve yolda\u015flar\u0131 ba\u015fkentin kontrol\u00fcn\u00fc ele ge\u00e7irdi. Borog diyarlar\u0131nda yeni bir d\u00fczen kuruluyor ve her yeni<span class=\"excerpt-hellip\"> [\u2026]<\/span><\/p>\n","protected":false},"featured_media":0,"template":"","meta":{"_monsterinsights_skip_tracking":false,"_monsterinsights_sitenote_active":false,"_monsterinsights_sitenote_note":"","_monsterinsights_sitenote_category":0},"product_brand":[],"product_cat":[12291,14777],"product_tag":[],"class_list":{"0":"post-773929","1":"product","2":"type-product","3":"status-publish","5":"product_cat-edebiyat","6":"product_cat-fantastik","7":"pa_cilt-ciltsiz","8":"pa_tur-kitap","9":"pa_yayinevi-perseus","10":"pa_yazar-musa-turkarslan","12":"first","13":"instock","14":"sale","15":"shipping-taxable","16":"purchasable","17":"product-type-simple"},"_links":{"self":[{"href":"https:\/\/roveyayinevi.com.tr\/index.php\/wp-json\/wp\/v2\/product\/773929","targetHints":{"allow":["GET"]}}],"collection":[{"href":"https:\/\/roveyayinevi.com.tr\/index.php\/wp-json\/wp\/v2\/product"}],"about":[{"href":"https:\/\/roveyayinevi.com.tr\/index.php\/wp-json\/wp\/v2\/types\/product"}],"wp:attachment":[{"href":"https:\/\/roveyayinevi.com.tr\/index.php\/wp-json\/wp\/v2\/media?parent=773929"}],"wp:term":[{"taxonomy":"product_brand","embeddable":true,"href":"https:\/\/roveyayinevi.com.tr\/index.php\/wp-json\/wp\/v2\/product_brand?post=773929"},{"taxonomy":"product_cat","embeddable":true,"href":"https:\/\/roveyayinevi.com.tr\/index.php\/wp-json\/wp\/v2\/product_cat?post=773929"},{"taxonomy":"product_tag","embeddable":true,"href":"https:\/\/roveyayinevi.com.tr\/index.php\/wp-json\/wp\/v2\/product_tag?post=773929"}],"curies":[{"name":"wp","href":"https:\/\/api.w.org\/{rel}","templated":true}]}}