{"id":773928,"date":"2025-08-28T16:34:36","date_gmt":"2025-08-28T13:34:36","guid":{"rendered":"https:\/\/roveyayinevi.com.tr\/index.php\/urun\/mutlulugun-alternatif-tarihi\/"},"modified":"2026-04-15T03:40:00","modified_gmt":"2026-04-15T00:40:00","slug":"mutlulugun-alternatif-tarihi","status":"publish","type":"product","link":"https:\/\/roveyayinevi.com.tr\/index.php\/urun\/mutlulugun-alternatif-tarihi\/","title":{"rendered":"Mutlulu\u011fun Alternatif Tarihi"},"content":{"rendered":"<p>Klasik eserlerde sakl\u0131 mutlulu\u011fun s\u0131rlar\u0131n\u0131 ke\u015ffetmek i\u00e7in asla ge\u00e7 de\u011fil&#8230; Bug\u00fcn duydu\u011fumuz pek \u00e7ok ki\u015fisel geli\u015fim \u00f6\u011f\u00fcd\u00fc \u2013an\u0131 ya\u015famak, basit \u015feylerle yetinmek, zihni dinginle\u015ftirmek\u2013 asl\u0131nda iki bin y\u0131l \u00f6ncesinin dizelerinde, oyunlar\u0131nda ve felsefi metinlerinde \u00e7oktan s\u00f6ylenmi\u015fti. Horatius\u2019un \u015fiirlerinde, Ovidius\u2019un hik\u00e2yelerinde, Marcus Aurelius\u2019un d\u00fc\u015f\u00fcncelerinde&#8230; Ama biz, bu zamans\u0131z bilgeli\u011fin yaln\u0131zca g\u00f6lgesini g\u00f6r\u00fcyoruz. \u015eair ve filolog Juan Antonio Gonz\u00e1lez Iglesias, klasiklerin i\u00e7indeki hakiki mutluluk aray\u0131\u015f\u0131n\u0131 g\u00fcn y\u00fcz\u00fcne \u00e7\u0131kar\u0131yor. Antik d\u00fcnyan\u0131n b\u00fcy\u00fck yazarlar\u0131n\u0131 g\u00fcn\u00fcm\u00fczle bulu\u015fturuyor; suland\u0131r\u0131lmam\u0131\u015f, sahici kaynaklara d\u00f6nerek daha derin bir ya\u015fam anlay\u0131\u015f\u0131na kap\u0131 aral\u0131yor. Yunan ve Roma d\u00f6nemine d\u00f6nerek, bug\u00fcn nas\u0131l daha mutlu ya\u015fayaca\u011f\u0131m\u0131z\u0131 anlat\u0131yor. Mutlulu\u011fun s\u0131rr\u0131, tahmin etti\u011finizden \u00e7ok daha eski olabilir. <\/p>\n","protected":false},"excerpt":{"rendered":"<p>Klasik eserlerde sakl\u0131 mutlulu\u011fun s\u0131rlar\u0131n\u0131 ke\u015ffetmek i\u00e7in asla ge\u00e7 de\u011fil&#8230; Bug\u00fcn duydu\u011fumuz pek \u00e7ok ki\u015fisel geli\u015fim \u00f6\u011f\u00fcd\u00fc \u2013an\u0131 ya\u015famak, basit \u015feylerle yetinmek, zihni dinginle\u015ftirmek\u2013 asl\u0131nda iki<span class=\"excerpt-hellip\"> [\u2026]<\/span><\/p>\n","protected":false},"featured_media":0,"template":"","meta":{"_monsterinsights_skip_tracking":false,"_monsterinsights_sitenote_active":false,"_monsterinsights_sitenote_note":"","_monsterinsights_sitenote_category":0},"product_brand":[],"product_cat":[13072,12291],"product_tag":[],"class_list":{"0":"post-773928","1":"product","2":"type-product","3":"status-publish","5":"product_cat-arastirma-inceleme-referans","6":"product_cat-edebiyat","7":"pa_cilt-ciltsiz","8":"pa_tur-kitap","9":"pa_yayinevi-irene-kitap","10":"pa_yazar-juan-antonio-gonzalez-iglesias","12":"first","13":"instock","14":"sale","15":"shipping-taxable","16":"purchasable","17":"product-type-simple"},"_links":{"self":[{"href":"https:\/\/roveyayinevi.com.tr\/index.php\/wp-json\/wp\/v2\/product\/773928","targetHints":{"allow":["GET"]}}],"collection":[{"href":"https:\/\/roveyayinevi.com.tr\/index.php\/wp-json\/wp\/v2\/product"}],"about":[{"href":"https:\/\/roveyayinevi.com.tr\/index.php\/wp-json\/wp\/v2\/types\/product"}],"wp:attachment":[{"href":"https:\/\/roveyayinevi.com.tr\/index.php\/wp-json\/wp\/v2\/media?parent=773928"}],"wp:term":[{"taxonomy":"product_brand","embeddable":true,"href":"https:\/\/roveyayinevi.com.tr\/index.php\/wp-json\/wp\/v2\/product_brand?post=773928"},{"taxonomy":"product_cat","embeddable":true,"href":"https:\/\/roveyayinevi.com.tr\/index.php\/wp-json\/wp\/v2\/product_cat?post=773928"},{"taxonomy":"product_tag","embeddable":true,"href":"https:\/\/roveyayinevi.com.tr\/index.php\/wp-json\/wp\/v2\/product_tag?post=773928"}],"curies":[{"name":"wp","href":"https:\/\/api.w.org\/{rel}","templated":true}]}}