{"id":773927,"date":"2025-08-28T16:34:34","date_gmt":"2025-08-28T13:34:34","guid":{"rendered":"https:\/\/roveyayinevi.com.tr\/index.php\/urun\/gizli-yediler-gizli-yediler-1-kitap\/"},"modified":"2026-04-15T03:40:00","modified_gmt":"2026-04-15T00:40:00","slug":"gizli-yediler-gizli-yediler-1-kitap","status":"publish","type":"product","link":"https:\/\/roveyayinevi.com.tr\/index.php\/urun\/gizli-yediler-gizli-yediler-1-kitap\/","title":{"rendered":"Gizli Yediler &#8211; Gizli Yediler (1. Kitap)"},"content":{"rendered":"<p>\u00c7ocuk edebiyat\u0131n\u0131n unutulmaz yazarlar\u0131ndan Enid Blyton\u2019\u0131n nesiller boyunca okunan, pek \u00e7ok dile \u00e7evrilen serisi G\u0130ZL\u0130 YED\u0130LER ba\u015fl\u0131yor! Usta \u00e7izer Tony Ross\u2019un resimledi\u011fi bu seri, 9 ya\u015f ve \u00fcst\u00fc t\u00fcm \u00e7ocuklar\u0131 macera ve heyecan dolu, keyifli bir okuma deneyimine davet ediyor. Gizemli olaylar\u0131 ara\u015ft\u0131rmay\u0131 seven yedi arkada\u015f bir dedektiflik kulu\u0308bu\u0308 kuruyor: G\u0130ZL\u0130 YED\u0130LER. \u015eimdi s\u0131ra \u00c7OK G\u0130ZL\u0130 bir toplant\u0131 yapmakta. (Dikkat! Toplant\u0131ya yaln\u0131zca \u015fifreyi bilenler kat\u0131labilir.) Bu toplant\u0131da, \u00e7\u00f6zu\u0308lmeyi bekleyen birbirinden esrarengiz olaylar konu\u015fulacak. Jack, terkedilmi\u015f bir evin \u00e7evresinde tuhaf sesler duydu ve bir \u015feylerin ters gitti\u011finden \u015fu\u0308phelendi. Acaba i\u00e7eride mahsur kalan biri mi var? Gizli Yediler gizemi \u00e7\u00f6zmek i\u00e7in hemen harekete ge\u00e7meli! <\/p>\n","protected":false},"excerpt":{"rendered":"<p>\u00c7ocuk edebiyat\u0131n\u0131n unutulmaz yazarlar\u0131ndan Enid Blyton\u2019\u0131n nesiller boyunca okunan, pek \u00e7ok dile \u00e7evrilen serisi G\u0130ZL\u0130 YED\u0130LER ba\u015fl\u0131yor! Usta \u00e7izer Tony Ross\u2019un resimledi\u011fi bu seri, 9 ya\u015f<span class=\"excerpt-hellip\"> [\u2026]<\/span><\/p>\n","protected":false},"featured_media":0,"template":"","meta":{"_monsterinsights_skip_tracking":false,"_monsterinsights_sitenote_active":false,"_monsterinsights_sitenote_note":"","_monsterinsights_sitenote_category":0},"product_brand":[],"product_cat":[12274,12284],"product_tag":[],"class_list":{"0":"post-773927","1":"product","2":"type-product","3":"status-publish","5":"product_cat-cocuk-ve-genclik-kitaplari","6":"product_cat-hikayeler","7":"pa_cilt-ciltsiz","8":"pa_tur-kitap","9":"pa_yayinevi-redhouse-kidz-yayinlari","10":"pa_yazar-enid-blyton","12":"first","13":"instock","14":"sale","15":"shipping-taxable","16":"purchasable","17":"product-type-simple"},"_links":{"self":[{"href":"https:\/\/roveyayinevi.com.tr\/index.php\/wp-json\/wp\/v2\/product\/773927","targetHints":{"allow":["GET"]}}],"collection":[{"href":"https:\/\/roveyayinevi.com.tr\/index.php\/wp-json\/wp\/v2\/product"}],"about":[{"href":"https:\/\/roveyayinevi.com.tr\/index.php\/wp-json\/wp\/v2\/types\/product"}],"wp:attachment":[{"href":"https:\/\/roveyayinevi.com.tr\/index.php\/wp-json\/wp\/v2\/media?parent=773927"}],"wp:term":[{"taxonomy":"product_brand","embeddable":true,"href":"https:\/\/roveyayinevi.com.tr\/index.php\/wp-json\/wp\/v2\/product_brand?post=773927"},{"taxonomy":"product_cat","embeddable":true,"href":"https:\/\/roveyayinevi.com.tr\/index.php\/wp-json\/wp\/v2\/product_cat?post=773927"},{"taxonomy":"product_tag","embeddable":true,"href":"https:\/\/roveyayinevi.com.tr\/index.php\/wp-json\/wp\/v2\/product_tag?post=773927"}],"curies":[{"name":"wp","href":"https:\/\/api.w.org\/{rel}","templated":true}]}}