{"id":773926,"date":"2025-08-28T16:34:32","date_gmt":"2025-08-28T13:34:32","guid":{"rendered":"https:\/\/roveyayinevi.com.tr\/index.php\/urun\/gizli-yediler-gizli-yediler-macerasi-2-kitap\/"},"modified":"2026-04-15T03:40:00","modified_gmt":"2026-04-15T00:40:00","slug":"gizli-yediler-gizli-yediler-macerasi-2-kitap","status":"publish","type":"product","link":"https:\/\/roveyayinevi.com.tr\/index.php\/urun\/gizli-yediler-gizli-yediler-macerasi-2-kitap\/","title":{"rendered":"Gizli Yediler &#8211; Gizli Yediler Maceras\u0131 (2. Kitap)"},"content":{"rendered":"<p>\u00c7ocuk edebiyat\u0131n\u0131n unutulmaz yazarlar\u0131ndan Enid Blyton\u2019\u0131n nesiller boyunca okunan, pek \u00e7ok dile \u00e7evrilen serisi G\u0130ZL\u0130 YED\u0130LER\u2019de macera ikinci kitapla devam ediyor! Usta \u00e7izer Tony Ross\u2019un resimledi\u011fi bu seri 9 ya\u015f ve \u00fcst\u00fc t\u00fcm \u00e7ocuklar\u0131 macera ve heyecan dolu, keyifli bir okuma deneyimine davet ediyor. Milton Kona\u011f\u0131\u2019ndan \u00e7ok de\u011ferli bir kolye \u00e7al\u0131nd\u0131. Peter ve Colin h\u0131rs\u0131z\u0131 ka\u00e7arken g\u00f6ru\u0308nce Gizli Yediler bu gizemli olay\u0131n pe\u015fine du\u0308\u015fmeye karar verdi. Fakat bulduklar\u0131 ipu\u00e7lar\u0131n\u0131n -y\u0131rt\u0131k bir \u00e7orap, eski pu\u0308sku\u0308 bir kep, nereden geldi\u011fi belirsiz tuhaf yuvarlak izler hepsi de \u00e7ok kafa kar\u0131\u015ft\u0131r\u0131c\u0131yd\u0131! Acaba Gizli Yediler h\u0131rs\u0131z\u0131 ka\u00e7madan \u00f6nce yakalayabilecek mi? <\/p>\n","protected":false},"excerpt":{"rendered":"<p>\u00c7ocuk edebiyat\u0131n\u0131n unutulmaz yazarlar\u0131ndan Enid Blyton\u2019\u0131n nesiller boyunca okunan, pek \u00e7ok dile \u00e7evrilen serisi G\u0130ZL\u0130 YED\u0130LER\u2019de macera ikinci kitapla devam ediyor! Usta \u00e7izer Tony Ross\u2019un resimledi\u011fi<span class=\"excerpt-hellip\"> [\u2026]<\/span><\/p>\n","protected":false},"featured_media":0,"template":"","meta":{"_monsterinsights_skip_tracking":false,"_monsterinsights_sitenote_active":false,"_monsterinsights_sitenote_note":"","_monsterinsights_sitenote_category":0},"product_brand":[],"product_cat":[12274,12284],"product_tag":[],"class_list":{"0":"post-773926","1":"product","2":"type-product","3":"status-publish","5":"product_cat-cocuk-ve-genclik-kitaplari","6":"product_cat-hikayeler","7":"pa_cilt-ciltsiz","8":"pa_tur-kitap","9":"pa_yayinevi-redhouse-kidz-yayinlari","10":"pa_yazar-enid-blyton","12":"first","13":"instock","14":"sale","15":"shipping-taxable","16":"purchasable","17":"product-type-simple"},"_links":{"self":[{"href":"https:\/\/roveyayinevi.com.tr\/index.php\/wp-json\/wp\/v2\/product\/773926","targetHints":{"allow":["GET"]}}],"collection":[{"href":"https:\/\/roveyayinevi.com.tr\/index.php\/wp-json\/wp\/v2\/product"}],"about":[{"href":"https:\/\/roveyayinevi.com.tr\/index.php\/wp-json\/wp\/v2\/types\/product"}],"wp:attachment":[{"href":"https:\/\/roveyayinevi.com.tr\/index.php\/wp-json\/wp\/v2\/media?parent=773926"}],"wp:term":[{"taxonomy":"product_brand","embeddable":true,"href":"https:\/\/roveyayinevi.com.tr\/index.php\/wp-json\/wp\/v2\/product_brand?post=773926"},{"taxonomy":"product_cat","embeddable":true,"href":"https:\/\/roveyayinevi.com.tr\/index.php\/wp-json\/wp\/v2\/product_cat?post=773926"},{"taxonomy":"product_tag","embeddable":true,"href":"https:\/\/roveyayinevi.com.tr\/index.php\/wp-json\/wp\/v2\/product_tag?post=773926"}],"curies":[{"name":"wp","href":"https:\/\/api.w.org\/{rel}","templated":true}]}}