{"id":773925,"date":"2025-08-28T16:34:30","date_gmt":"2025-08-28T13:34:30","guid":{"rendered":"https:\/\/roveyayinevi.com.tr\/index.php\/urun\/gizli-yediler-aferin-gizli-yediler-3-kitap\/"},"modified":"2026-04-15T03:40:00","modified_gmt":"2026-04-15T00:40:00","slug":"gizli-yediler-aferin-gizli-yediler-3-kitap","status":"publish","type":"product","link":"https:\/\/roveyayinevi.com.tr\/index.php\/urun\/gizli-yediler-aferin-gizli-yediler-3-kitap\/","title":{"rendered":"Gizli Yediler \u2013 Aferin Gizli Yediler (3. Kitap)"},"content":{"rendered":"<p>\u00c7ocuk edebiyat\u0131n\u0131n unutulmaz yazarlar\u0131ndan Enid Blyton\u2019\u0131n nesiller boyunca okunan, pek \u00e7ok dile \u00e7evrilen serisi G\u0130ZL\u0130 YED\u0130LER\u2019de macera \u00fc\u00e7\u00fcnc\u00fc kitapla devam ediyor! Usta \u00e7izer Tony Ross\u2019un resimledi\u011fi bu seri 9 ya\u015f ve \u00fcst\u00fc t\u00fcm \u00e7ocuklar\u0131 macera ve heyecan dolu, keyifli bir okuma deneyimine davet ediyor. Gizli Yediler\u2019in \u00e7ok gizli toplant\u0131lar\u0131 devam ediyor! Toplanmak i\u00e7in yepyeni ve heyecan verici bir yer buldular: Ru\u0308zg\u00e2rl\u0131 Koru\u2019da bir a\u011fa\u00e7 ev! Fakat bir yabanc\u0131n\u0131n gizlice orada ya\u015fad\u0131\u011f\u0131n\u0131 ke\u015ffedince i\u015fler de\u011fi\u015fti. \u00dcstu\u0308ne u\u0308stlu\u0308k, davetsiz misafirin tehlikeli bir gizemin par\u00e7as\u0131 oldu\u011funu \u00f6\u011frenmek \u00e7ok endi\u015fe vericiydi! Gizli Yediler acaba \u00e7ok ge\u00e7 olmadan i\u015fin asl\u0131n\u0131 ortaya \u00e7\u0131karabilecek mi? <\/p>\n","protected":false},"excerpt":{"rendered":"<p>\u00c7ocuk edebiyat\u0131n\u0131n unutulmaz yazarlar\u0131ndan Enid Blyton\u2019\u0131n nesiller boyunca okunan, pek \u00e7ok dile \u00e7evrilen serisi G\u0130ZL\u0130 YED\u0130LER\u2019de macera \u00fc\u00e7\u00fcnc\u00fc kitapla devam ediyor! Usta \u00e7izer Tony Ross\u2019un resimledi\u011fi<span class=\"excerpt-hellip\"> [\u2026]<\/span><\/p>\n","protected":false},"featured_media":0,"template":"","meta":{"_monsterinsights_skip_tracking":false,"_monsterinsights_sitenote_active":false,"_monsterinsights_sitenote_note":"","_monsterinsights_sitenote_category":0},"product_brand":[],"product_cat":[12274,12284],"product_tag":[],"class_list":{"0":"post-773925","1":"product","2":"type-product","3":"status-publish","5":"product_cat-cocuk-ve-genclik-kitaplari","6":"product_cat-hikayeler","7":"pa_cilt-ciltsiz","8":"pa_tur-kitap","9":"pa_yayinevi-redhouse-kidz-yayinlari","10":"pa_yazar-enid-blyton","12":"first","13":"instock","14":"sale","15":"shipping-taxable","16":"purchasable","17":"product-type-simple"},"_links":{"self":[{"href":"https:\/\/roveyayinevi.com.tr\/index.php\/wp-json\/wp\/v2\/product\/773925","targetHints":{"allow":["GET"]}}],"collection":[{"href":"https:\/\/roveyayinevi.com.tr\/index.php\/wp-json\/wp\/v2\/product"}],"about":[{"href":"https:\/\/roveyayinevi.com.tr\/index.php\/wp-json\/wp\/v2\/types\/product"}],"wp:attachment":[{"href":"https:\/\/roveyayinevi.com.tr\/index.php\/wp-json\/wp\/v2\/media?parent=773925"}],"wp:term":[{"taxonomy":"product_brand","embeddable":true,"href":"https:\/\/roveyayinevi.com.tr\/index.php\/wp-json\/wp\/v2\/product_brand?post=773925"},{"taxonomy":"product_cat","embeddable":true,"href":"https:\/\/roveyayinevi.com.tr\/index.php\/wp-json\/wp\/v2\/product_cat?post=773925"},{"taxonomy":"product_tag","embeddable":true,"href":"https:\/\/roveyayinevi.com.tr\/index.php\/wp-json\/wp\/v2\/product_tag?post=773925"}],"curies":[{"name":"wp","href":"https:\/\/api.w.org\/{rel}","templated":true}]}}