{"id":773923,"date":"2025-08-28T16:34:26","date_gmt":"2025-08-28T13:34:26","guid":{"rendered":"https:\/\/roveyayinevi.com.tr\/index.php\/urun\/sonsuza-dek-mutlu-boyama-disney-prenses\/"},"modified":"2026-04-15T03:40:00","modified_gmt":"2026-04-15T00:40:00","slug":"sonsuza-dek-mutlu-boyama-disney-prenses","status":"publish","type":"product","link":"https:\/\/roveyayinevi.com.tr\/index.php\/urun\/sonsuza-dek-mutlu-boyama-disney-prenses\/","title":{"rendered":"Sonsuza Dek Mutlu Boyama &#8211; Disney Prenses"},"content":{"rendered":"<p>Upuzun bir maceraya haz\u0131r m\u0131s\u0131n? 6 metre uzanan b\u00fcy\u00fcl\u00fc sahneleri istedi\u011fin gibi renklendir!   Rapunzel\u2019den Ariel\u2019e, Moana\u2019dan Sindirella\u2019ya t\u00fcm Disney prenseslerinin sonsuza dek mutlu ya\u015fad\u0131\u011f\u0131 maceralar\u0131 boya. \u015eaheserini tamamlad\u0131\u011f\u0131nda duvar\u0131na as! <\/p>\n","protected":false},"excerpt":{"rendered":"<p>Upuzun bir maceraya haz\u0131r m\u0131s\u0131n? 6 metre uzanan b\u00fcy\u00fcl\u00fc sahneleri istedi\u011fin gibi renklendir! Rapunzel\u2019den Ariel\u2019e, Moana\u2019dan Sindirella\u2019ya t\u00fcm Disney prenseslerinin sonsuza dek mutlu ya\u015fad\u0131\u011f\u0131 maceralar\u0131 boya.<span class=\"excerpt-hellip\"> [\u2026]<\/span><\/p>\n","protected":false},"featured_media":0,"template":"","meta":{"_monsterinsights_skip_tracking":false,"_monsterinsights_sitenote_active":false,"_monsterinsights_sitenote_note":"","_monsterinsights_sitenote_category":0},"product_brand":[],"product_cat":[12644,12274],"product_tag":[],"class_list":{"0":"post-773923","1":"product","2":"type-product","3":"status-publish","5":"product_cat-boyama-kitaplari","6":"product_cat-cocuk-ve-genclik-kitaplari","7":"pa_cilt-ciltsiz","8":"pa_tur-kitap","9":"pa_yayinevi-dogan-cocuk","10":"pa_yazar-kolektif","12":"first","13":"instock","14":"sale","15":"shipping-taxable","16":"purchasable","17":"product-type-simple"},"_links":{"self":[{"href":"https:\/\/roveyayinevi.com.tr\/index.php\/wp-json\/wp\/v2\/product\/773923","targetHints":{"allow":["GET"]}}],"collection":[{"href":"https:\/\/roveyayinevi.com.tr\/index.php\/wp-json\/wp\/v2\/product"}],"about":[{"href":"https:\/\/roveyayinevi.com.tr\/index.php\/wp-json\/wp\/v2\/types\/product"}],"wp:attachment":[{"href":"https:\/\/roveyayinevi.com.tr\/index.php\/wp-json\/wp\/v2\/media?parent=773923"}],"wp:term":[{"taxonomy":"product_brand","embeddable":true,"href":"https:\/\/roveyayinevi.com.tr\/index.php\/wp-json\/wp\/v2\/product_brand?post=773923"},{"taxonomy":"product_cat","embeddable":true,"href":"https:\/\/roveyayinevi.com.tr\/index.php\/wp-json\/wp\/v2\/product_cat?post=773923"},{"taxonomy":"product_tag","embeddable":true,"href":"https:\/\/roveyayinevi.com.tr\/index.php\/wp-json\/wp\/v2\/product_tag?post=773923"}],"curies":[{"name":"wp","href":"https:\/\/api.w.org\/{rel}","templated":true}]}}