{"id":773920,"date":"2025-08-28T16:34:20","date_gmt":"2025-08-28T13:34:20","guid":{"rendered":"https:\/\/roveyayinevi.com.tr\/index.php\/urun\/gokyuzunde-nehirler-var\/"},"modified":"2026-04-15T03:40:00","modified_gmt":"2026-04-15T00:40:00","slug":"gokyuzunde-nehirler-var","status":"publish","type":"product","link":"https:\/\/roveyayinevi.com.tr\/index.php\/urun\/gokyuzunde-nehirler-var\/","title":{"rendered":"G\u00f6ky\u00fcz\u00fcnde Nehirler Var"},"content":{"rendered":"<p>\u201cSu hat\u0131rlar. Unutan insand\u0131r.\u201d   Tek bir su damlas\u0131yla birbirine ba\u011flanan kay\u0131p bir \u015fiirin, iki b\u00fcy\u00fck nehrin ve \u00fc\u00e7 ola\u011fan\u00fcst\u00fc hayat\u0131n hik\u00e2yesi.   Mezopotamya\u2019n\u0131n antik \u015fehri Ninova\u2019da, Asur Kral\u0131\u2019n\u0131n kurdu\u011fu muhte\u015fem k\u00fct\u00fcphanenin kal\u0131nt\u0131lar\u0131nda, uzun zamand\u0131r unutulmu\u015f bir \u015fiirin, G\u0131lgam\u0131\u015f Destan\u0131\u2019n\u0131n par\u00e7alar\u0131 sakl\u0131d\u0131r.   Viktorya d\u00f6nemi Londra\u2019s\u0131nda, la\u011f\u0131mlarla dolu Thames Nehri\u2019nin k\u0131y\u0131s\u0131nda s\u0131ra d\u0131\u015f\u0131 bir \u00e7ocuk do\u011far. Arthur\u2019un yoksulluktan kurtulmas\u0131n\u0131n tek \u015fans\u0131 parlak haf\u0131zas\u0131d\u0131r. Yetene\u011fi ona bir matbaada \u00e7\u0131rak olarak \u00e7al\u0131\u015fma \u015fans\u0131 verdi\u011finde, Arthur\u2019un d\u00fcnyas\u0131 gecekondu mahallelerinin \u00e7ok \u00f6tesine a\u00e7\u0131l\u0131r. Onu denizlerin \u00f6tesine savuransa, bir kitap olacakt\u0131r: Ninova ve Kal\u0131nt\u0131lar\u0131.   2014 y\u0131l\u0131nda T\u00fcrkiye\u2019de, Dicle Nehri k\u0131y\u0131s\u0131nda ya\u015fayan Ezidi k\u0131z\u0131 Narin, Irak\u2019taki kutsal Lale\u015f\u2019ten getirilen suyla vaftiz edilmeyi bekler. T\u00f6ren yar\u0131da kesilince, b\u00fcy\u00fckannesi, rahats\u0131zl\u0131\u011f\u0131ndan dolay\u0131 yak\u0131nda sa\u011f\u0131r kalacak olan Narin\u2019i bir an \u00f6nce Lale\u015f Vadisi\u2019ne g\u00f6t\u00fcrmek ister ve bu u\u011furda, sava\u015ftan harap olmu\u015f topraklara yolculu\u011fa \u00e7\u0131karlar. 2018\u2019de Londra\u2019da, kalbi k\u0131r\u0131k bir hidrolog olan Z\u00fcleyha, evlili\u011finin enkaz\u0131ndan ka\u00e7mak i\u00e7in Thames Nehri \u00fczerindeki bir y\u00fczen eve ta\u015f\u0131n\u0131r. Yetim kalan ve zengin amcas\u0131 taraf\u0131ndan b\u00fcy\u00fct\u00fclen Z\u00fcleyha varl\u0131\u011f\u0131n\u0131n a\u011f\u0131rl\u0131\u011f\u0131n\u0131 ta\u015f\u0131yamaz, ta ki memleketiyle beklenmedik bir ba\u011f her \u015feyi de\u011fi\u015ftirene kadar. Zaman\u0131m\u0131z\u0131n en b\u00fcy\u00fck yazarlar\u0131ndan olan Elif \u015eafak\u2019tan, y\u00fczy\u0131llar\u0131 ve k\u0131talar\u0131 birle\u015ftiren g\u00f6z kama\u015ft\u0131r\u0131c\u0131 bir roman. <\/p>\n","protected":false},"excerpt":{"rendered":"<p>\u201cSu hat\u0131rlar. Unutan insand\u0131r.\u201d Tek bir su damlas\u0131yla birbirine ba\u011flanan kay\u0131p bir \u015fiirin, iki b\u00fcy\u00fck nehrin ve \u00fc\u00e7 ola\u011fan\u00fcst\u00fc hayat\u0131n hik\u00e2yesi. Mezopotamya\u2019n\u0131n antik \u015fehri Ninova\u2019da, Asur<span class=\"excerpt-hellip\"> [\u2026]<\/span><\/p>\n","protected":false},"featured_media":0,"template":"","meta":{"_monsterinsights_skip_tracking":false,"_monsterinsights_sitenote_active":false,"_monsterinsights_sitenote_note":"","_monsterinsights_sitenote_category":0},"product_brand":[],"product_cat":[13835],"product_tag":[],"class_list":{"0":"post-773920","1":"product","2":"type-product","3":"status-publish","5":"product_cat-cok-satanlar","6":"pa_cilt-ciltsiz","7":"pa_tur-kitap","8":"pa_yayinevi-dogan-kitap","9":"pa_yazar-elif-safak","11":"first","12":"instock","13":"sale","14":"shipping-taxable","15":"purchasable","16":"product-type-simple"},"_links":{"self":[{"href":"https:\/\/roveyayinevi.com.tr\/index.php\/wp-json\/wp\/v2\/product\/773920","targetHints":{"allow":["GET"]}}],"collection":[{"href":"https:\/\/roveyayinevi.com.tr\/index.php\/wp-json\/wp\/v2\/product"}],"about":[{"href":"https:\/\/roveyayinevi.com.tr\/index.php\/wp-json\/wp\/v2\/types\/product"}],"wp:attachment":[{"href":"https:\/\/roveyayinevi.com.tr\/index.php\/wp-json\/wp\/v2\/media?parent=773920"}],"wp:term":[{"taxonomy":"product_brand","embeddable":true,"href":"https:\/\/roveyayinevi.com.tr\/index.php\/wp-json\/wp\/v2\/product_brand?post=773920"},{"taxonomy":"product_cat","embeddable":true,"href":"https:\/\/roveyayinevi.com.tr\/index.php\/wp-json\/wp\/v2\/product_cat?post=773920"},{"taxonomy":"product_tag","embeddable":true,"href":"https:\/\/roveyayinevi.com.tr\/index.php\/wp-json\/wp\/v2\/product_tag?post=773920"}],"curies":[{"name":"wp","href":"https:\/\/api.w.org\/{rel}","templated":true}]}}