{"id":773919,"date":"2025-08-28T16:34:18","date_gmt":"2025-08-28T13:34:18","guid":{"rendered":"https:\/\/roveyayinevi.com.tr\/index.php\/urun\/berserk-12\/"},"modified":"2026-04-15T03:40:00","modified_gmt":"2026-04-15T00:40:00","slug":"berserk-12","status":"publish","type":"product","link":"https:\/\/roveyayinevi.com.tr\/index.php\/urun\/berserk-12\/","title":{"rendered":"Berserk 12"},"content":{"rendered":"<p>Esaretten kurtulan Griffith, peri\u015fan bir haldedir. H\u0131rs\u0131n sonu ve olup bitenlerin ac\u0131mas\u0131zl\u0131\u011f\u0131 gen\u00e7 adam\u0131n kalbini umutsuzlu\u011fa s\u00fcr\u00fckler. G\u00fcne\u015f g\u00f6\u011f\u00fcn ard\u0131na saklan\u0131r, hava garip bir hal al\u0131r ve tuhaf bir yarat\u0131k s\u00fcr\u00fcs\u00fc ortaya \u00e7\u0131kar. K\u0131z\u0131l Behelit farkl\u0131 bir boyuta kap\u0131 a\u00e7ar! \u201cTutulma\u201d zaman\u0131 gelmi\u015ftir! \u015eahin Ekibi, katliam ve kan ziyafetinin merkezinde kurban edilmek istenir. \u00d6fke, h\u00fcz\u00fcn, sevin\u00e7 ve ac\u0131\u2026 T\u00fcm duygular burada doruk noktas\u0131na ula\u015f\u0131r. Alt\u0131n \u00c7a\u011f\u2019\u0131n sonuna tan\u0131kl\u0131k etme vakti! <\/p>\n","protected":false},"excerpt":{"rendered":"<p>Esaretten kurtulan Griffith, peri\u015fan bir haldedir. H\u0131rs\u0131n sonu ve olup bitenlerin ac\u0131mas\u0131zl\u0131\u011f\u0131 gen\u00e7 adam\u0131n kalbini umutsuzlu\u011fa s\u00fcr\u00fckler. G\u00fcne\u015f g\u00f6\u011f\u00fcn ard\u0131na saklan\u0131r, hava garip bir hal al\u0131r<span class=\"excerpt-hellip\"> [\u2026]<\/span><\/p>\n","protected":false},"featured_media":0,"template":"","meta":{"_monsterinsights_skip_tracking":false,"_monsterinsights_sitenote_active":false,"_monsterinsights_sitenote_note":"","_monsterinsights_sitenote_category":0},"product_brand":[],"product_cat":[12416,12291],"product_tag":[],"class_list":{"0":"post-773919","1":"product","2":"type-product","3":"status-publish","5":"product_cat-cizgi-roman","6":"product_cat-edebiyat","7":"pa_cilt-ciltsiz","8":"pa_tur-kitap","9":"pa_yayinevi-athica-yayinlari","10":"pa_yazar-kentaro-miura","12":"first","13":"instock","14":"sale","15":"shipping-taxable","16":"purchasable","17":"product-type-simple"},"_links":{"self":[{"href":"https:\/\/roveyayinevi.com.tr\/index.php\/wp-json\/wp\/v2\/product\/773919","targetHints":{"allow":["GET"]}}],"collection":[{"href":"https:\/\/roveyayinevi.com.tr\/index.php\/wp-json\/wp\/v2\/product"}],"about":[{"href":"https:\/\/roveyayinevi.com.tr\/index.php\/wp-json\/wp\/v2\/types\/product"}],"wp:attachment":[{"href":"https:\/\/roveyayinevi.com.tr\/index.php\/wp-json\/wp\/v2\/media?parent=773919"}],"wp:term":[{"taxonomy":"product_brand","embeddable":true,"href":"https:\/\/roveyayinevi.com.tr\/index.php\/wp-json\/wp\/v2\/product_brand?post=773919"},{"taxonomy":"product_cat","embeddable":true,"href":"https:\/\/roveyayinevi.com.tr\/index.php\/wp-json\/wp\/v2\/product_cat?post=773919"},{"taxonomy":"product_tag","embeddable":true,"href":"https:\/\/roveyayinevi.com.tr\/index.php\/wp-json\/wp\/v2\/product_tag?post=773919"}],"curies":[{"name":"wp","href":"https:\/\/api.w.org\/{rel}","templated":true}]}}