{"id":773918,"date":"2025-08-28T16:34:15","date_gmt":"2025-08-28T13:34:15","guid":{"rendered":"https:\/\/roveyayinevi.com.tr\/index.php\/urun\/dogunun-son-ejderhasi\/"},"modified":"2026-04-11T14:44:25","modified_gmt":"2026-04-11T11:44:25","slug":"dogunun-son-ejderhasi","status":"publish","type":"product","link":"https:\/\/roveyayinevi.com.tr\/index.php\/urun\/dogunun-son-ejderhasi\/","title":{"rendered":"Do\u011funun Son Ejderhas\u0131"},"content":{"rendered":"<p>KAD\u0130M EJDERHA TANRILARI VE KADER\u0130N G\u00d6R\u00dcNMEZ \u0130PL\u0130KLER\u0130NDEN \u0130LHAM ALAN KATR\u0130NA KWAN, B\u00dcY\u00dc VE A\u015eKLA \u00d6R\u00dcL\u00dc B\u0130R MACERA SUNUYOR.   Yirmi be\u015f ya\u015f\u0131ndaki Sai, ruh e\u015fleri aras\u0131nda olu\u015fan kaderin k\u0131rm\u0131z\u0131 ipliklerini g\u00f6rebilmektedir. Hasta annesine bakarken bir yandan da zar zor ayakta duran aile \u00e7ayevini i\u015fletmekte olan gen\u00e7 adam; yetene\u011fi sayesinde de ba\u015far\u0131l\u0131 bir \u00e7\u00f6p\u00e7atan olarak hayat\u0131n\u0131 s\u00fcrd\u00fcrmektedir.   Sai\u2019nin s\u0131radan hayat\u0131, doktorunun annesine satt\u0131\u011f\u0131 ejderha pullar\u0131yla b\u00fcy\u00fck bir de\u011fi\u015fime u\u011frar. Pullar annesini iyile\u015ftirse de ac\u0131mas\u0131z imparator bu mucizevi ila\u00e7tan haberdar olur.   \u015eimdi Sai, imparatorun emrine uymak ve \u00e7oktan yok oldu\u011fu d\u00fc\u015f\u00fcn\u00fclen bir ejderhan\u0131n pe\u015fine d\u00fc\u015fmek zorunda kalm\u0131\u015ft\u0131r. H\u0131zla b\u00fcy\u00fcmekte olan bir sava\u015f\u0131n ortas\u0131nda b\u00fcy\u00fcl\u00fc ve \u00f6l\u00fcmc\u00fcl s\u0131navlarla y\u00fczle\u015fmek zorunda kalacakt\u0131r.   Ve \u00f6mr\u00fcnde ilk kez, kendi kader ipli\u011finin ucunda kim oldu\u011funu ke\u015ffedecektir\u2026   \u201cZamanlar\u0131 a\u015fan bir a\u015fk\u0131n y\u00fcrek s\u0131zlatan destan\u0131.\u201d   \u2014XIRAN JAY ZHAN, New York Times \u00e7ok satan yazar\u0131                                                                     \u201cBa\u015f d\u00f6nd\u00fcr\u00fcc\u00fc bir romantizmle \u00f6r\u00fcl\u00fc, soluksuz okunacak bir macera!\u201d   \u2014KESHE CHOW, The Girl With No Reflection kitab\u0131n\u0131n yazar\u0131 <\/p>\n","protected":false},"excerpt":{"rendered":"<p>KAD\u0130M EJDERHA TANRILARI VE KADER\u0130N G\u00d6R\u00dcNMEZ \u0130PL\u0130KLER\u0130NDEN \u0130LHAM ALAN KATR\u0130NA KWAN, B\u00dcY\u00dc VE A\u015eKLA \u00d6R\u00dcL\u00dc B\u0130R MACERA SUNUYOR. Yirmi be\u015f ya\u015f\u0131ndaki Sai, ruh e\u015fleri aras\u0131nda olu\u015fan<span class=\"excerpt-hellip\"> [\u2026]<\/span><\/p>\n","protected":false},"featured_media":0,"template":"","meta":{"_monsterinsights_skip_tracking":false,"_monsterinsights_sitenote_active":false,"_monsterinsights_sitenote_note":"","_monsterinsights_sitenote_category":0},"product_brand":[],"product_cat":[12291,12711],"product_tag":[],"class_list":{"0":"post-773918","1":"product","2":"type-product","3":"status-publish","5":"product_cat-edebiyat","6":"product_cat-roman-oyku","7":"pa_cilt-ciltsiz","8":"pa_tur-kitap","9":"pa_yayinevi-athica-yayinlari","10":"pa_yazar-katrina-kwan","12":"first","13":"instock","14":"sale","15":"shipping-taxable","16":"purchasable","17":"product-type-simple"},"_links":{"self":[{"href":"https:\/\/roveyayinevi.com.tr\/index.php\/wp-json\/wp\/v2\/product\/773918","targetHints":{"allow":["GET"]}}],"collection":[{"href":"https:\/\/roveyayinevi.com.tr\/index.php\/wp-json\/wp\/v2\/product"}],"about":[{"href":"https:\/\/roveyayinevi.com.tr\/index.php\/wp-json\/wp\/v2\/types\/product"}],"wp:attachment":[{"href":"https:\/\/roveyayinevi.com.tr\/index.php\/wp-json\/wp\/v2\/media?parent=773918"}],"wp:term":[{"taxonomy":"product_brand","embeddable":true,"href":"https:\/\/roveyayinevi.com.tr\/index.php\/wp-json\/wp\/v2\/product_brand?post=773918"},{"taxonomy":"product_cat","embeddable":true,"href":"https:\/\/roveyayinevi.com.tr\/index.php\/wp-json\/wp\/v2\/product_cat?post=773918"},{"taxonomy":"product_tag","embeddable":true,"href":"https:\/\/roveyayinevi.com.tr\/index.php\/wp-json\/wp\/v2\/product_tag?post=773918"}],"curies":[{"name":"wp","href":"https:\/\/api.w.org\/{rel}","templated":true}]}}