{"id":773916,"date":"2025-08-28T16:34:10","date_gmt":"2025-08-28T13:34:10","guid":{"rendered":"https:\/\/roveyayinevi.com.tr\/index.php\/urun\/kalbimdeki-dovme\/"},"modified":"2026-04-15T03:40:00","modified_gmt":"2026-04-15T00:40:00","slug":"kalbimdeki-dovme","status":"publish","type":"product","link":"https:\/\/roveyayinevi.com.tr\/index.php\/urun\/kalbimdeki-dovme\/","title":{"rendered":"Kalbimdeki D\u00f6vme"},"content":{"rendered":"<p>A\u015fk\u0131n iki y\u00fcz\u00fc vard\u0131r: Biri karanl\u0131k, biri ayd\u0131nl\u0131k. Griler ise insana hi\u00e7 heyecan vermez\u2026   \u00dc\u00e7 ku\u015fak, \u00fc\u00e7 kad\u0131n, \u00fc\u00e7 erkek\u2026 Kad\u0131nlar hep sessiz, hep g\u00fc\u00e7l\u00fc olmak zorunda. Kad\u0131nlar hep hayata kar\u015f\u0131 dimdik, omuzlar\u0131nda d\u00fcnyan\u0131n ve erkeklerin y\u00fck\u00fc\u2026 Otoriter erkekler, yaln\u0131z b\u0131rakan erkekler, doldurmas\u0131 gereken yeri dolduramayan erkekler\u2026 Susan kad\u0131nlar, m\u00fccadele eden kad\u0131nlar, i\u00e7indeki bo\u015flu\u011fu doldurmaya \u00e7al\u0131\u015fan kad\u0131nlar\u2026 \u00c7a\u011f\u0131m\u0131z\u0131n sorunu, i\u00e7imizde b\u00fcy\u00fcyen bo\u015fluk oldu. Hem kad\u0131nlar hem erkekler, i\u00e7indeki bo\u015flu\u011fu doldurma derdinde. Oysa bu bo\u015flu\u011fu ne g\u00fcnl\u00fck hazlar doldurabiliyor ne de beklentili kurulmu\u015f ili\u015fkiler. Ku\u015faklar, pe\u015f pe\u015fe birbirinin kaderini ya\u015f\u0131yor. D\u00f6vmeler art\u0131k teni a\u015ft\u0131, y\u00fcre\u011fe i\u015fleniyor\u2026   T\u00fcrk edebiyat\u0131n\u0131n gen\u00e7 ku\u015fak yazarlar\u0131ndan Derya Ta\u015fdemir\u2019in ger\u00e7ek hik\u00e2yelerden uyarlanan roman\u0131 Kalbimdeki D\u00f6vme, erkeklerin yaralad\u0131\u011f\u0131 kad\u0131nlar\u0131, kad\u0131nlar\u0131n yaralad\u0131\u011f\u0131 erkekleri anlat\u0131yor. \u0130\u00e7e dokunan, i\u00e7 ac\u0131tan, ruhu \u00f6rseleyen \u00fc\u00e7 ya\u015fam\u00f6yk\u00fcs\u00fc, bir roman\u2026 <\/p>\n","protected":false},"excerpt":{"rendered":"<p>A\u015fk\u0131n iki y\u00fcz\u00fc vard\u0131r: Biri karanl\u0131k, biri ayd\u0131nl\u0131k. Griler ise insana hi\u00e7 heyecan vermez\u2026 \u00dc\u00e7 ku\u015fak, \u00fc\u00e7 kad\u0131n, \u00fc\u00e7 erkek\u2026 Kad\u0131nlar hep sessiz, hep g\u00fc\u00e7l\u00fc olmak<span class=\"excerpt-hellip\"> [\u2026]<\/span><\/p>\n","protected":false},"featured_media":0,"template":"","meta":{"_monsterinsights_skip_tracking":false,"_monsterinsights_sitenote_active":false,"_monsterinsights_sitenote_note":"","_monsterinsights_sitenote_category":0},"product_brand":[],"product_cat":[12291,12711],"product_tag":[],"class_list":{"0":"post-773916","1":"product","2":"type-product","3":"status-publish","5":"product_cat-edebiyat","6":"product_cat-roman-oyku","7":"pa_cilt-ciltsiz","8":"pa_tur-kitap","9":"pa_yayinevi-destek-yayinlari","10":"pa_yazar-derya-tasdemir","12":"first","13":"instock","14":"sale","15":"shipping-taxable","16":"purchasable","17":"product-type-simple"},"_links":{"self":[{"href":"https:\/\/roveyayinevi.com.tr\/index.php\/wp-json\/wp\/v2\/product\/773916","targetHints":{"allow":["GET"]}}],"collection":[{"href":"https:\/\/roveyayinevi.com.tr\/index.php\/wp-json\/wp\/v2\/product"}],"about":[{"href":"https:\/\/roveyayinevi.com.tr\/index.php\/wp-json\/wp\/v2\/types\/product"}],"wp:attachment":[{"href":"https:\/\/roveyayinevi.com.tr\/index.php\/wp-json\/wp\/v2\/media?parent=773916"}],"wp:term":[{"taxonomy":"product_brand","embeddable":true,"href":"https:\/\/roveyayinevi.com.tr\/index.php\/wp-json\/wp\/v2\/product_brand?post=773916"},{"taxonomy":"product_cat","embeddable":true,"href":"https:\/\/roveyayinevi.com.tr\/index.php\/wp-json\/wp\/v2\/product_cat?post=773916"},{"taxonomy":"product_tag","embeddable":true,"href":"https:\/\/roveyayinevi.com.tr\/index.php\/wp-json\/wp\/v2\/product_tag?post=773916"}],"curies":[{"name":"wp","href":"https:\/\/api.w.org\/{rel}","templated":true}]}}