{"id":773915,"date":"2025-08-28T16:34:08","date_gmt":"2025-08-28T13:34:08","guid":{"rendered":"https:\/\/roveyayinevi.com.tr\/index.php\/urun\/berserk-10\/"},"modified":"2026-04-15T03:40:00","modified_gmt":"2026-04-15T00:40:00","slug":"berserk-10","status":"publish","type":"product","link":"https:\/\/roveyayinevi.com.tr\/index.php\/urun\/berserk-10\/","title":{"rendered":"Berserk 10"},"content":{"rendered":"<p>Guts, Wyndham\u2019daki kulenin en alt kat\u0131nda hapis tutulan Griffith\u2019i kurtarmak i\u00e7in eski yolda\u015flar\u0131na kat\u0131l\u0131r. Fakat orada \u015eahin Ekibi\u2019ni bekleyen yaln\u0131zca Midland Kral\u0131\u2019n\u0131n askerleri olmayacakt\u0131r. Biricik k\u0131z\u0131n\u0131 elinden ka\u00e7\u0131rd\u0131\u011f\u0131 i\u00e7in deliye d\u00f6nen kral, gizemli bir suikast birli\u011fi olan Bakiraka\u2019y\u0131 Guts\u2019\u0131n pe\u015fine takar. T\u00fcm bunlar olup biterken insan zihninin kavrayabilece\u011finin \u00e7ok ama \u00e7ok \u00f6tesinde olan \u201ck\u00f6t\u00fc\u201d bir varl\u0131k, yava\u015f yava\u015f yakla\u015fmaktad\u0131r.<\/p>\n","protected":false},"excerpt":{"rendered":"<p>Guts, Wyndham\u2019daki kulenin en alt kat\u0131nda hapis tutulan Griffith\u2019i kurtarmak i\u00e7in eski yolda\u015flar\u0131na kat\u0131l\u0131r. Fakat orada \u015eahin Ekibi\u2019ni bekleyen yaln\u0131zca Midland Kral\u0131\u2019n\u0131n askerleri olmayacakt\u0131r. Biricik k\u0131z\u0131n\u0131<span class=\"excerpt-hellip\"> [\u2026]<\/span><\/p>\n","protected":false},"featured_media":0,"template":"","meta":{"_monsterinsights_skip_tracking":false,"_monsterinsights_sitenote_active":false,"_monsterinsights_sitenote_note":"","_monsterinsights_sitenote_category":0},"product_brand":[],"product_cat":[12416,12291],"product_tag":[],"class_list":{"0":"post-773915","1":"product","2":"type-product","3":"status-publish","5":"product_cat-cizgi-roman","6":"product_cat-edebiyat","7":"pa_cilt-ciltsiz","8":"pa_tur-kitap","9":"pa_yayinevi-athica-yayinlari","10":"pa_yazar-kentaro-miura","12":"first","13":"instock","14":"sale","15":"shipping-taxable","16":"purchasable","17":"product-type-simple"},"_links":{"self":[{"href":"https:\/\/roveyayinevi.com.tr\/index.php\/wp-json\/wp\/v2\/product\/773915","targetHints":{"allow":["GET"]}}],"collection":[{"href":"https:\/\/roveyayinevi.com.tr\/index.php\/wp-json\/wp\/v2\/product"}],"about":[{"href":"https:\/\/roveyayinevi.com.tr\/index.php\/wp-json\/wp\/v2\/types\/product"}],"wp:attachment":[{"href":"https:\/\/roveyayinevi.com.tr\/index.php\/wp-json\/wp\/v2\/media?parent=773915"}],"wp:term":[{"taxonomy":"product_brand","embeddable":true,"href":"https:\/\/roveyayinevi.com.tr\/index.php\/wp-json\/wp\/v2\/product_brand?post=773915"},{"taxonomy":"product_cat","embeddable":true,"href":"https:\/\/roveyayinevi.com.tr\/index.php\/wp-json\/wp\/v2\/product_cat?post=773915"},{"taxonomy":"product_tag","embeddable":true,"href":"https:\/\/roveyayinevi.com.tr\/index.php\/wp-json\/wp\/v2\/product_tag?post=773915"}],"curies":[{"name":"wp","href":"https:\/\/api.w.org\/{rel}","templated":true}]}}