{"id":773914,"date":"2025-08-28T16:34:05","date_gmt":"2025-08-28T13:34:05","guid":{"rendered":"https:\/\/roveyayinevi.com.tr\/index.php\/urun\/berserk-9\/"},"modified":"2026-04-15T03:40:00","modified_gmt":"2026-04-15T00:40:00","slug":"berserk-9","status":"publish","type":"product","link":"https:\/\/roveyayinevi.com.tr\/index.php\/urun\/berserk-9\/","title":{"rendered":"Berserk 9"},"content":{"rendered":"<p>\u015eahin Ekibi\u2019nden ayr\u0131lan ve k\u0131l\u0131c\u0131n\u0131n g\u00f6t\u00fcrd\u00fc\u011f\u00fc yolda ilerlemeyi se\u00e7en Guts\u2019\u0131n kar\u015f\u0131s\u0131nda, \u00fcrk\u00fct\u00fcc\u00fc bir iskelet \u015f\u00f6valye belirir ve ona u\u011fursuz bir kehanette bulunur. Guts\u2019\u0131n gidi\u015fiyle y\u00fcre\u011finde a\u00e7\u0131lan bo\u015flukla birlikte Griffith, h\u0131rs\u0131n\u0131n esiri olur ve kendisini zora sokacak bir hamlede bulunur. Sava\u015f alan\u0131nda filizlenen dostluk, a\u015fk ve h\u0131rs\u0131n \u00fczerine, k\u00f6t\u00fcl\u00fck dolu bir arzunun g\u00f6lgesi d\u00fc\u015fer! Guts, Casca ve Griffith&#8230; \u00dc\u00e7\u00fcn\u00fcn \u00e7ekti\u011fi ac\u0131 da birbiriyle kesi\u015fir! <\/p>\n","protected":false},"excerpt":{"rendered":"<p>\u015eahin Ekibi\u2019nden ayr\u0131lan ve k\u0131l\u0131c\u0131n\u0131n g\u00f6t\u00fcrd\u00fc\u011f\u00fc yolda ilerlemeyi se\u00e7en Guts\u2019\u0131n kar\u015f\u0131s\u0131nda, \u00fcrk\u00fct\u00fcc\u00fc bir iskelet \u015f\u00f6valye belirir ve ona u\u011fursuz bir kehanette bulunur. Guts\u2019\u0131n gidi\u015fiyle y\u00fcre\u011finde a\u00e7\u0131lan<span class=\"excerpt-hellip\"> [\u2026]<\/span><\/p>\n","protected":false},"featured_media":0,"template":"","meta":{"_monsterinsights_skip_tracking":false,"_monsterinsights_sitenote_active":false,"_monsterinsights_sitenote_note":"","_monsterinsights_sitenote_category":0},"product_brand":[],"product_cat":[12416,12291],"product_tag":[],"class_list":{"0":"post-773914","1":"product","2":"type-product","3":"status-publish","5":"product_cat-cizgi-roman","6":"product_cat-edebiyat","7":"pa_cilt-ciltsiz","8":"pa_tur-kitap","9":"pa_yayinevi-athica-yayinlari","10":"pa_yazar-kentaro-miura","12":"first","13":"instock","14":"sale","15":"shipping-taxable","16":"purchasable","17":"product-type-simple"},"_links":{"self":[{"href":"https:\/\/roveyayinevi.com.tr\/index.php\/wp-json\/wp\/v2\/product\/773914","targetHints":{"allow":["GET"]}}],"collection":[{"href":"https:\/\/roveyayinevi.com.tr\/index.php\/wp-json\/wp\/v2\/product"}],"about":[{"href":"https:\/\/roveyayinevi.com.tr\/index.php\/wp-json\/wp\/v2\/types\/product"}],"wp:attachment":[{"href":"https:\/\/roveyayinevi.com.tr\/index.php\/wp-json\/wp\/v2\/media?parent=773914"}],"wp:term":[{"taxonomy":"product_brand","embeddable":true,"href":"https:\/\/roveyayinevi.com.tr\/index.php\/wp-json\/wp\/v2\/product_brand?post=773914"},{"taxonomy":"product_cat","embeddable":true,"href":"https:\/\/roveyayinevi.com.tr\/index.php\/wp-json\/wp\/v2\/product_cat?post=773914"},{"taxonomy":"product_tag","embeddable":true,"href":"https:\/\/roveyayinevi.com.tr\/index.php\/wp-json\/wp\/v2\/product_tag?post=773914"}],"curies":[{"name":"wp","href":"https:\/\/api.w.org\/{rel}","templated":true}]}}