{"id":773912,"date":"2025-08-28T16:34:00","date_gmt":"2025-08-28T13:34:00","guid":{"rendered":"https:\/\/roveyayinevi.com.tr\/index.php\/urun\/kendimle-yeniden-tanisiyorum\/"},"modified":"2026-04-11T14:44:24","modified_gmt":"2026-04-11T11:44:24","slug":"kendimle-yeniden-tanisiyorum","status":"publish","type":"product","link":"https:\/\/roveyayinevi.com.tr\/index.php\/urun\/kendimle-yeniden-tanisiyorum\/","title":{"rendered":"Kendimle Yeniden Tan\u0131\u015f\u0131yorum"},"content":{"rendered":"<p>&#8220;EN SON NE ZAMAN KEND\u0130NE \u0130Y\u0130 M\u0130S\u0130N DIYE SORDUN?   G\u00fcnler ge\u00e7er, kalabal\u0131klar\u0131n i\u00e7inde ya\u015far, g\u00fcl\u00fcmsemeyi s\u00fcrd\u00fcr\u00fcr ama bir yerde, i\u00e7ten i\u00e7e eksildi\u011fini hissedersin. Sanki herkes seni tan\u0131yor ama sen art\u0131k kendine yabanc\u0131s\u0131n. Bazen \u015fu soruyu sorars\u0131n kendine: \u201cBen kimdim ger\u00e7ekten?\u201d   \u0130\u015fte o c\u00fcmle, her \u015feyin ba\u015flad\u0131\u011f\u0131 yerdir. Bu kitap da tam orada duruyor. Ne sana ne yapman gerekti\u011fini s\u00f6yl\u00fcyor ne de senden biri olman\u0131 bekliyor. Sadece seni, sana geri \u00e7a\u011f\u0131r\u0131yor.   K\u0131r\u0131lm\u0131\u015f halinle. Susturdu\u011fun yerinle. G\u00fc\u00e7l\u00fc g\u00f6r\u00fcnmeye \u00e7al\u0131\u015ft\u0131\u011f\u0131n t\u00fcm yorgunluklar\u0131nla birlikte. Ve belki de ilk defa, kendinle yeniden tan\u0131\u015fman\u0131n m\u00fcmk\u00fcn oldu\u011funa inanman i\u00e7in.   \u00c7\u00fcnk\u00fc baz\u0131 bulu\u015fmalar hayatta bir kez olur. Baz\u0131lar\u0131ysa insan kendiyle tan\u0131\u015fana kadar ba\u015flamaz. <\/p>\n","protected":false},"excerpt":{"rendered":"<p>&#8220;EN SON NE ZAMAN KEND\u0130NE \u0130Y\u0130 M\u0130S\u0130N DIYE SORDUN? G\u00fcnler ge\u00e7er, kalabal\u0131klar\u0131n i\u00e7inde ya\u015far, g\u00fcl\u00fcmsemeyi s\u00fcrd\u00fcr\u00fcr ama bir yerde, i\u00e7ten i\u00e7e eksildi\u011fini hissedersin. Sanki herkes seni<span class=\"excerpt-hellip\"> [\u2026]<\/span><\/p>\n","protected":false},"featured_media":0,"template":"","meta":{"_monsterinsights_skip_tracking":false,"_monsterinsights_sitenote_active":false,"_monsterinsights_sitenote_note":"","_monsterinsights_sitenote_category":0},"product_brand":[],"product_cat":[12364,12376],"product_tag":[],"class_list":{"0":"post-773912","1":"product","2":"type-product","3":"status-publish","5":"product_cat-genel-konular","6":"product_cat-kisisel-gelisim","7":"pa_cilt-ciltsiz","8":"pa_tur-kitap","9":"pa_yayinevi-destek-yayinlari","10":"pa_yazar-edib-capanoglu","12":"first","13":"instock","14":"sale","15":"shipping-taxable","16":"purchasable","17":"product-type-simple"},"_links":{"self":[{"href":"https:\/\/roveyayinevi.com.tr\/index.php\/wp-json\/wp\/v2\/product\/773912","targetHints":{"allow":["GET"]}}],"collection":[{"href":"https:\/\/roveyayinevi.com.tr\/index.php\/wp-json\/wp\/v2\/product"}],"about":[{"href":"https:\/\/roveyayinevi.com.tr\/index.php\/wp-json\/wp\/v2\/types\/product"}],"wp:attachment":[{"href":"https:\/\/roveyayinevi.com.tr\/index.php\/wp-json\/wp\/v2\/media?parent=773912"}],"wp:term":[{"taxonomy":"product_brand","embeddable":true,"href":"https:\/\/roveyayinevi.com.tr\/index.php\/wp-json\/wp\/v2\/product_brand?post=773912"},{"taxonomy":"product_cat","embeddable":true,"href":"https:\/\/roveyayinevi.com.tr\/index.php\/wp-json\/wp\/v2\/product_cat?post=773912"},{"taxonomy":"product_tag","embeddable":true,"href":"https:\/\/roveyayinevi.com.tr\/index.php\/wp-json\/wp\/v2\/product_tag?post=773912"}],"curies":[{"name":"wp","href":"https:\/\/api.w.org\/{rel}","templated":true}]}}