{"id":773911,"date":"2025-08-28T16:33:58","date_gmt":"2025-08-28T13:33:58","guid":{"rendered":"https:\/\/roveyayinevi.com.tr\/index.php\/urun\/yesim-mirasi\/"},"modified":"2026-04-15T03:40:00","modified_gmt":"2026-04-15T00:40:00","slug":"yesim-mirasi","status":"publish","type":"product","link":"https:\/\/roveyayinevi.com.tr\/index.php\/urun\/yesim-mirasi\/","title":{"rendered":"Ye\u015fim Miras\u0131"},"content":{"rendered":"<p>Bir zamanlar sadece Ye\u015fil Kemik Sava\u015f\u00e7\u0131lar\u0131n\u0131n tekelinde olan ye\u015fim art\u0131k t\u00fcm d\u00fcnyada biliniyor. H\u00fck\u00fbmetlerden paral\u0131 askerlere, su\u00e7 \u00f6rg\u00fctlerinden oyunculara kadar herkes ye\u015fimin sa\u011flad\u0131\u011f\u0131 ola\u011fan\u00fcst\u00fc yeteneklerin pe\u015finde. Ve tabii ye\u015fimin kontrol\u00fc i\u00e7in verilen m\u00fccadele b\u00fcy\u00fcd\u00fck\u00e7e, Kaul ailesinin ve Ye\u015fil Kemikler\u2019in kadim gelenekleri de sonsuza dek de\u011fi\u015fiyor. Sava\u015f ve trajedilerle y\u0131pranm\u0131\u015f Kaul ailesi eski yaralarla bo\u011fu\u015furken, d\u00fc\u015fmanlarsa her zamankinden daha g\u00fc\u00e7l\u00fc bir \u015fekilde y\u00fckseliyor. Klan\u0131n b\u00fcy\u00fcyen imparatorlu\u011fu \u015fimdi tehlikeli hizipler ve yabanc\u0131 m\u00fcdahalelerle par\u00e7alanma tehlikesiyle kar\u015f\u0131 kar\u015f\u0131ya. Art\u0131k dostu d\u00fc\u015fmandan ay\u0131rt etme, kanl\u0131 rekabetleri bir kenara b\u0131rakma ve korkun\u00e7 fedak\u00e2rl\u0131klar yapma zaman\u0131. Ancak kan ve sadakat ba\u011flar\u0131 bile Ye\u015fil Kemik Sava\u015f\u00e7\u0131lar\u0131n\u0131n ve korumaya yemin ettikleri ulusun hayatta kalmas\u0131n\u0131 sa\u011flamaya yetmeyebilir! Ye\u015fim Miras\u0131; aile, onur, kan ve ye\u015fimin kadim yasalar\u0131na g\u00f6re ya\u015fay\u0131p \u00f6lenlerin b\u00fcy\u00fcleyici hik\u00e2yesini anlatan Ye\u015fil Kemik Efsanesi\u2019nin son kitab\u0131. <\/p>\n","protected":false},"excerpt":{"rendered":"<p>Bir zamanlar sadece Ye\u015fil Kemik Sava\u015f\u00e7\u0131lar\u0131n\u0131n tekelinde olan ye\u015fim art\u0131k t\u00fcm d\u00fcnyada biliniyor. H\u00fck\u00fbmetlerden paral\u0131 askerlere, su\u00e7 \u00f6rg\u00fctlerinden oyunculara kadar herkes ye\u015fimin sa\u011flad\u0131\u011f\u0131 ola\u011fan\u00fcst\u00fc yeteneklerin pe\u015finde.<span class=\"excerpt-hellip\"> [\u2026]<\/span><\/p>\n","protected":false},"featured_media":0,"template":"","meta":{"_monsterinsights_skip_tracking":false,"_monsterinsights_sitenote_active":false,"_monsterinsights_sitenote_note":"","_monsterinsights_sitenote_category":0},"product_brand":[],"product_cat":[12291,14777],"product_tag":[],"class_list":{"0":"post-773911","1":"product","2":"type-product","3":"status-publish","5":"product_cat-edebiyat","6":"product_cat-fantastik","7":"pa_cilt-ciltsiz","8":"pa_tur-kitap","9":"pa_yayinevi-eksik-parca-yayinlari","10":"pa_yazar-fonda-lee","12":"first","13":"instock","14":"sale","15":"shipping-taxable","16":"purchasable","17":"product-type-simple"},"_links":{"self":[{"href":"https:\/\/roveyayinevi.com.tr\/index.php\/wp-json\/wp\/v2\/product\/773911","targetHints":{"allow":["GET"]}}],"collection":[{"href":"https:\/\/roveyayinevi.com.tr\/index.php\/wp-json\/wp\/v2\/product"}],"about":[{"href":"https:\/\/roveyayinevi.com.tr\/index.php\/wp-json\/wp\/v2\/types\/product"}],"wp:attachment":[{"href":"https:\/\/roveyayinevi.com.tr\/index.php\/wp-json\/wp\/v2\/media?parent=773911"}],"wp:term":[{"taxonomy":"product_brand","embeddable":true,"href":"https:\/\/roveyayinevi.com.tr\/index.php\/wp-json\/wp\/v2\/product_brand?post=773911"},{"taxonomy":"product_cat","embeddable":true,"href":"https:\/\/roveyayinevi.com.tr\/index.php\/wp-json\/wp\/v2\/product_cat?post=773911"},{"taxonomy":"product_tag","embeddable":true,"href":"https:\/\/roveyayinevi.com.tr\/index.php\/wp-json\/wp\/v2\/product_tag?post=773911"}],"curies":[{"name":"wp","href":"https:\/\/api.w.org\/{rel}","templated":true}]}}