{"id":773910,"date":"2025-08-28T16:33:55","date_gmt":"2025-08-28T13:33:55","guid":{"rendered":"https:\/\/roveyayinevi.com.tr\/index.php\/urun\/berserk-11\/"},"modified":"2026-04-15T03:40:00","modified_gmt":"2026-04-15T00:40:00","slug":"berserk-11","status":"publish","type":"product","link":"https:\/\/roveyayinevi.com.tr\/index.php\/urun\/berserk-11\/","title":{"rendered":"Berserk 11"},"content":{"rendered":"<p>Guts ve yolda\u015flar\u0131, Griffith\u2019i kurtarmay\u0131 ba\u015far\u0131r. Pe\u015flerindeyse g\u00f6z\u00fc d\u00f6nm\u00fc\u015f Kral\u2019\u0131n yollad\u0131\u011f\u0131 kana susam\u0131\u015f, vah\u015fi Kara K\u00f6pek \u015e\u00f6valyeleri vard\u0131r. Dost d\u00fc\u015fman ay\u0131rt etmeksizin gaddarl\u0131klar\u0131ndan herkesi nasiplendiren Kara K\u00f6pek \u015e\u00f6valyeleri\u2019nin lideri Wyald pe\u015flerindedir! \u0130skelet \u015e\u00f6valye\u2019nin kehanette bulundu\u011fu vakit yakla\u015f\u0131yor! \u0130nsan d\u0131\u015f\u0131 mahluklar\u0131n gittik\u00e7e derinle\u015fen g\u00f6lgesi ve Guts\u2019\u0131n \u201casla ka\u00e7amayaca\u011f\u0131 \u00f6l\u00fcm\u201d\u00fcn ard\u0131ndaki gizem nedir? \u201cTutulma\u201d da neyin nesidir? B\u00fct\u00fcn sorular\u0131n cevab\u0131 \u0131\u015f\u0131ldayan Alt\u0131n \u00c7a\u011f\u2019\u0131n alt\u0131nda yat\u0131yor!.. <\/p>\n","protected":false},"excerpt":{"rendered":"<p>Guts ve yolda\u015flar\u0131, Griffith\u2019i kurtarmay\u0131 ba\u015far\u0131r. Pe\u015flerindeyse g\u00f6z\u00fc d\u00f6nm\u00fc\u015f Kral\u2019\u0131n yollad\u0131\u011f\u0131 kana susam\u0131\u015f, vah\u015fi Kara K\u00f6pek \u015e\u00f6valyeleri vard\u0131r. Dost d\u00fc\u015fman ay\u0131rt etmeksizin gaddarl\u0131klar\u0131ndan herkesi nasiplendiren Kara<span class=\"excerpt-hellip\"> [\u2026]<\/span><\/p>\n","protected":false},"featured_media":0,"template":"","meta":{"_monsterinsights_skip_tracking":false,"_monsterinsights_sitenote_active":false,"_monsterinsights_sitenote_note":"","_monsterinsights_sitenote_category":0},"product_brand":[],"product_cat":[12416,12291],"product_tag":[],"class_list":{"0":"post-773910","1":"product","2":"type-product","3":"status-publish","5":"product_cat-cizgi-roman","6":"product_cat-edebiyat","7":"pa_cilt-ciltsiz","8":"pa_tur-kitap","9":"pa_yayinevi-athica-yayinlari","10":"pa_yazar-kentaro-miura","12":"first","13":"instock","14":"sale","15":"shipping-taxable","16":"purchasable","17":"product-type-simple"},"_links":{"self":[{"href":"https:\/\/roveyayinevi.com.tr\/index.php\/wp-json\/wp\/v2\/product\/773910","targetHints":{"allow":["GET"]}}],"collection":[{"href":"https:\/\/roveyayinevi.com.tr\/index.php\/wp-json\/wp\/v2\/product"}],"about":[{"href":"https:\/\/roveyayinevi.com.tr\/index.php\/wp-json\/wp\/v2\/types\/product"}],"wp:attachment":[{"href":"https:\/\/roveyayinevi.com.tr\/index.php\/wp-json\/wp\/v2\/media?parent=773910"}],"wp:term":[{"taxonomy":"product_brand","embeddable":true,"href":"https:\/\/roveyayinevi.com.tr\/index.php\/wp-json\/wp\/v2\/product_brand?post=773910"},{"taxonomy":"product_cat","embeddable":true,"href":"https:\/\/roveyayinevi.com.tr\/index.php\/wp-json\/wp\/v2\/product_cat?post=773910"},{"taxonomy":"product_tag","embeddable":true,"href":"https:\/\/roveyayinevi.com.tr\/index.php\/wp-json\/wp\/v2\/product_tag?post=773910"}],"curies":[{"name":"wp","href":"https:\/\/api.w.org\/{rel}","templated":true}]}}