{"id":773905,"date":"2025-08-28T16:33:40","date_gmt":"2025-08-28T13:33:40","guid":{"rendered":"https:\/\/roveyayinevi.com.tr\/index.php\/urun\/tokyo-hayalet-kafesi\/"},"modified":"2026-04-15T03:40:00","modified_gmt":"2026-04-15T00:40:00","slug":"tokyo-hayalet-kafesi","status":"publish","type":"product","link":"https:\/\/roveyayinevi.com.tr\/index.php\/urun\/tokyo-hayalet-kafesi\/","title":{"rendered":"Tokyo Hayalet Kafesi"},"content":{"rendered":"<p>Tokyo Hayalet Kafesi\u2019ne ho\u015f geldiniz&#8230;Gen\u00e7 Akira kayboldu ve \u00e7aresizce evini ar\u0131yor. Vakit kaybetmeden ailesini bulmak zorunda. Bunun i\u00e7inse hayaletler ve canavarlarla dolu Japonya\u2019n\u0131n kuzeyine do\u011fru yolculu\u011fa \u00e7\u0131kmas\u0131 gerekiyor.Tsunami K\u0131z&#8217;\u0131n yazar\u0131 Julian Sedgwick ve \u00e7izer Chie Kutsuwada&#8217;dan manga ve d\u00fczyaz\u0131y\u0131 bulu\u015fturan heyecan dolu hik\u00e2yeler&#8230;<\/p>\n","protected":false},"excerpt":{"rendered":"<p>Tokyo Hayalet Kafesi\u2019ne ho\u015f geldiniz&#8230;Gen\u00e7 Akira kayboldu ve \u00e7aresizce evini ar\u0131yor. Vakit kaybetmeden ailesini bulmak zorunda. Bunun i\u00e7inse hayaletler ve canavarlarla dolu Japonya\u2019n\u0131n kuzeyine do\u011fru yolculu\u011fa<span class=\"excerpt-hellip\"> [\u2026]<\/span><\/p>\n","protected":false},"featured_media":0,"template":"","meta":{"_monsterinsights_skip_tracking":false,"_monsterinsights_sitenote_active":false,"_monsterinsights_sitenote_note":"","_monsterinsights_sitenote_category":0},"product_brand":[],"product_cat":[12291,14777],"product_tag":[],"class_list":{"0":"post-773905","1":"product","2":"type-product","3":"status-publish","5":"product_cat-edebiyat","6":"product_cat-fantastik","7":"pa_cilt-ciltsiz","8":"pa_tur-kitap","9":"pa_yayinevi-yuzu-kitap","10":"pa_yazar-julian-sedgwick","12":"first","13":"instock","14":"sale","15":"shipping-taxable","16":"purchasable","17":"product-type-simple"},"_links":{"self":[{"href":"https:\/\/roveyayinevi.com.tr\/index.php\/wp-json\/wp\/v2\/product\/773905","targetHints":{"allow":["GET"]}}],"collection":[{"href":"https:\/\/roveyayinevi.com.tr\/index.php\/wp-json\/wp\/v2\/product"}],"about":[{"href":"https:\/\/roveyayinevi.com.tr\/index.php\/wp-json\/wp\/v2\/types\/product"}],"wp:attachment":[{"href":"https:\/\/roveyayinevi.com.tr\/index.php\/wp-json\/wp\/v2\/media?parent=773905"}],"wp:term":[{"taxonomy":"product_brand","embeddable":true,"href":"https:\/\/roveyayinevi.com.tr\/index.php\/wp-json\/wp\/v2\/product_brand?post=773905"},{"taxonomy":"product_cat","embeddable":true,"href":"https:\/\/roveyayinevi.com.tr\/index.php\/wp-json\/wp\/v2\/product_cat?post=773905"},{"taxonomy":"product_tag","embeddable":true,"href":"https:\/\/roveyayinevi.com.tr\/index.php\/wp-json\/wp\/v2\/product_tag?post=773905"}],"curies":[{"name":"wp","href":"https:\/\/api.w.org\/{rel}","templated":true}]}}