{"id":773903,"date":"2025-08-28T16:33:35","date_gmt":"2025-08-28T13:33:35","guid":{"rendered":"https:\/\/roveyayinevi.com.tr\/index.php\/urun\/parlak-yapay-zeka-rehberi\/"},"modified":"2026-04-15T03:40:00","modified_gmt":"2026-04-15T00:40:00","slug":"parlak-yapay-zeka-rehberi","status":"publish","type":"product","link":"https:\/\/roveyayinevi.com.tr\/index.php\/urun\/parlak-yapay-zeka-rehberi\/","title":{"rendered":"Parlak Yapay Zeka Rehberi"},"content":{"rendered":"<p>Bilgisayarlar\u0131n sihirli zek\u00e2s\u0131n\u0131 hi\u00e7 merak ettin mi? Ya da robotlar\u0131n nas\u0131l d\u00fc\u015f\u00fcnd\u00fc\u011f\u00fcn\u00fc? \u0130\u015fte kar\u015f\u0131nda, A\u2019dan Z\u2019ye yapay zek\u00e2n\u0131n e\u011flenceli d\u00fcnyas\u0131n\u0131 ke\u015ffedece\u011fin, bol bol kahkaha ataca\u011f\u0131n Parlak Yapay Zek\u00e2 Rehberi!Bu kitapta;\u00b7        Yapay zek\u00e2n\u0131n s\u0131rlar\u0131n\u0131 \u00f6\u011freneceksin,\u00b7        Robotlarla dost olacaks\u0131n,\u00b7        Kendi zeki oyunlar\u0131n\u0131 tasarlamaya ba\u015flayacaks\u0131n,\u00b7        Ak\u0131ll\u0131 telefonlar\u0131n ve tabletlerin nas\u0131l d\u00fc\u015f\u00fcnd\u00fc\u011f\u00fcn\u00fc ke\u015ffedeceksin,\u00b7        Gelece\u011fin s\u00fcper teknolojilerine \u0131\u015f\u0131nlanacaks\u0131n,\u00b7        E\u011flenirken \u00f6\u011frenmenin en s\u00fcper yolunu bulacaks\u0131n,\u00b7        Karikat\u00fcrlerle hayal g\u00fcc\u00fcn\u00fcn s\u0131n\u0131rlar\u0131n\u0131 zorlayacaks\u0131n!Yapay zek\u00e2 d\u00fcnyas\u0131 seni bekliyor!Haydi, sayfalar\u0131 \u00e7evir ve gelece\u011fin s\u00fcper zeki kahramanlar\u0131ndan biri ol!<\/p>\n","protected":false},"excerpt":{"rendered":"<p>Bilgisayarlar\u0131n sihirli zek\u00e2s\u0131n\u0131 hi\u00e7 merak ettin mi? Ya da robotlar\u0131n nas\u0131l d\u00fc\u015f\u00fcnd\u00fc\u011f\u00fcn\u00fc? \u0130\u015fte kar\u015f\u0131nda, A\u2019dan Z\u2019ye yapay zek\u00e2n\u0131n e\u011flenceli d\u00fcnyas\u0131n\u0131 ke\u015ffedece\u011fin, bol bol kahkaha ataca\u011f\u0131n Parlak<span class=\"excerpt-hellip\"> [\u2026]<\/span><\/p>\n","protected":false},"featured_media":0,"template":"","meta":{"_monsterinsights_skip_tracking":false,"_monsterinsights_sitenote_active":false,"_monsterinsights_sitenote_note":"","_monsterinsights_sitenote_category":0},"product_brand":[],"product_cat":[13829,12274],"product_tag":[],"class_list":{"0":"post-773903","1":"product","2":"type-product","3":"status-publish","5":"product_cat-bilimsel-kitaplar","6":"product_cat-cocuk-ve-genclik-kitaplari","7":"pa_cilt-ciltsiz","8":"pa_tur-kitap","9":"pa_yayinevi-eglenceli-bilgi-yayinlari","10":"pa_yazar-yavuz-samur","12":"first","13":"instock","14":"sale","15":"shipping-taxable","16":"purchasable","17":"product-type-simple"},"_links":{"self":[{"href":"https:\/\/roveyayinevi.com.tr\/index.php\/wp-json\/wp\/v2\/product\/773903","targetHints":{"allow":["GET"]}}],"collection":[{"href":"https:\/\/roveyayinevi.com.tr\/index.php\/wp-json\/wp\/v2\/product"}],"about":[{"href":"https:\/\/roveyayinevi.com.tr\/index.php\/wp-json\/wp\/v2\/types\/product"}],"wp:attachment":[{"href":"https:\/\/roveyayinevi.com.tr\/index.php\/wp-json\/wp\/v2\/media?parent=773903"}],"wp:term":[{"taxonomy":"product_brand","embeddable":true,"href":"https:\/\/roveyayinevi.com.tr\/index.php\/wp-json\/wp\/v2\/product_brand?post=773903"},{"taxonomy":"product_cat","embeddable":true,"href":"https:\/\/roveyayinevi.com.tr\/index.php\/wp-json\/wp\/v2\/product_cat?post=773903"},{"taxonomy":"product_tag","embeddable":true,"href":"https:\/\/roveyayinevi.com.tr\/index.php\/wp-json\/wp\/v2\/product_tag?post=773903"}],"curies":[{"name":"wp","href":"https:\/\/api.w.org\/{rel}","templated":true}]}}