{"id":773901,"date":"2025-08-28T16:33:30","date_gmt":"2025-08-28T13:33:30","guid":{"rendered":"https:\/\/roveyayinevi.com.tr\/index.php\/urun\/muslumanlik-ince-insanliktir\/"},"modified":"2026-04-07T03:34:28","modified_gmt":"2026-04-07T00:34:28","slug":"muslumanlik-ince-insanliktir","status":"publish","type":"product","link":"https:\/\/roveyayinevi.com.tr\/index.php\/urun\/muslumanlik-ince-insanliktir\/","title":{"rendered":"M\u00fcsl\u00fcmanl\u0131k \u0130nce \u0130nsanl\u0131kt\u0131r"},"content":{"rendered":"<p>Tasavvuf, bug\u00fcn\u00fcn insan\u0131na ihtiyac\u0131 olan en b\u00fcy\u00fck \u015feyi yani sevginin nas\u0131l talim ve me\u015fk edilece\u011fini s\u00f6yler. M\u00fcsl\u00fcmanl\u0131k \u0130nce \u0130nsanl\u0131kt\u0131r, \u00d6mer Tu\u011frul \u0130nan\u00e7er\u2019in Hakk\u2019a ayna olan nutuklar\u0131ndan se\u00e7ilmi\u015f bir demettir. Fiziken aram\u0131zdan ayr\u0131lsa da Tu\u011frul \u0130nan\u00e7er, yazd\u0131klar\u0131yla bug\u00fcn de g\u00f6n\u00fcllerimize hitap etmeye; sosyal, ekonomik ve k\u00fclt\u00fcrel meselelerimize \u0131\u015f\u0131k tutmaya devam ediyor. Onun her sat\u0131r\u0131 ge\u00e7mi\u015fin zarafetini yans\u0131t\u0131rken bug\u00fcn\u00fcn M\u00fcsl\u00fcman\u0131na da din\u00ee ve ahlaki meselelerin \u00f6nemini yeniden hat\u0131rlat\u0131yor. Tekke ve zaviyelerde as\u0131rlard\u0131r diri tutulan nezaket ve zarafetin \u00f6rneklerini ya\u015fayarak g\u00f6steren \u0130nan\u00e7er bu kitab\u0131nda, evlilikten faize, ana-baba hakk\u0131ndan evlat hukukuna, ibadet ahlak\u0131ndan sosyal sorumluluklara, para ile imtihandan adalet ve zul\u00fcm dengesine kadar pek \u00e7ok konuda kal\u0131pla\u015fm\u0131\u015f yanl\u0131\u015flara kar\u015f\u0131 inananlar\u0131 daha dikkatli olmaya davet ediyor; zihinleri berrakla\u015ft\u0131r\u0131p ezberleri yeniden d\u00fc\u015f\u00fcnmeye \u00e7a\u011f\u0131r\u0131yor. T\u00fcm bunlar\u0131 kendine \u00f6zg\u00fc, n\u00fcktedan ama her zaman dobra ve uyar\u0131c\u0131 \u00fcslubuyla yap\u0131yor.Dileriz ki bu eser, hakikatin sesine terc\u00fcman olan Tu\u011frul \u0130nan\u00e7er\u2019in ir\u015fad halkas\u0131n\u0131n geni\u015flemesine vesile olur.<\/p>\n","protected":false},"excerpt":{"rendered":"<p>Tasavvuf, bug\u00fcn\u00fcn insan\u0131na ihtiyac\u0131 olan en b\u00fcy\u00fck \u015feyi yani sevginin nas\u0131l talim ve me\u015fk edilece\u011fini s\u00f6yler. M\u00fcsl\u00fcmanl\u0131k \u0130nce \u0130nsanl\u0131kt\u0131r, \u00d6mer Tu\u011frul \u0130nan\u00e7er\u2019in Hakk\u2019a ayna olan nutuklar\u0131ndan<span class=\"excerpt-hellip\"> [\u2026]<\/span><\/p>\n","protected":false},"featured_media":0,"template":"","meta":{"_monsterinsights_skip_tracking":false,"_monsterinsights_sitenote_active":false,"_monsterinsights_sitenote_note":"","_monsterinsights_sitenote_category":0},"product_brand":[],"product_cat":[12718,12719,15238],"product_tag":[],"class_list":{"0":"post-773901","1":"product","2":"type-product","3":"status-publish","5":"product_cat-din","6":"product_cat-islam","7":"product_cat-tasavvuf","8":"pa_cilt-ciltsiz","9":"pa_tur-kitap","10":"pa_yayinevi-sufi-kitap","11":"pa_yazar-omer-tugrul-inancer","13":"first","14":"instock","15":"sale","16":"shipping-taxable","17":"purchasable","18":"product-type-simple"},"_links":{"self":[{"href":"https:\/\/roveyayinevi.com.tr\/index.php\/wp-json\/wp\/v2\/product\/773901","targetHints":{"allow":["GET"]}}],"collection":[{"href":"https:\/\/roveyayinevi.com.tr\/index.php\/wp-json\/wp\/v2\/product"}],"about":[{"href":"https:\/\/roveyayinevi.com.tr\/index.php\/wp-json\/wp\/v2\/types\/product"}],"wp:attachment":[{"href":"https:\/\/roveyayinevi.com.tr\/index.php\/wp-json\/wp\/v2\/media?parent=773901"}],"wp:term":[{"taxonomy":"product_brand","embeddable":true,"href":"https:\/\/roveyayinevi.com.tr\/index.php\/wp-json\/wp\/v2\/product_brand?post=773901"},{"taxonomy":"product_cat","embeddable":true,"href":"https:\/\/roveyayinevi.com.tr\/index.php\/wp-json\/wp\/v2\/product_cat?post=773901"},{"taxonomy":"product_tag","embeddable":true,"href":"https:\/\/roveyayinevi.com.tr\/index.php\/wp-json\/wp\/v2\/product_tag?post=773901"}],"curies":[{"name":"wp","href":"https:\/\/api.w.org\/{rel}","templated":true}]}}