{"id":773900,"date":"2025-08-28T16:33:29","date_gmt":"2025-08-28T13:33:29","guid":{"rendered":"https:\/\/roveyayinevi.com.tr\/index.php\/urun\/gunesin-cocuklari-lazlar-2\/"},"modified":"2026-01-27T04:10:08","modified_gmt":"2026-01-27T01:10:08","slug":"gunesin-cocuklari-lazlar-2","status":"publish","type":"product","link":"https:\/\/roveyayinevi.com.tr\/index.php\/urun\/gunesin-cocuklari-lazlar-2\/","title":{"rendered":"G\u00fcne\u015fin \u00c7ocuklar\u0131 Lazlar -2"},"content":{"rendered":"<p>Bir zamanlar kuzeyin \u00f6tesinde, g\u00fcne\u015fin hi\u00e7 batmad\u0131\u011f\u0131 topraklarda do\u011fdu bir halk. Ve eksiksiz.Hyperborea\u2019n\u0131n efsanevi serinli\u011finde ye\u015feren \u00fc\u00e7 karde\u015f soy; T\u00fcrkler, Ruslar ve Lazlard\u0131 bunlar, sonradan ald\u0131klar\u0131 isimlerle.G\u00fcne\u015fi izleyerek, yollar\u0131n\u0131 Altay Da\u011f\u0131 eteklerinden-\u0130talya\u2019ya uzayan  Pontika Bozk\u0131rlar\u0131na, oradan Kaf Da\u011f\u0131\u2019n\u0131n ard\u0131ndaki cennet Kolkhis\u2019e \u00e7evirdiler. \u0130\u015fte oras\u0131, Kafkasya\u2019n\u0131n kadim ba\u011fr\u0131, Laz kimli\u011finin ikinci kez do\u011fdu\u011fu kutsal topraklard\u0131.Bu kitap, yaln\u0131zca bir etnik kimli\u011fin hik\u00e2yesi de\u011fil. Bir medeniyetin, bir ruhun, bir \u0131\u015f\u0131\u011f\u0131n anlat\u0131s\u0131d\u0131r. Lazla\u015fan Hyperboreal\u0131lar\u0131n- \u00d6n T\u00fcrklerin Kafkasya\u2019dan Mezopotamya\u2019ya s\u00fcz\u00fclen uzun y\u00fcr\u00fcy\u00fc\u015f\u00fcn\u00fc, S\u00fcmer Uygarl\u0131\u011f\u0131n\u0131n temelini atan, o ilk g\u00fcne\u015f \u00e7ocuklar\u0131n\u0131 anlat\u0131r.\u201cG\u00fcne\u015fin \u00c7ocuklar\u0131; Lazlar.\u201d, tarihsel ger\u00e7eklerle mitolojik motiflerin i\u00e7 i\u00e7e ge\u00e7ti\u011fi bir belle\u011fi g\u00fcn y\u00fcz\u00fcne \u00e7\u0131kar\u0131yor. Unutulmu\u015f s\u00f6zlerin, da\u011flar ard\u0131na saklanm\u0131\u015f seslerin, g\u00fcne\u015fin pe\u015finden gidenlerin \u00f6yk\u00fcs\u00fcd\u00fcr bu.Sayfalar aras\u0131nda gezinirken sadece Lazlar\u0131n de\u011fil, insanl\u0131\u011f\u0131n kolektif haf\u0131zas\u0131na dair kay\u0131p halkalar da birer birer \u00f6n\u00fcn\u00fcze serilecek. Ve belki siz de bu kitapla birlikte, kendi i\u00e7 yolculu\u011funuzda g\u00fcne\u015fi bir kez daha takip edeceksiniz\u2026 <\/p>\n","protected":false},"excerpt":{"rendered":"<p>Bir zamanlar kuzeyin \u00f6tesinde, g\u00fcne\u015fin hi\u00e7 batmad\u0131\u011f\u0131 topraklarda do\u011fdu bir halk. Ve eksiksiz.Hyperborea\u2019n\u0131n efsanevi serinli\u011finde ye\u015feren \u00fc\u00e7 karde\u015f soy; T\u00fcrkler, Ruslar ve Lazlard\u0131 bunlar, sonradan ald\u0131klar\u0131<span class=\"excerpt-hellip\"> [\u2026]<\/span><\/p>\n","protected":false},"featured_media":0,"template":"","meta":{"_monsterinsights_skip_tracking":false,"_monsterinsights_sitenote_active":false,"_monsterinsights_sitenote_note":"","_monsterinsights_sitenote_category":0},"product_brand":[],"product_cat":[12304],"product_tag":[],"class_list":{"0":"post-773900","1":"product","2":"type-product","3":"status-publish","5":"product_cat-tarih","6":"pa_cilt-ciltsiz","7":"pa_tur-kitap","8":"pa_yayinevi-servet-yayinevi","9":"pa_yazar-yilmaz-erdogan","11":"first","12":"instock","13":"sale","14":"shipping-taxable","15":"purchasable","16":"product-type-simple"},"_links":{"self":[{"href":"https:\/\/roveyayinevi.com.tr\/index.php\/wp-json\/wp\/v2\/product\/773900","targetHints":{"allow":["GET"]}}],"collection":[{"href":"https:\/\/roveyayinevi.com.tr\/index.php\/wp-json\/wp\/v2\/product"}],"about":[{"href":"https:\/\/roveyayinevi.com.tr\/index.php\/wp-json\/wp\/v2\/types\/product"}],"wp:attachment":[{"href":"https:\/\/roveyayinevi.com.tr\/index.php\/wp-json\/wp\/v2\/media?parent=773900"}],"wp:term":[{"taxonomy":"product_brand","embeddable":true,"href":"https:\/\/roveyayinevi.com.tr\/index.php\/wp-json\/wp\/v2\/product_brand?post=773900"},{"taxonomy":"product_cat","embeddable":true,"href":"https:\/\/roveyayinevi.com.tr\/index.php\/wp-json\/wp\/v2\/product_cat?post=773900"},{"taxonomy":"product_tag","embeddable":true,"href":"https:\/\/roveyayinevi.com.tr\/index.php\/wp-json\/wp\/v2\/product_tag?post=773900"}],"curies":[{"name":"wp","href":"https:\/\/api.w.org\/{rel}","templated":true}]}}