{"id":773899,"date":"2025-08-28T16:33:26","date_gmt":"2025-08-28T13:33:26","guid":{"rendered":"https:\/\/roveyayinevi.com.tr\/index.php\/urun\/disney-ajan-stic-galaksideki-tehdit\/"},"modified":"2026-04-15T03:39:59","modified_gmt":"2026-04-15T00:39:59","slug":"disney-ajan-stic-galaksideki-tehdit","status":"publish","type":"product","link":"https:\/\/roveyayinevi.com.tr\/index.php\/urun\/disney-ajan-stic-galaksideki-tehdit\/","title":{"rendered":"D\u0131sney Ajan Sti\u00e7 &#8211; Galaksideki Tehdit"},"content":{"rendered":"<p>Ajan Sti\u00e7 D\u00fcnyay\u0131 Kurtarmak \u0130\u00e7in Geri D\u00f6nd\u00fc!   Paris ve New York\u2019taki uzayl\u0131 istilalar\u0131n\u0131 savu\u015fturduktan sonra, Sti\u00e7 ve ekibi \u015fimdi de Seul\u2019de b\u00fcy\u00fck bir g\u00f6revin pe\u015finde! Galaktik Dedektiflik B\u00fcrosu, Uzaylangozlar ile Testeredi\u015flerin gizemli bir muhbirle bulu\u015faca\u011f\u0131n\u0131 \u00f6\u011frenince, bu karma\u015f\u0131k plan\u0131 ortaya \u00e7\u0131karmak Ajan Sti\u00e7\u2019e d\u00fc\u015f\u00fcyor. Ama bu kez i\u015fler hi\u00e7 olmad\u0131\u011f\u0131 kadar zorlay\u0131c\u0131: \u00c7ift tarafl\u0131 bir ajan, yepyeni bir d\u00fc\u015fman ve tan\u0131d\u0131k k\u00f6t\u00fcler g\u00fc\u00e7lerini birle\u015ftirirse&#8230; i\u015fler iyice kar\u0131\u015fabilir! Sti\u00e7 ve arkada\u015flar\u0131n\u0131n tak\u0131m \u00e7al\u0131\u015fmas\u0131na, dedektiflik becerilerine ve tabii ki etkileyici dans fig\u00fcrlerine her zamankinden \u00e7ok ihtiyac\u0131 var! Bu g\u00f6rev \u015fimdiye kadarkilerin en zoru olabilir\u2026 Ama Ajan Sti\u00e7 pes etmez!<\/p>\n","protected":false},"excerpt":{"rendered":"<p>Ajan Sti\u00e7 D\u00fcnyay\u0131 Kurtarmak \u0130\u00e7in Geri D\u00f6nd\u00fc! Paris ve New York\u2019taki uzayl\u0131 istilalar\u0131n\u0131 savu\u015fturduktan sonra, Sti\u00e7 ve ekibi \u015fimdi de Seul\u2019de b\u00fcy\u00fck bir g\u00f6revin pe\u015finde! Galaktik<span class=\"excerpt-hellip\"> [\u2026]<\/span><\/p>\n","protected":false},"featured_media":0,"template":"","meta":{"_monsterinsights_skip_tracking":false,"_monsterinsights_sitenote_active":false,"_monsterinsights_sitenote_note":"","_monsterinsights_sitenote_category":0},"product_brand":[],"product_cat":[12274,12284],"product_tag":[],"class_list":{"0":"post-773899","1":"product","2":"type-product","3":"status-publish","5":"product_cat-cocuk-ve-genclik-kitaplari","6":"product_cat-hikayeler","7":"pa_cilt-ciltsiz","8":"pa_tur-kitap","9":"pa_yayinevi-beta-kids","10":"pa_yazar-steve-behling","12":"first","13":"instock","14":"sale","15":"shipping-taxable","16":"purchasable","17":"product-type-simple"},"_links":{"self":[{"href":"https:\/\/roveyayinevi.com.tr\/index.php\/wp-json\/wp\/v2\/product\/773899","targetHints":{"allow":["GET"]}}],"collection":[{"href":"https:\/\/roveyayinevi.com.tr\/index.php\/wp-json\/wp\/v2\/product"}],"about":[{"href":"https:\/\/roveyayinevi.com.tr\/index.php\/wp-json\/wp\/v2\/types\/product"}],"wp:attachment":[{"href":"https:\/\/roveyayinevi.com.tr\/index.php\/wp-json\/wp\/v2\/media?parent=773899"}],"wp:term":[{"taxonomy":"product_brand","embeddable":true,"href":"https:\/\/roveyayinevi.com.tr\/index.php\/wp-json\/wp\/v2\/product_brand?post=773899"},{"taxonomy":"product_cat","embeddable":true,"href":"https:\/\/roveyayinevi.com.tr\/index.php\/wp-json\/wp\/v2\/product_cat?post=773899"},{"taxonomy":"product_tag","embeddable":true,"href":"https:\/\/roveyayinevi.com.tr\/index.php\/wp-json\/wp\/v2\/product_tag?post=773899"}],"curies":[{"name":"wp","href":"https:\/\/api.w.org\/{rel}","templated":true}]}}