{"id":773895,"date":"2025-08-28T16:33:15","date_gmt":"2025-08-28T13:33:15","guid":{"rendered":"https:\/\/roveyayinevi.com.tr\/index.php\/urun\/curuf-mahallesi-sevim\/"},"modified":"2026-04-03T03:32:13","modified_gmt":"2026-04-03T00:32:13","slug":"curuf-mahallesi-sevim","status":"publish","type":"product","link":"https:\/\/roveyayinevi.com.tr\/index.php\/urun\/curuf-mahallesi-sevim\/","title":{"rendered":"C\u00fcruf Mahallesi SEV\u0130M"},"content":{"rendered":"<p>\u201cBirbirlerine, kaybedenlerin ortak h\u00fczn\u00fc ile bak\u0131yorlard\u0131.\u201d Celal \u00d6zkan, C\u00fcruf Mahallesi\u2019nde yal\u0131n ve i\u00e7ten anlat\u0131m\u0131yla bizi mahallenin bir sakini gibi a\u011f\u0131rl\u0131yor. Her karakter, her an\u0131 kitap bittikten sonra da bizimle ya\u015famaya devam ediyor. <\/p>\n","protected":false},"excerpt":{"rendered":"<p>\u201cBirbirlerine, kaybedenlerin ortak h\u00fczn\u00fc ile bak\u0131yorlard\u0131.\u201d Celal \u00d6zkan, C\u00fcruf Mahallesi\u2019nde yal\u0131n ve i\u00e7ten anlat\u0131m\u0131yla bizi mahallenin bir sakini gibi a\u011f\u0131rl\u0131yor. Her karakter, her an\u0131 kitap bittikten<span class=\"excerpt-hellip\"> [\u2026]<\/span><\/p>\n","protected":false},"featured_media":0,"template":"","meta":{"_monsterinsights_skip_tracking":false,"_monsterinsights_sitenote_active":false,"_monsterinsights_sitenote_note":"","_monsterinsights_sitenote_category":0},"product_brand":[],"product_cat":[12291,12711],"product_tag":[],"class_list":{"0":"post-773895","1":"product","2":"type-product","3":"status-publish","5":"product_cat-edebiyat","6":"product_cat-roman-oyku","7":"pa_cilt-ciltsiz","8":"pa_tur-kitap","9":"pa_yayinevi-sinirsiz-kitap","10":"pa_yazar-celal-ozkan","12":"first","13":"instock","14":"sale","15":"shipping-taxable","16":"purchasable","17":"product-type-simple"},"_links":{"self":[{"href":"https:\/\/roveyayinevi.com.tr\/index.php\/wp-json\/wp\/v2\/product\/773895","targetHints":{"allow":["GET"]}}],"collection":[{"href":"https:\/\/roveyayinevi.com.tr\/index.php\/wp-json\/wp\/v2\/product"}],"about":[{"href":"https:\/\/roveyayinevi.com.tr\/index.php\/wp-json\/wp\/v2\/types\/product"}],"wp:attachment":[{"href":"https:\/\/roveyayinevi.com.tr\/index.php\/wp-json\/wp\/v2\/media?parent=773895"}],"wp:term":[{"taxonomy":"product_brand","embeddable":true,"href":"https:\/\/roveyayinevi.com.tr\/index.php\/wp-json\/wp\/v2\/product_brand?post=773895"},{"taxonomy":"product_cat","embeddable":true,"href":"https:\/\/roveyayinevi.com.tr\/index.php\/wp-json\/wp\/v2\/product_cat?post=773895"},{"taxonomy":"product_tag","embeddable":true,"href":"https:\/\/roveyayinevi.com.tr\/index.php\/wp-json\/wp\/v2\/product_tag?post=773895"}],"curies":[{"name":"wp","href":"https:\/\/api.w.org\/{rel}","templated":true}]}}