{"id":773894,"date":"2025-08-28T16:33:12","date_gmt":"2025-08-28T13:33:12","guid":{"rendered":"https:\/\/roveyayinevi.com.tr\/index.php\/urun\/arilar-arasinda\/"},"modified":"2026-04-15T03:39:59","modified_gmt":"2026-04-15T00:39:59","slug":"arilar-arasinda","status":"publish","type":"product","link":"https:\/\/roveyayinevi.com.tr\/index.php\/urun\/arilar-arasinda\/","title":{"rendered":"Ar\u0131lar Aras\u0131nda"},"content":{"rendered":"<p>B\u00f6cek Kasabas\u0131&#8217;nda \u00e7\u00f6z\u00fclmesi gereken bir gizem varsa ba\u015fvuraca\u011f\u0131n ar\u0131 Fikret \u00c7okbilen olmal\u0131! B\u00f6cek Kasabas\u0131, STEM \u015eehri\u2019nin en k\u00fc\u00e7\u00fck sakinlerine ev sahipli\u011fi yap\u0131yor. \u00d6zel Dedektif Sokak Bilgini Fikret \u00c7okbilen de burada ya\u015f\u0131yor. O, g\u00f6rev \u00fcst\u00fcnde bir &#8220;yaln\u0131z ar\u0131&#8221;. Bu kitap seni ar\u0131larla ilgili bir maceraya davet ediyor. Farkl\u0131 ar\u0131 t\u00fcrleri, yuvalar\u0131 ve ar\u0131lar\u0131n nas\u0131l ileti\u015fim kurdu\u011fu hakk\u0131nda ilgin\u00e7 bilgiler seni bekliyor. <\/p>\n","protected":false},"excerpt":{"rendered":"<p>B\u00f6cek Kasabas\u0131&#8217;nda \u00e7\u00f6z\u00fclmesi gereken bir gizem varsa ba\u015fvuraca\u011f\u0131n ar\u0131 Fikret \u00c7okbilen olmal\u0131! B\u00f6cek Kasabas\u0131, STEM \u015eehri\u2019nin en k\u00fc\u00e7\u00fck sakinlerine ev sahipli\u011fi yap\u0131yor. \u00d6zel Dedektif Sokak Bilgini<span class=\"excerpt-hellip\"> [\u2026]<\/span><\/p>\n","protected":false},"featured_media":0,"template":"","meta":{"_monsterinsights_skip_tracking":false,"_monsterinsights_sitenote_active":false,"_monsterinsights_sitenote_note":"","_monsterinsights_sitenote_category":0},"product_brand":[],"product_cat":[12274,12284],"product_tag":[],"class_list":{"0":"post-773894","1":"product","2":"type-product","3":"status-publish","5":"product_cat-cocuk-ve-genclik-kitaplari","6":"product_cat-hikayeler","7":"pa_cilt-ciltsiz","8":"pa_tur-kitap","9":"pa_yayinevi-vakifbank-kultur-yayinlari","10":"pa_yazar-ben-newman","12":"first","13":"instock","14":"sale","15":"shipping-taxable","16":"purchasable","17":"product-type-simple"},"_links":{"self":[{"href":"https:\/\/roveyayinevi.com.tr\/index.php\/wp-json\/wp\/v2\/product\/773894","targetHints":{"allow":["GET"]}}],"collection":[{"href":"https:\/\/roveyayinevi.com.tr\/index.php\/wp-json\/wp\/v2\/product"}],"about":[{"href":"https:\/\/roveyayinevi.com.tr\/index.php\/wp-json\/wp\/v2\/types\/product"}],"wp:attachment":[{"href":"https:\/\/roveyayinevi.com.tr\/index.php\/wp-json\/wp\/v2\/media?parent=773894"}],"wp:term":[{"taxonomy":"product_brand","embeddable":true,"href":"https:\/\/roveyayinevi.com.tr\/index.php\/wp-json\/wp\/v2\/product_brand?post=773894"},{"taxonomy":"product_cat","embeddable":true,"href":"https:\/\/roveyayinevi.com.tr\/index.php\/wp-json\/wp\/v2\/product_cat?post=773894"},{"taxonomy":"product_tag","embeddable":true,"href":"https:\/\/roveyayinevi.com.tr\/index.php\/wp-json\/wp\/v2\/product_tag?post=773894"}],"curies":[{"name":"wp","href":"https:\/\/api.w.org\/{rel}","templated":true}]}}