{"id":773891,"date":"2025-08-28T16:33:06","date_gmt":"2025-08-28T13:33:06","guid":{"rendered":"https:\/\/roveyayinevi.com.tr\/index.php\/urun\/mor-bulut\/"},"modified":"2026-04-14T03:38:22","modified_gmt":"2026-04-14T00:38:22","slug":"mor-bulut","status":"publish","type":"product","link":"https:\/\/roveyayinevi.com.tr\/index.php\/urun\/mor-bulut\/","title":{"rendered":"Mor Bulut"},"content":{"rendered":"<p>\u201cMuazzam bir roman!\u201d \u2014H. G. Wells \u201cMah\u015fer\u2019i yazarken Mor Bulut\u2019tan \u00e7ok\u00e7a ilham alm\u0131\u015ft\u0131m.\u201d \u2014Stephen King\u201cBU B\u0130R SON MU? BUNA \u0130NANMIYORUZ, \u0130NANAMIYORUZ.\u201dEdgar Allan Poe\u2019nun tekinsiz gotik miras\u0131n\u0131 H. G. Wells\u2019in bilimsel hayal gu\u0308cu\u0308yle harmanlayan M. P. Shiel, k\u0131yamet sonras\u0131 kurgusunun temellerini atan yazarlardan. Victoria d\u00f6nemi biterken kaleme ald\u0131\u011f\u0131 karanl\u0131k ve vizyoner metinlerle korku ve bilimkurgu edebiyat\u0131n\u0131n \u00f6ncu\u0308lerinden kabul edilen yazar\u0131n ba\u015fyap\u0131t\u0131 Mor Bulut ise H. P. Lovecraft\u2019tan Stephen King\u2019e kadar pek \u00e7ok bu\u0308yu\u0308k ismi etkileyen, yirminci yu\u0308zy\u0131l bilimkurgusunun ilk bu\u0308yu\u0308k roman\u0131 ve \u015fimdiye dek yaz\u0131lm\u0131\u015f en \u00e7arp\u0131c\u0131 \u201cdu\u0308nyadaki son insan\u201d anlat\u0131lar\u0131ndan biri.\u00d6lu\u0308mcu\u0308l bir mor bulut du\u0308nya u\u0308zerinde dola\u015farak tu\u0308m canl\u0131lar\u0131 yok eder ve geriye yaln\u0131zca o s\u0131rada Kuzey Kutbu\u2019na ula\u015fan ilk insan olan Adam Jeffson kal\u0131r. Sessiz ve harap olmu\u015f bir gezegende epik bir yolculu\u011fa \u00e7\u0131kan Jeffson, ge\u00e7mi\u015f ya\u015fam\u0131n\u0131n kal\u0131nt\u0131lar\u0131ndan kendine bir du\u0308zen kurmaya \u00e7al\u0131\u015fan k\u0131yamet sonras\u0131 bir Robinson Crusoe\u2019ya d\u00f6nu\u0308\u015fu\u0308r.Londra, Paris ve \u0130stanbul gibi \u015fehirlere yolculuk ederek ya\u015fayan ba\u015fka insanlar\u0131 arayan ve y\u0131llar ge\u00e7tik\u00e7e ak\u0131l sa\u011fl\u0131\u011f\u0131n\u0131 yitirmeye ba\u015flayan Jeffson hayatta kal\u0131\u015f\u0131n\u0131n bir tesadu\u0308f olmad\u0131\u011f\u0131n\u0131 ve derin, kozmolojik bir plan\u0131n par\u00e7as\u0131 oldu\u011funu fark edecektir.<\/p>\n","protected":false},"excerpt":{"rendered":"<p>\u201cMuazzam bir roman!\u201d \u2014H. G. Wells \u201cMah\u015fer\u2019i yazarken Mor Bulut\u2019tan \u00e7ok\u00e7a ilham alm\u0131\u015ft\u0131m.\u201d \u2014Stephen King\u201cBU B\u0130R SON MU? BUNA \u0130NANMIYORUZ, \u0130NANAMIYORUZ.\u201dEdgar Allan Poe\u2019nun tekinsiz gotik miras\u0131n\u0131<span class=\"excerpt-hellip\"> [\u2026]<\/span><\/p>\n","protected":false},"featured_media":0,"template":"","meta":{"_monsterinsights_skip_tracking":false,"_monsterinsights_sitenote_active":false,"_monsterinsights_sitenote_note":"","_monsterinsights_sitenote_category":0},"product_brand":[],"product_cat":[12540,12291],"product_tag":[],"class_list":{"0":"post-773891","1":"product","2":"type-product","3":"status-publish","5":"product_cat-bilim-kurgu","6":"product_cat-edebiyat","7":"pa_cilt-ciltsiz","8":"pa_tur-kitap","9":"pa_yayinevi-ithaki-yayinlari","10":"pa_yazar-m-p-shiel","12":"first","13":"instock","14":"sale","15":"shipping-taxable","16":"purchasable","17":"product-type-simple"},"_links":{"self":[{"href":"https:\/\/roveyayinevi.com.tr\/index.php\/wp-json\/wp\/v2\/product\/773891","targetHints":{"allow":["GET"]}}],"collection":[{"href":"https:\/\/roveyayinevi.com.tr\/index.php\/wp-json\/wp\/v2\/product"}],"about":[{"href":"https:\/\/roveyayinevi.com.tr\/index.php\/wp-json\/wp\/v2\/types\/product"}],"wp:attachment":[{"href":"https:\/\/roveyayinevi.com.tr\/index.php\/wp-json\/wp\/v2\/media?parent=773891"}],"wp:term":[{"taxonomy":"product_brand","embeddable":true,"href":"https:\/\/roveyayinevi.com.tr\/index.php\/wp-json\/wp\/v2\/product_brand?post=773891"},{"taxonomy":"product_cat","embeddable":true,"href":"https:\/\/roveyayinevi.com.tr\/index.php\/wp-json\/wp\/v2\/product_cat?post=773891"},{"taxonomy":"product_tag","embeddable":true,"href":"https:\/\/roveyayinevi.com.tr\/index.php\/wp-json\/wp\/v2\/product_tag?post=773891"}],"curies":[{"name":"wp","href":"https:\/\/api.w.org\/{rel}","templated":true}]}}