{"id":773889,"date":"2025-08-28T16:33:00","date_gmt":"2025-08-28T13:33:00","guid":{"rendered":"https:\/\/roveyayinevi.com.tr\/index.php\/urun\/kordugum-adile\/"},"modified":"2026-04-15T03:39:59","modified_gmt":"2026-04-15T00:39:59","slug":"kordugum-adile","status":"publish","type":"product","link":"https:\/\/roveyayinevi.com.tr\/index.php\/urun\/kordugum-adile\/","title":{"rendered":"K\u00f6rd\u00fc\u011f\u00fcm: Adile"},"content":{"rendered":"<p>&#8220;Papatya kadar narin kad\u0131nlar, \u00e7orak g\u00f6n\u00fcllerde ye\u015ferir.&#8221; Adile&#8230; Gen\u00e7li\u011finin safl\u0131\u011f\u0131nda kuca\u011f\u0131na d\u00fc\u015fm\u00fc\u015f sevginin kurban\u0131, kirli bir intikam\u0131n yordu\u011fu gen\u00e7 bir kad\u0131n\u2026 Ne zaman sevse hoyrat eller de\u011fiyor y\u00fcre\u011fine. Ne zaman inansa en inand\u0131klar\u0131 k\u0131r\u0131yor onu. Ama yine de \u00e7i\u00e7ek a\u00e7may\u0131 b\u0131rakmaz ve de\u011fi\u015fen hayat ko\u015fullar\u0131na ra\u011fmen dimdik ayakta durur. Bozk\u0131rda, bu\u011fday ba\u015faklar\u0131n\u0131n aras\u0131nda bile, sevgiye susam\u0131\u015f bir papatya gibi ya\u015far. Sevginin yordu\u011fu kalbini zamanla kapatsa da umulmad\u0131k bir anda kar\u015f\u0131s\u0131na bir adam \u00e7\u0131kar ve \u201c\u00c7ok seviyorum seni&#8230; Ne olurdu bir \u015fans versen?&#8221; der. S\u00f6ylenmemi\u015f s\u00f6zler, zaman\u0131nda fark edilemeyen duygular ve ge\u00e7 kalm\u0131\u015f itiraflar aras\u0131nda s\u0131k\u0131\u015fan iki y\u00fcrek&#8230; Bir taraf g\u00fcvenmek isterken \u00fcrk\u00fcyor, di\u011fer taraf sevmekten vazge\u00e7emiyor. &#8220;\u00c7ok mu seviyorsun beni?&#8221; Sevda ile pi\u015fmanl\u0131\u011f\u0131n, suskunluk ile g\u00fcvenmenin aras\u0131ndaki o ince \u00e7izgide bir kad\u0131nla bir adam&#8230; Bir papatya sap\u0131 kadar k\u0131r\u0131lgan bir kad\u0131n\u0131n hayat \u00f6yk\u00fcs\u00fc&#8230; K\u00f6rd\u00fc\u011f\u00fcm: Adile; y\u00fcre\u011finizin en kuytusuna dokunacak, sizi sustu\u011funuz yerden konu\u015fturacak bir roman&#8230; Uyar\u0131: Yeti\u015fkin okurlar i\u00e7indir.<\/p>\n","protected":false},"excerpt":{"rendered":"<p>&#8220;Papatya kadar narin kad\u0131nlar, \u00e7orak g\u00f6n\u00fcllerde ye\u015ferir.&#8221; Adile&#8230; Gen\u00e7li\u011finin safl\u0131\u011f\u0131nda kuca\u011f\u0131na d\u00fc\u015fm\u00fc\u015f sevginin kurban\u0131, kirli bir intikam\u0131n yordu\u011fu gen\u00e7 bir kad\u0131n\u2026 Ne zaman sevse hoyrat eller<span class=\"excerpt-hellip\"> [\u2026]<\/span><\/p>\n","protected":false},"featured_media":0,"template":"","meta":{"_monsterinsights_skip_tracking":false,"_monsterinsights_sitenote_active":false,"_monsterinsights_sitenote_note":"","_monsterinsights_sitenote_category":0},"product_brand":[],"product_cat":[12291,12711],"product_tag":[],"class_list":{"0":"post-773889","1":"product","2":"type-product","3":"status-publish","5":"product_cat-edebiyat","6":"product_cat-roman-oyku","7":"pa_cilt-ciltsiz","8":"pa_tur-kitap","9":"pa_yayinevi-ephesus-yayinlari","10":"pa_yazar-selma-unlu","12":"first","13":"instock","14":"sale","15":"shipping-taxable","16":"purchasable","17":"product-type-simple"},"_links":{"self":[{"href":"https:\/\/roveyayinevi.com.tr\/index.php\/wp-json\/wp\/v2\/product\/773889","targetHints":{"allow":["GET"]}}],"collection":[{"href":"https:\/\/roveyayinevi.com.tr\/index.php\/wp-json\/wp\/v2\/product"}],"about":[{"href":"https:\/\/roveyayinevi.com.tr\/index.php\/wp-json\/wp\/v2\/types\/product"}],"wp:attachment":[{"href":"https:\/\/roveyayinevi.com.tr\/index.php\/wp-json\/wp\/v2\/media?parent=773889"}],"wp:term":[{"taxonomy":"product_brand","embeddable":true,"href":"https:\/\/roveyayinevi.com.tr\/index.php\/wp-json\/wp\/v2\/product_brand?post=773889"},{"taxonomy":"product_cat","embeddable":true,"href":"https:\/\/roveyayinevi.com.tr\/index.php\/wp-json\/wp\/v2\/product_cat?post=773889"},{"taxonomy":"product_tag","embeddable":true,"href":"https:\/\/roveyayinevi.com.tr\/index.php\/wp-json\/wp\/v2\/product_tag?post=773889"}],"curies":[{"name":"wp","href":"https:\/\/api.w.org\/{rel}","templated":true}]}}