{"id":773888,"date":"2025-08-28T16:32:58","date_gmt":"2025-08-28T13:32:58","guid":{"rendered":"https:\/\/roveyayinevi.com.tr\/index.php\/urun\/merhaba-guzellik\/"},"modified":"2026-04-15T03:39:59","modified_gmt":"2026-04-15T00:39:59","slug":"merhaba-guzellik","status":"publish","type":"product","link":"https:\/\/roveyayinevi.com.tr\/index.php\/urun\/merhaba-guzellik\/","title":{"rendered":"Merhaba G\u00fczellik"},"content":{"rendered":"<p>Ailesinin yaratt\u0131\u011f\u0131 sessizli\u011fin i\u00e7inde b\u00fcy\u00fcyen William, \u00fcniversiteye ba\u015flad\u0131\u011f\u0131nda kendini Julia\u2019n\u0131n ona b\u00fct\u00fcn\u00fcyle yabanc\u0131 gelen ailesinin i\u00e7inde bulur. William\u2019\u0131n ge\u00e7mi\u015fi anlat\u0131lmam\u0131\u015f bir hik\u00e2yedir, onu dinlemeye karar veren Julia\u2019ysa gelece\u011fini \u00e7oktan planlam\u0131\u015ft\u0131r. Ancak Julia, William\u2019la tan\u0131\u015ft\u0131\u011f\u0131nda hen\u00fcz \u015funu bilmeyecek kadar gen\u00e7tir: Planlar, ba\u015fkalar\u0131n\u0131 hayat\u0131m\u0131za ald\u0131\u011f\u0131m\u0131zda darmada\u011f\u0131n olabilir ve aileyle kurulan g\u00fc\u00e7l\u00fc ba\u011flar da k\u0131r\u0131lgand\u0131r. Julia ve her biri kendine \u00f6zg\u00fc sesiyle var olan \u00fc\u00e7 k\u0131z karde\u015fi, William\u2019\u0131 \u00e7ocuklu\u011fundan beri ka\u00e7t\u0131\u011f\u0131 ger\u00e7ek benli\u011fiyle y\u00fczle\u015fmeye iter; William\u2019sa Julia\u2019y\u0131 hayat\u0131n planlanamayaca\u011f\u0131 ger\u00e7e\u011fiyle y\u00fczle\u015ftirir. Sevgili Edward\u2019\u0131n yazar\u0131 Ann Napolitano, k\u0131sa s\u00fcrede \u00e7oksatar listesine giren yeni roman\u0131 Merhaba G\u00fczellik\u2019te bamba\u015fka hayatlar\u0131n nas\u0131l i\u00e7 i\u00e7e ge\u00e7ebilece\u011fini, sessizlik duvar\u0131 a\u015f\u0131ld\u0131\u011f\u0131nda nelerin a\u00e7\u0131\u011fa \u00e7\u0131kabilece\u011fini ve ger\u00e7ek ba\u011flar kurman\u0131n ne demek oldu\u011funu usulca, ama tan\u0131d\u0131k heyecanlar\u0131 ustaca kullanarak anlat\u0131yor. \u201cAnn Napolitano\u2019dan k\u0131r\u0131lgan, g\u00f6z ya\u015fartan bir hik\u00e2ye daha\u2026 Napolitano, kendimizi ve di\u011ferlerini b\u00fct\u00fcn\u00fcyle g\u00f6rebilmemiz i\u00e7in yol g\u00f6steriyor.\u201dThe Washington Post \u201cBu g\u00f6rkemli aile destan\u0131, karakterleri \u00f6zenle \u00e7izilen o nadir romanlardan biri; kahramanlar en yak\u0131n arkada\u015flar\u0131n\u0131zm\u0131\u015f gibi hissediyorsunuz, y\u00f6r\u00fcngelerinde olabildi\u011finiz i\u00e7in minnettar kal\u0131yorsunuz. Ann Napolitano\u2019nun 20. y\u00fczy\u0131l\u0131n sonlar\u0131ndaki Chicago\u2019yu arka plan\u0131na alan ve K\u00fc\u00e7\u00fck Kad\u0131nlar roman\u0131na sayg\u0131 duru\u015funda bulunan kitab\u0131, sizi okurken kendinizi yava\u015flatmaya zorlayacak. Bitmesini asla istemeyeceksiniz.\u201d Oprah Quarterly \u201cBu derinden etkileyici roman, a\u015fk ve \u015fans\u0131n her zaman el ele y\u00fcr\u00fcmedi\u011fini g\u00f6steriyor.\u201d People<\/p>\n","protected":false},"excerpt":{"rendered":"<p>Ailesinin yaratt\u0131\u011f\u0131 sessizli\u011fin i\u00e7inde b\u00fcy\u00fcyen William, \u00fcniversiteye ba\u015flad\u0131\u011f\u0131nda kendini Julia\u2019n\u0131n ona b\u00fct\u00fcn\u00fcyle yabanc\u0131 gelen ailesinin i\u00e7inde bulur. William\u2019\u0131n ge\u00e7mi\u015fi anlat\u0131lmam\u0131\u015f bir hik\u00e2yedir, onu dinlemeye karar veren<span class=\"excerpt-hellip\"> [\u2026]<\/span><\/p>\n","protected":false},"featured_media":0,"template":"","meta":{"_monsterinsights_skip_tracking":false,"_monsterinsights_sitenote_active":false,"_monsterinsights_sitenote_note":"","_monsterinsights_sitenote_category":0},"product_brand":[],"product_cat":[12291,12711],"product_tag":[],"class_list":{"0":"post-773888","1":"product","2":"type-product","3":"status-publish","5":"product_cat-edebiyat","6":"product_cat-roman-oyku","7":"pa_cilt-ciltsiz","8":"pa_tur-kitap","9":"pa_yayinevi-mundi","10":"pa_yazar-ann-napolitano","12":"first","13":"instock","14":"sale","15":"shipping-taxable","16":"purchasable","17":"product-type-simple"},"_links":{"self":[{"href":"https:\/\/roveyayinevi.com.tr\/index.php\/wp-json\/wp\/v2\/product\/773888","targetHints":{"allow":["GET"]}}],"collection":[{"href":"https:\/\/roveyayinevi.com.tr\/index.php\/wp-json\/wp\/v2\/product"}],"about":[{"href":"https:\/\/roveyayinevi.com.tr\/index.php\/wp-json\/wp\/v2\/types\/product"}],"wp:attachment":[{"href":"https:\/\/roveyayinevi.com.tr\/index.php\/wp-json\/wp\/v2\/media?parent=773888"}],"wp:term":[{"taxonomy":"product_brand","embeddable":true,"href":"https:\/\/roveyayinevi.com.tr\/index.php\/wp-json\/wp\/v2\/product_brand?post=773888"},{"taxonomy":"product_cat","embeddable":true,"href":"https:\/\/roveyayinevi.com.tr\/index.php\/wp-json\/wp\/v2\/product_cat?post=773888"},{"taxonomy":"product_tag","embeddable":true,"href":"https:\/\/roveyayinevi.com.tr\/index.php\/wp-json\/wp\/v2\/product_tag?post=773888"}],"curies":[{"name":"wp","href":"https:\/\/api.w.org\/{rel}","templated":true}]}}