{"id":773887,"date":"2025-08-28T16:32:54","date_gmt":"2025-08-28T13:32:54","guid":{"rendered":"https:\/\/roveyayinevi.com.tr\/index.php\/urun\/hucre-3\/"},"modified":"2026-04-15T03:39:59","modified_gmt":"2026-04-15T00:39:59","slug":"hucre-3","status":"publish","type":"product","link":"https:\/\/roveyayinevi.com.tr\/index.php\/urun\/hucre-3\/","title":{"rendered":"H\u00fccre"},"content":{"rendered":"<p>1960\u2019lar\u0131n sonlar\u0131nda bir Meksika hapishanesi. Albino, Polonio ve Hergele: bekleyi\u015fin, iktidar\u0131n ve kaderin insaf\u0131na terk edilmi\u015f, uyu\u015fturucu yoksunlu\u011fuyla k\u0131vranan \u00fc\u00e7 mahk\u00fbm ve hapishane i\u00e7inde bir hapishane.   1968 \u00f6\u011frenci hareketinin lideri olarak a\u011f\u0131r bir bedel \u00f6deyen Jos\u00e9 Revueltas\u2019\u0131n tek bir paragraf halinde yazd\u0131\u011f\u0131, Latin Amerika edebiyat\u0131n\u0131n klasiklerinden biri kabul edilen H\u00fccre, mahk\u00fbm ve gardiyan, su\u00e7 ve ceza kavramlar\u0131n\u0131n birbirine kar\u0131\u015ft\u0131\u011f\u0131 ger\u00e7ek bir panoptikon.   \u201cRevueltas, Meksika ruhunun bir sentezidir: ayk\u0131r\u0131, h\u0131rpani, yarat\u0131c\u0131, \u00fcmitsiz ve cin fikirli.\u201d Pablo Neruda   \u201cRevueltas\u2019\u0131n ba\u015fyap\u0131t\u0131 H\u00fccre olmadan \u00e7a\u011fda\u015f Latin Amerika edebiyat\u0131n\u0131 anlamak imk\u00e2ns\u0131z.\u201d Valeria Luiselli<\/p>\n","protected":false},"excerpt":{"rendered":"<p>1960\u2019lar\u0131n sonlar\u0131nda bir Meksika hapishanesi. Albino, Polonio ve Hergele: bekleyi\u015fin, iktidar\u0131n ve kaderin insaf\u0131na terk edilmi\u015f, uyu\u015fturucu yoksunlu\u011fuyla k\u0131vranan \u00fc\u00e7 mahk\u00fbm ve hapishane i\u00e7inde bir hapishane.<span class=\"excerpt-hellip\"> [\u2026]<\/span><\/p>\n","protected":false},"featured_media":0,"template":"","meta":{"_monsterinsights_skip_tracking":false,"_monsterinsights_sitenote_active":false,"_monsterinsights_sitenote_note":"","_monsterinsights_sitenote_category":0},"product_brand":[],"product_cat":[12291,12711],"product_tag":[],"class_list":{"0":"post-773887","1":"product","2":"type-product","3":"status-publish","5":"product_cat-edebiyat","6":"product_cat-roman-oyku","7":"pa_cilt-ciltsiz","8":"pa_tur-kitap","9":"pa_yayinevi-can-yayinlari","10":"pa_yazar-jose-revueltas","12":"first","13":"instock","14":"sale","15":"shipping-taxable","16":"purchasable","17":"product-type-simple"},"_links":{"self":[{"href":"https:\/\/roveyayinevi.com.tr\/index.php\/wp-json\/wp\/v2\/product\/773887","targetHints":{"allow":["GET"]}}],"collection":[{"href":"https:\/\/roveyayinevi.com.tr\/index.php\/wp-json\/wp\/v2\/product"}],"about":[{"href":"https:\/\/roveyayinevi.com.tr\/index.php\/wp-json\/wp\/v2\/types\/product"}],"wp:attachment":[{"href":"https:\/\/roveyayinevi.com.tr\/index.php\/wp-json\/wp\/v2\/media?parent=773887"}],"wp:term":[{"taxonomy":"product_brand","embeddable":true,"href":"https:\/\/roveyayinevi.com.tr\/index.php\/wp-json\/wp\/v2\/product_brand?post=773887"},{"taxonomy":"product_cat","embeddable":true,"href":"https:\/\/roveyayinevi.com.tr\/index.php\/wp-json\/wp\/v2\/product_cat?post=773887"},{"taxonomy":"product_tag","embeddable":true,"href":"https:\/\/roveyayinevi.com.tr\/index.php\/wp-json\/wp\/v2\/product_tag?post=773887"}],"curies":[{"name":"wp","href":"https:\/\/api.w.org\/{rel}","templated":true}]}}