{"id":773885,"date":"2025-08-28T16:32:51","date_gmt":"2025-08-28T13:32:51","guid":{"rendered":"https:\/\/roveyayinevi.com.tr\/index.php\/urun\/antik-yunanistanda-ev-hayati\/"},"modified":"2026-04-15T03:39:59","modified_gmt":"2026-04-15T00:39:59","slug":"antik-yunanistanda-ev-hayati","status":"publish","type":"product","link":"https:\/\/roveyayinevi.com.tr\/index.php\/urun\/antik-yunanistanda-ev-hayati\/","title":{"rendered":"Antik Yunanistan\u2019da Ev Hayat\u0131"},"content":{"rendered":"<p>Bu kitap, klasik filoloji, tarih, arkeoloji ve k\u00fclt\u00fcrel \u00e7al\u0131\u015fmalar alanlar\u0131nda e\u011fitim g\u00f6ren \u00f6\u011frenciler ile bu alanlarda \u00e7al\u0131\u015fan ara\u015ft\u0131rmac\u0131lar i\u00e7in bir ba\u015fvuru kayna\u011f\u0131 olma amac\u0131 ta\u015f\u0131maktad\u0131r. Ayr\u0131ca Antik \u00c7a\u011f \u00fczerine \u00e7al\u0131\u015fan disiplinleraras\u0131 ara\u015ft\u0131rmalarda g\u00fcndelik ya\u015fam\u0131n \u00f6nemine dikkat \u00e7ekmeyi ve bu alandaki \u00e7al\u0131\u015fmalara katk\u0131 sunmay\u0131 hedeflemektedir. \u00c7al\u0131\u015fmada, \u00f6zellikle ev mimarisi, aile yap\u0131s\u0131, kad\u0131nlar\u0131n ve \u00e7ocuklar\u0131n toplumsal rolleri, beslenme al\u0131\u015fkanl\u0131klar\u0131, k\u00f6le eme\u011fi, ev i\u00e7i \u00fcretim bi\u00e7imleri ve dini pratikler gibi ba\u015fl\u0131klar ele al\u0131nmaktad\u0131r. Bu konular, arkeolojik buluntular, yaz\u0131l\u0131 metinler ve d\u00f6neme ait di\u011fer k\u00fclt\u00fcrel veriler \u0131\u015f\u0131\u011f\u0131nda disiplinleraras\u0131 bir yakla\u015f\u0131mla incelenmi\u015ftir. Hedefimiz, Antik Yunanistan\u2019a dair geleneksel tarih anlat\u0131lar\u0131n\u0131n \u00f6tesine ge\u00e7erek, bireylerin g\u00fcndelik deneyimlerini g\u00f6r\u00fcn\u00fcr k\u0131lmak ve b\u00f6ylece d\u00f6nemin toplumsal yap\u0131s\u0131n\u0131 daha b\u00fct\u00fcnl\u00fckl\u00fc bir bi\u00e7imde ortaya koymakt\u0131r. Her sat\u0131r\u0131nda Antik Yunan evlerinin sessiz tan\u0131kl\u0131klar\u0131na kulak vermeye \u00e7al\u0131\u015ft\u0131\u011f\u0131m\u0131z bu \u00e7al\u0131\u015fman\u0131n, okura hem bilgi hem de d\u00fc\u015f\u00fcnsel zemin sa\u011flayaca\u011f\u0131n\u0131 umuyoruz. <\/p>\n","protected":false},"excerpt":{"rendered":"<p>Bu kitap, klasik filoloji, tarih, arkeoloji ve k\u00fclt\u00fcrel \u00e7al\u0131\u015fmalar alanlar\u0131nda e\u011fitim g\u00f6ren \u00f6\u011frenciler ile bu alanlarda \u00e7al\u0131\u015fan ara\u015ft\u0131rmac\u0131lar i\u00e7in bir ba\u015fvuru kayna\u011f\u0131 olma amac\u0131 ta\u015f\u0131maktad\u0131r. Ayr\u0131ca<span class=\"excerpt-hellip\"> [\u2026]<\/span><\/p>\n","protected":false},"featured_media":0,"template":"","meta":{"_monsterinsights_skip_tracking":false,"_monsterinsights_sitenote_active":false,"_monsterinsights_sitenote_note":"","_monsterinsights_sitenote_category":0},"product_brand":[],"product_cat":[13835],"product_tag":[],"class_list":{"0":"post-773885","1":"product","2":"type-product","3":"status-publish","5":"product_cat-cok-satanlar","6":"pa_cilt-ciltsiz","7":"pa_tur-kitap","8":"pa_yayinevi-toz-yayinlari","9":"pa_yazar-alice-zimmern","11":"first","12":"instock","13":"sale","14":"shipping-taxable","15":"purchasable","16":"product-type-simple"},"_links":{"self":[{"href":"https:\/\/roveyayinevi.com.tr\/index.php\/wp-json\/wp\/v2\/product\/773885","targetHints":{"allow":["GET"]}}],"collection":[{"href":"https:\/\/roveyayinevi.com.tr\/index.php\/wp-json\/wp\/v2\/product"}],"about":[{"href":"https:\/\/roveyayinevi.com.tr\/index.php\/wp-json\/wp\/v2\/types\/product"}],"wp:attachment":[{"href":"https:\/\/roveyayinevi.com.tr\/index.php\/wp-json\/wp\/v2\/media?parent=773885"}],"wp:term":[{"taxonomy":"product_brand","embeddable":true,"href":"https:\/\/roveyayinevi.com.tr\/index.php\/wp-json\/wp\/v2\/product_brand?post=773885"},{"taxonomy":"product_cat","embeddable":true,"href":"https:\/\/roveyayinevi.com.tr\/index.php\/wp-json\/wp\/v2\/product_cat?post=773885"},{"taxonomy":"product_tag","embeddable":true,"href":"https:\/\/roveyayinevi.com.tr\/index.php\/wp-json\/wp\/v2\/product_tag?post=773885"}],"curies":[{"name":"wp","href":"https:\/\/api.w.org\/{rel}","templated":true}]}}