{"id":773884,"date":"2025-08-28T16:32:50","date_gmt":"2025-08-28T13:32:50","guid":{"rendered":"https:\/\/roveyayinevi.com.tr\/index.php\/urun\/kurt-sorununda-cozum-parametreleri-ve-yontem\/"},"modified":"2026-04-15T03:39:59","modified_gmt":"2026-04-15T00:39:59","slug":"kurt-sorununda-cozum-parametreleri-ve-yontem","status":"publish","type":"product","link":"https:\/\/roveyayinevi.com.tr\/index.php\/urun\/kurt-sorununda-cozum-parametreleri-ve-yontem\/","title":{"rendered":"K\u00fcrt Sorununda \u00c7\u00f6z\u00fcm  Parametreleri Ve Y\u00f6ntem"},"content":{"rendered":"<p>\u0130ki as\u0131r boyunca \u015fiddet sarmal\u0131 i\u00e7inde karma\u015f\u0131kla\u015fan K\u00fcrt sorununun \u00e7\u00f6z\u00fcm\u00fcn\u00fc, \u00fc\u00e7l\u00fc sacaya\u011f\u0131na oturtarak \u00e7\u00f6zmek m\u00fcmk\u00fcnd\u00fcr. Temel paradigmal yakla\u015f\u0131m\u0131 belirleyen \u00fc\u00e7l\u00fc sacaya\u011f\u0131 \u2018\u00f6zg\u00fcrl\u00fck\u2019, \u2018demokrasi\u2019 ve \u2018farkl\u0131l\u0131klar\u0131n g\u00f6n\u00fcll\u00fc biraradal\u0131\u011f\u0131\u2019d\u0131r. T\u00fcrkiye ile merkezile\u015ferek bu \u00fc\u00e7l\u00fc sacaya\u011f\u0131 \u00fczerinden geli\u015ftirece\u011fimiz \u00e7\u00f6z\u00fcm ayn\u0131 zamanda b\u00f6lgesel kaostan \u00e7\u0131k\u0131\u015f\u0131n da form\u00fcl\u00fcn\u00fc i\u00e7erecektir. Y\u00f6ntem olarak da piramidin iki yan\u0131na dayand\u0131r\u0131lm\u0131\u015f e\u015fit basamakl\u0131 iki merdivenden taraflar\u0131n e\u015fzamanl\u0131 t\u0131rman\u0131\u015f\u0131n\u0131 konu\u015fabiliriz. Yol haritas\u0131 dedi\u011finiz \u015fey, taraflar\u0131 piramidin zirvesine e\u015fzamanl\u0131 \u00e7\u0131karacak ajandad\u0131r. Biraz daha basite indirgeyerek s\u00f6ylersek; \u00e7\u00f6z\u00fcm a\u015famalar\u0131n\u0131n takvimlendirilmesini konu\u015fuyor ve devletin yapacaklar\u0131 ile K\u00fcrt siyasetinin yapacaklar\u0131n\u0131n zaman uyumunu sa\u011flamaya \u00e7al\u0131\u015f\u0131yoruz. As\u0131l sorun te\u015fkil eden bu teferruatt\u0131r. \u00c7\u00fcnk\u00fc \u00e7\u00f6z\u00fcm s\u00fcrecinin nihayet bulaca\u011f\u0131 zirvede nelerin olaca\u011f\u0131 \u00f6nceden bellidir. \u00d6zg\u00fcrl\u00fck, demokrasi ve farkl\u0131l\u0131klar\u0131n g\u00f6n\u00fcll\u00fc biraradal\u0131\u011f\u0131 kapsam\u0131nda \u00e7\u00f6z\u00fcm sa\u011flanaca\u011f\u0131 i\u00e7in, K\u00fcrt halk\u0131n\u0131n talepleri kar\u015f\u0131l\u0131k bulacakt\u0131r. Ayn\u0131 zamanda birlikte ortak ya\u015fam kurgulanaca\u011f\u0131 i\u00e7in; T\u00fcrkiye\u2019nin bat\u0131 yakas\u0131n\u0131n, b\u00fct\u00fcnl\u00fck ve refah talebi de kar\u015f\u0131l\u0131k bulacakt\u0131r. <\/p>\n","protected":false},"excerpt":{"rendered":"<p>\u0130ki as\u0131r boyunca \u015fiddet sarmal\u0131 i\u00e7inde karma\u015f\u0131kla\u015fan K\u00fcrt sorununun \u00e7\u00f6z\u00fcm\u00fcn\u00fc, \u00fc\u00e7l\u00fc sacaya\u011f\u0131na oturtarak \u00e7\u00f6zmek m\u00fcmk\u00fcnd\u00fcr. Temel paradigmal yakla\u015f\u0131m\u0131 belirleyen \u00fc\u00e7l\u00fc sacaya\u011f\u0131 \u2018\u00f6zg\u00fcrl\u00fck\u2019, \u2018demokrasi\u2019 ve \u2018farkl\u0131l\u0131klar\u0131n g\u00f6n\u00fcll\u00fc<span class=\"excerpt-hellip\"> [\u2026]<\/span><\/p>\n","protected":false},"featured_media":0,"template":"","meta":{"_monsterinsights_skip_tracking":false,"_monsterinsights_sitenote_active":false,"_monsterinsights_sitenote_note":"","_monsterinsights_sitenote_category":0},"product_brand":[],"product_cat":[12337],"product_tag":[],"class_list":{"0":"post-773884","1":"product","2":"type-product","3":"status-publish","5":"product_cat-politika-siyaset","6":"pa_cilt-ciltsiz","7":"pa_tur-kitap","8":"pa_yayinevi-toz-yayinlari","9":"pa_yazar-adil-zozani","11":"first","12":"instock","13":"sale","14":"shipping-taxable","15":"purchasable","16":"product-type-simple"},"_links":{"self":[{"href":"https:\/\/roveyayinevi.com.tr\/index.php\/wp-json\/wp\/v2\/product\/773884","targetHints":{"allow":["GET"]}}],"collection":[{"href":"https:\/\/roveyayinevi.com.tr\/index.php\/wp-json\/wp\/v2\/product"}],"about":[{"href":"https:\/\/roveyayinevi.com.tr\/index.php\/wp-json\/wp\/v2\/types\/product"}],"wp:attachment":[{"href":"https:\/\/roveyayinevi.com.tr\/index.php\/wp-json\/wp\/v2\/media?parent=773884"}],"wp:term":[{"taxonomy":"product_brand","embeddable":true,"href":"https:\/\/roveyayinevi.com.tr\/index.php\/wp-json\/wp\/v2\/product_brand?post=773884"},{"taxonomy":"product_cat","embeddable":true,"href":"https:\/\/roveyayinevi.com.tr\/index.php\/wp-json\/wp\/v2\/product_cat?post=773884"},{"taxonomy":"product_tag","embeddable":true,"href":"https:\/\/roveyayinevi.com.tr\/index.php\/wp-json\/wp\/v2\/product_tag?post=773884"}],"curies":[{"name":"wp","href":"https:\/\/api.w.org\/{rel}","templated":true}]}}