{"id":773883,"date":"2025-08-28T16:32:47","date_gmt":"2025-08-28T13:32:47","guid":{"rendered":"https:\/\/roveyayinevi.com.tr\/index.php\/urun\/kaybolmus-ruhlar-sarayi-kralicenin-kizi-ciltli\/"},"modified":"2026-04-15T03:39:59","modified_gmt":"2026-04-15T00:39:59","slug":"kaybolmus-ruhlar-sarayi-kralicenin-kizi-ciltli","status":"publish","type":"product","link":"https:\/\/roveyayinevi.com.tr\/index.php\/urun\/kaybolmus-ruhlar-sarayi-kralicenin-kizi-ciltli\/","title":{"rendered":"Kaybolmu\u015f Ruhlar Saray\u0131 &#8211; Krali\u00e7enin K\u0131z\u0131 (Ciltli)"},"content":{"rendered":"<p>\u201cYER VE G\u00d6K B\u0130RLE\u015e\u0130RSE, KITANA. SEN\u0130 ANCAK O ZAMAN TERK EDER\u0130M.\u201d \u0130ki d\u00fc\u015fman aile, iki d\u00fc\u015fman \u00fclke:Zirakov ve Senteria\u2026 Ve art\u0131k, sava\u015f\u0131n kazanan\u0131 belli olmak \u00fczere. Zirakov \u00fclkesinin zalim krali\u00e7esi Irina, bu sava\u015f\u0131n kazanan\u0131 olmak i\u00e7in kimsenin beklemedi\u011fi bir hamle yaparak k\u0131z\u0131 Kitana\u2019y\u0131 d\u00fc\u015fman topraklar\u0131na casus olarak g\u00f6nderir. Kitana\u2019n\u0131n amac\u0131 Senteria\u2019y\u0131 i\u00e7ten \u00e7\u00f6kertmektir ancak Senteria\u2019n\u0131n kral\u0131 Estes, o\u011flu Vincent\u2019\u0131n Kitana\u2019yla evlenmesini emretti\u011finde Kitana\u2019n\u0131n t\u00fcm planlar\u0131 alt\u00fcst olur. Kendini bir anda kanla yaz\u0131lm\u0131\u015f bir taht oyununun ortas\u0131nda bulan Kitana, bu sava\u015f\u0131n galibi olmaya ve hak etti\u011fi tac\u0131 kazanmaya kararl\u0131d\u0131r. Hesaba katmad\u0131\u011f\u0131 \u015fudur ki; d\u00fc\u015fmanl\u0131ktan do\u011fan bir a\u015fk, imparatorluklar\u0131n kaderini sonsuza dek de\u011fi\u015ftirebilir. KAYBOLMU\u015e RUHLAR SARAYI, OKURLARI TAR\u0130H\u0130 B\u0130R YOLCULU\u011eA \u00c7IKARIYOR. HERKES\u0130N R\u00fcYASINI S\u00dcSLEYEN KARANLIK SARAYIN ARDINDA, \u0130HANET BAZEN EN BEKLEMED\u0130\u011e\u0130M\u0130Z YERDEN GELEN B\u0130R HAN\u00c7ER TUTUYOR.\u201cBeni yendin,\u201d dedim. \u201cTebrikler.\u201dSanki k\u00fc\u00e7\u00fck bir \u00e7ocu\u011fu inceliyormu\u015f gibi yumu\u015fak bak\u0131\u015flar\u0131n\u0131 g\u00f6zlerime dikti. Bir elini y\u00fcz\u00fcme d\u00fc\u015fen per\u00e7emlerime g\u00f6t\u00fcr\u00fcp kula\u011f\u0131m\u0131n arkas\u0131na att\u0131ktan sonra, \u201cHay\u0131r,\u201d dedi. \u201cBen sana yenildim.\u201d<\/p>\n","protected":false},"excerpt":{"rendered":"<p>\u201cYER VE G\u00d6K B\u0130RLE\u015e\u0130RSE, KITANA. SEN\u0130 ANCAK O ZAMAN TERK EDER\u0130M.\u201d \u0130ki d\u00fc\u015fman aile, iki d\u00fc\u015fman \u00fclke:Zirakov ve Senteria\u2026 Ve art\u0131k, sava\u015f\u0131n kazanan\u0131 belli olmak \u00fczere.<span class=\"excerpt-hellip\"> [\u2026]<\/span><\/p>\n","protected":false},"featured_media":0,"template":"","meta":{"_monsterinsights_skip_tracking":false,"_monsterinsights_sitenote_active":false,"_monsterinsights_sitenote_note":"","_monsterinsights_sitenote_category":0},"product_brand":[],"product_cat":[12291,12711],"product_tag":[],"class_list":{"0":"post-773883","1":"product","2":"type-product","3":"status-publish","5":"product_cat-edebiyat","6":"product_cat-roman-oyku","7":"pa_cilt-ciltli","8":"pa_tur-kitap","9":"pa_yayinevi-indigo-kitap","10":"pa_yazar-dilara-keskin","12":"first","13":"instock","14":"sale","15":"shipping-taxable","16":"purchasable","17":"product-type-simple"},"_links":{"self":[{"href":"https:\/\/roveyayinevi.com.tr\/index.php\/wp-json\/wp\/v2\/product\/773883","targetHints":{"allow":["GET"]}}],"collection":[{"href":"https:\/\/roveyayinevi.com.tr\/index.php\/wp-json\/wp\/v2\/product"}],"about":[{"href":"https:\/\/roveyayinevi.com.tr\/index.php\/wp-json\/wp\/v2\/types\/product"}],"wp:attachment":[{"href":"https:\/\/roveyayinevi.com.tr\/index.php\/wp-json\/wp\/v2\/media?parent=773883"}],"wp:term":[{"taxonomy":"product_brand","embeddable":true,"href":"https:\/\/roveyayinevi.com.tr\/index.php\/wp-json\/wp\/v2\/product_brand?post=773883"},{"taxonomy":"product_cat","embeddable":true,"href":"https:\/\/roveyayinevi.com.tr\/index.php\/wp-json\/wp\/v2\/product_cat?post=773883"},{"taxonomy":"product_tag","embeddable":true,"href":"https:\/\/roveyayinevi.com.tr\/index.php\/wp-json\/wp\/v2\/product_tag?post=773883"}],"curies":[{"name":"wp","href":"https:\/\/api.w.org\/{rel}","templated":true}]}}