{"id":773881,"date":"2025-08-28T16:32:43","date_gmt":"2025-08-28T13:32:43","guid":{"rendered":"https:\/\/roveyayinevi.com.tr\/index.php\/urun\/kaybolmus-ruhlar-sarayi-senterianin-varisi-ciltli\/"},"modified":"2026-04-15T03:39:59","modified_gmt":"2026-04-15T00:39:59","slug":"kaybolmus-ruhlar-sarayi-senterianin-varisi-ciltli","status":"publish","type":"product","link":"https:\/\/roveyayinevi.com.tr\/index.php\/urun\/kaybolmus-ruhlar-sarayi-senterianin-varisi-ciltli\/","title":{"rendered":"Kaybolmu\u015f Ruhlar Saray\u0131 &#8211; Senteria&#8217;n\u0131n Varisi (Ciltli)"},"content":{"rendered":"<p>&#8220;E\u011eER SANA BEN\u0130M G\u00d6ZLER\u0130MLE BAKAB\u0130LSEYD\u0130 SENDEN VAZGE\u00c7MEM\u0130 S\u00d6YLEMEZD\u0130.&#8221;Nefret ve iktidar sava\u015f\u0131n\u0131n ortas\u0131nda do\u011fan bir a\u015fktan daha \u00fcmitsizi var m\u0131d\u0131r? KITANA, Zirakov\u2019a d\u00f6ner fakat hi\u00e7bir \u015fey b\u0131rakt\u0131\u011f\u0131 gibi de\u011fildir. Kalbi k\u0131r\u0131lm\u0131\u015f, terk edilmi\u015f ve karde\u015fi Armin hari\u00e7 ailesinin tamam\u0131 ona s\u0131rt \u00e7evirmi\u015ftir. Kendi halk\u0131 bile onu art\u0131k prensesleri olarak de\u011fil, Senteria\u2019n\u0131n gelini olarak g\u00f6rmektedir. T\u00fcm bu karma\u015fan\u0131n i\u00e7inde hi\u00e7 beklemedi\u011fi haberle sars\u0131lan Kitana\u2019n\u0131n yolu, Zirakov\u2019un \u00fcnl\u00fc ressam\u0131 Leonardo Cliffordile kesi\u015fir. VINCENT\u2019in \u00f6fkesi herkesi yok edecek, g\u00f6\u011f\u00fc ikiye yaracak kadar g\u00fc\u00e7l\u00fcd\u00fcr. Ruhunu ele ge\u00e7iren karanl\u0131ktaki tek \u0131\u015f\u0131k Kitana\u2019ya duydu\u011fu \u00f6zlemdir. Kendini ihanete u\u011fram\u0131\u015f hissetse de verdi\u011fi karardan pi\u015fmand\u0131r ve herkesin ona aksini s\u00f6ylemesine ra\u011fmen Kitana\u2019y\u0131 Zirakov\u2019dan geri almaya kararl\u0131d\u0131r. Bu, Zirakov topraklar\u0131n\u0131 ve gerekirse kendini yak\u0131p k\u00fcl etmek anlam\u0131na gelse bile\u2026 KAYBOLMU\u015e RUHLAR SARAYI EFSANES\u0130KALDI\u011eI YERDEN DEVAM ED\u0130YOR. SIRLAR ORTAYA \u00c7IKARKEN, KAN BAZEN EN MASUMUNDAN AKIYOR.&#8221;Bir ceylan, aslandan daha tehlikeli olabilir, Kitana. Yeter ki k\u00f6\u015feye s\u0131k\u0131\u015fs\u0131n ve ya\u015famak i\u00e7in sava\u015fmaktan ba\u015fka \u015fans\u0131 kalmad\u0131\u011f\u0131n\u0131 anlas\u0131n.&#8221;<\/p>\n","protected":false},"excerpt":{"rendered":"<p>&#8220;E\u011eER SANA BEN\u0130M G\u00d6ZLER\u0130MLE BAKAB\u0130LSEYD\u0130 SENDEN VAZGE\u00c7MEM\u0130 S\u00d6YLEMEZD\u0130.&#8221;Nefret ve iktidar sava\u015f\u0131n\u0131n ortas\u0131nda do\u011fan bir a\u015fktan daha \u00fcmitsizi var m\u0131d\u0131r? KITANA, Zirakov\u2019a d\u00f6ner fakat hi\u00e7bir \u015fey b\u0131rakt\u0131\u011f\u0131<span class=\"excerpt-hellip\"> [\u2026]<\/span><\/p>\n","protected":false},"featured_media":0,"template":"","meta":{"_monsterinsights_skip_tracking":false,"_monsterinsights_sitenote_active":false,"_monsterinsights_sitenote_note":"","_monsterinsights_sitenote_category":0},"product_brand":[],"product_cat":[12291,12711],"product_tag":[],"class_list":{"0":"post-773881","1":"product","2":"type-product","3":"status-publish","5":"product_cat-edebiyat","6":"product_cat-roman-oyku","7":"pa_cilt-ciltli","8":"pa_tur-kitap","9":"pa_yayinevi-indigo-kitap","10":"pa_yazar-dilara-keskin","12":"first","13":"instock","14":"sale","15":"shipping-taxable","16":"purchasable","17":"product-type-simple"},"_links":{"self":[{"href":"https:\/\/roveyayinevi.com.tr\/index.php\/wp-json\/wp\/v2\/product\/773881","targetHints":{"allow":["GET"]}}],"collection":[{"href":"https:\/\/roveyayinevi.com.tr\/index.php\/wp-json\/wp\/v2\/product"}],"about":[{"href":"https:\/\/roveyayinevi.com.tr\/index.php\/wp-json\/wp\/v2\/types\/product"}],"wp:attachment":[{"href":"https:\/\/roveyayinevi.com.tr\/index.php\/wp-json\/wp\/v2\/media?parent=773881"}],"wp:term":[{"taxonomy":"product_brand","embeddable":true,"href":"https:\/\/roveyayinevi.com.tr\/index.php\/wp-json\/wp\/v2\/product_brand?post=773881"},{"taxonomy":"product_cat","embeddable":true,"href":"https:\/\/roveyayinevi.com.tr\/index.php\/wp-json\/wp\/v2\/product_cat?post=773881"},{"taxonomy":"product_tag","embeddable":true,"href":"https:\/\/roveyayinevi.com.tr\/index.php\/wp-json\/wp\/v2\/product_tag?post=773881"}],"curies":[{"name":"wp","href":"https:\/\/api.w.org\/{rel}","templated":true}]}}