{"id":773879,"date":"2025-08-28T16:32:39","date_gmt":"2025-08-28T13:32:39","guid":{"rendered":"https:\/\/roveyayinevi.com.tr\/index.php\/urun\/agackoy-peggy-stu-iz-pesinde\/"},"modified":"2026-04-15T03:39:59","modified_gmt":"2026-04-15T00:39:59","slug":"agackoy-peggy-stu-iz-pesinde","status":"publish","type":"product","link":"https:\/\/roveyayinevi.com.tr\/index.php\/urun\/agackoy-peggy-stu-iz-pesinde\/","title":{"rendered":"A\u011fa\u00e7k\u00f6y Peggy &amp; Stu \u0130z Pe\u015finde"},"content":{"rendered":"<p>Cesur dedektifler k\u00f6pek Peggy ve fare Stu ormandaki \u0130K\u0130 gizemli olay\u0131 \u00e7\u00f6z\u00fcyor.  Onlara yard\u0131m etmeye ne dersiniz?    Herkesin neden yap\u0131\u015f yap\u0131\u015f bal\u00e7\u0131kla kapl\u0131 uyand\u0131\u011f\u0131n\u0131 \u00e7\u00f6zebilecekler mi? Ya da bu y\u0131lki \u00c7amur Yar\u0131\u015f\u0131\u2019n\u0131n neden her zamankinden daha zor ve tehlikeli oldu\u011funu? \u00d6\u011frenmek i\u00e7in maceraya kat\u0131l\u0131n! <\/p>\n","protected":false},"excerpt":{"rendered":"<p>Cesur dedektifler k\u00f6pek Peggy ve fare Stu ormandaki \u0130K\u0130 gizemli olay\u0131 \u00e7\u00f6z\u00fcyor. Onlara yard\u0131m etmeye ne dersiniz? Herkesin neden yap\u0131\u015f yap\u0131\u015f bal\u00e7\u0131kla kapl\u0131 uyand\u0131\u011f\u0131n\u0131 \u00e7\u00f6zebilecekler mi?<span class=\"excerpt-hellip\"> [\u2026]<\/span><\/p>\n","protected":false},"featured_media":0,"template":"","meta":{"_monsterinsights_skip_tracking":false,"_monsterinsights_sitenote_active":false,"_monsterinsights_sitenote_note":"","_monsterinsights_sitenote_category":0},"product_brand":[],"product_cat":[12274,12284],"product_tag":[],"class_list":{"0":"post-773879","1":"product","2":"type-product","3":"status-publish","5":"product_cat-cocuk-ve-genclik-kitaplari","6":"product_cat-hikayeler","7":"pa_cilt-ciltsiz","8":"pa_tur-kitap","9":"pa_yayinevi-buyulu-fener-yayinlari","10":"pa_yazar-steve-roberts-joel-stewart","12":"first","13":"instock","14":"sale","15":"shipping-taxable","16":"purchasable","17":"product-type-simple"},"_links":{"self":[{"href":"https:\/\/roveyayinevi.com.tr\/index.php\/wp-json\/wp\/v2\/product\/773879","targetHints":{"allow":["GET"]}}],"collection":[{"href":"https:\/\/roveyayinevi.com.tr\/index.php\/wp-json\/wp\/v2\/product"}],"about":[{"href":"https:\/\/roveyayinevi.com.tr\/index.php\/wp-json\/wp\/v2\/types\/product"}],"wp:attachment":[{"href":"https:\/\/roveyayinevi.com.tr\/index.php\/wp-json\/wp\/v2\/media?parent=773879"}],"wp:term":[{"taxonomy":"product_brand","embeddable":true,"href":"https:\/\/roveyayinevi.com.tr\/index.php\/wp-json\/wp\/v2\/product_brand?post=773879"},{"taxonomy":"product_cat","embeddable":true,"href":"https:\/\/roveyayinevi.com.tr\/index.php\/wp-json\/wp\/v2\/product_cat?post=773879"},{"taxonomy":"product_tag","embeddable":true,"href":"https:\/\/roveyayinevi.com.tr\/index.php\/wp-json\/wp\/v2\/product_tag?post=773879"}],"curies":[{"name":"wp","href":"https:\/\/api.w.org\/{rel}","templated":true}]}}