{"id":773877,"date":"2025-08-28T16:32:36","date_gmt":"2025-08-28T13:32:36","guid":{"rendered":"https:\/\/roveyayinevi.com.tr\/index.php\/urun\/felsefeye-giris-11\/"},"modified":"2025-11-09T11:49:12","modified_gmt":"2025-11-09T08:49:12","slug":"felsefeye-giris-11","status":"publish","type":"product","link":"https:\/\/roveyayinevi.com.tr\/index.php\/urun\/felsefeye-giris-11\/","title":{"rendered":"Felsefeye Giri\u015f"},"content":{"rendered":"<p>Genellikle a\u015f\u0131lmas\u0131 g\u00fc\u00e7 bir yol olarak g\u00f6r\u00fclen felsefeyi \u00f6\u011frenmek isteyenlerin kar\u015f\u0131la\u015ft\u0131\u011f\u0131 en b\u00fcy\u00fck sorunlardan biri, nereden ba\u015flayaca\u011f\u0131n\u0131 bilememektir. Yirmi be\u015f y\u00fczy\u0131ll\u0131k gelene\u011fin, y\u00fczlerce filozofun bu kapsaml\u0131 ara\u015ft\u0131rma ve d\u00fc\u015f\u00fcnme alan\u0131nda \u00fcretti\u011fi say\u0131s\u0131z metin bir taraf\u0131yla hayranl\u0131k uyand\u0131r\u0131c\u0131 bir \u00e7aba, di\u011fer taraf\u0131yla da korkutucu bir k\u00fclliyat olarak g\u00f6r\u00fclebilir. Felsefenin bu zenginli\u011finin tad\u0131n\u0131 \u00e7\u0131karmak i\u00e7in en iyi yol, bir felsefeye giri\u015f kitab\u0131yla \u00f6nce genel bilgi sahibi olmakt\u0131r. Ahmet Arslan\u2019\u0131n Felsefeye Giri\u015f kitab\u0131, felsefenin tan\u0131m\u0131ndan ba\u015flayarak bu alanda kar\u015f\u0131n\u0131za \u00e7\u0131kabilecek ba\u015fl\u0131ca sorular\u0131 ve yan\u0131t \u00f6nerilerini g\u00fcndeme getiriyor. Felsefenin temel disiplinlerini ayr\u0131nt\u0131l\u0131 ve anla\u015f\u0131l\u0131r bir dille inceleyen Arslan, hem kavramlar aras\u0131nda bir tutarl\u0131l\u0131k kurarak hem de felsefe tarihinden farkl\u0131 d\u00fc\u015f\u00fcn\u00fcrlerin fikirlerine yer vererek ilerliyor. Bilgi, bilim, varl\u0131k, ahlak, siyaset, tarih, hukuk, sanat, din ve e\u011fitim felsefelerini ele alan bu kitab\u0131nda Arslan, farkl\u0131 disiplinlerdeki uzmanl\u0131klar\u0131n\u0131 bir araya getirerek, her t\u00fcrden okurun kolayl\u0131kla takip edebilece\u011fi bir rehberlik yap\u0131yor. Bu anlamda Felsefeye Giri\u015f, felsefenin yolunda kaybolmadan y\u00fcr\u00fcmek, ele\u015ftirel ve analitik d\u00fc\u015f\u00fcnmenin pe\u015finden gitmek isteyenler i\u00e7in g\u00fczel bir f\u0131rsat sunuyor. <\/p>\n","protected":false},"excerpt":{"rendered":"<p>Genellikle a\u015f\u0131lmas\u0131 g\u00fc\u00e7 bir yol olarak g\u00f6r\u00fclen felsefeyi \u00f6\u011frenmek isteyenlerin kar\u015f\u0131la\u015ft\u0131\u011f\u0131 en b\u00fcy\u00fck sorunlardan biri, nereden ba\u015flayaca\u011f\u0131n\u0131 bilememektir. Yirmi be\u015f y\u00fczy\u0131ll\u0131k gelene\u011fin, y\u00fczlerce filozofun bu kapsaml\u0131<span class=\"excerpt-hellip\"> [\u2026]<\/span><\/p>\n","protected":false},"featured_media":0,"template":"","meta":{"_monsterinsights_skip_tracking":false,"_monsterinsights_sitenote_active":false,"_monsterinsights_sitenote_note":"","_monsterinsights_sitenote_category":0},"product_brand":[],"product_cat":[12388],"product_tag":[],"class_list":{"0":"post-773877","1":"product","2":"type-product","3":"status-publish","5":"product_cat-felsefe","6":"pa_cilt-ciltsiz","7":"pa_tur-kitap","8":"pa_yayinevi-alfa-yayinlari","9":"pa_yazar-ahmet-arslan","11":"first","12":"instock","13":"sale","14":"shipping-taxable","15":"purchasable","16":"product-type-simple"},"_links":{"self":[{"href":"https:\/\/roveyayinevi.com.tr\/index.php\/wp-json\/wp\/v2\/product\/773877","targetHints":{"allow":["GET"]}}],"collection":[{"href":"https:\/\/roveyayinevi.com.tr\/index.php\/wp-json\/wp\/v2\/product"}],"about":[{"href":"https:\/\/roveyayinevi.com.tr\/index.php\/wp-json\/wp\/v2\/types\/product"}],"wp:attachment":[{"href":"https:\/\/roveyayinevi.com.tr\/index.php\/wp-json\/wp\/v2\/media?parent=773877"}],"wp:term":[{"taxonomy":"product_brand","embeddable":true,"href":"https:\/\/roveyayinevi.com.tr\/index.php\/wp-json\/wp\/v2\/product_brand?post=773877"},{"taxonomy":"product_cat","embeddable":true,"href":"https:\/\/roveyayinevi.com.tr\/index.php\/wp-json\/wp\/v2\/product_cat?post=773877"},{"taxonomy":"product_tag","embeddable":true,"href":"https:\/\/roveyayinevi.com.tr\/index.php\/wp-json\/wp\/v2\/product_tag?post=773877"}],"curies":[{"name":"wp","href":"https:\/\/api.w.org\/{rel}","templated":true}]}}