{"id":773876,"date":"2025-08-28T16:32:33","date_gmt":"2025-08-28T13:32:33","guid":{"rendered":"https:\/\/roveyayinevi.com.tr\/index.php\/urun\/mephisto-ciltli\/"},"modified":"2026-04-15T03:39:59","modified_gmt":"2026-04-15T00:39:59","slug":"mephisto-ciltli","status":"publish","type":"product","link":"https:\/\/roveyayinevi.com.tr\/index.php\/urun\/mephisto-ciltli\/","title":{"rendered":"Mephisto (Ciltli)"},"content":{"rendered":"<p>\u201cSonra bir g\u00fcn, Arkan\u0131 d\u00f6n\u00fcp bakt\u0131n ve ben anlad\u0131m ki ilk kez biri benim taraf\u0131mdayd\u0131.\u201d   \u201cEvet, \u00f6yleyse ben, sen olurum. Sen de ben.\u201d   Avare bir k\u00f6pe\u011fe d\u00f6n\u00fc\u015fen \u015eeytan Mephisto\u2019yla yapayaln\u0131z bir k\u0131z \u00e7ocu\u011funun payla\u015ft\u0131\u011f\u0131, \u201ckar\u015f\u0131l\u0131kl\u0131 teselli, empati ve umut mesaj\u0131.\u201d   Luly\u2019nin \u201cEn Uzun Gece\u201d ve \u201cNihayetinde Bremen\u2019e Gidemediler,\u201d adl\u0131 kitaplar\u0131ndaki duyguyu s\u00fcrd\u00fcren yeni eseri.<\/p>\n","protected":false},"excerpt":{"rendered":"<p>\u201cSonra bir g\u00fcn, Arkan\u0131 d\u00f6n\u00fcp bakt\u0131n ve ben anlad\u0131m ki ilk kez biri benim taraf\u0131mdayd\u0131.\u201d \u201cEvet, \u00f6yleyse ben, sen olurum. Sen de ben.\u201d Avare bir k\u00f6pe\u011fe<span class=\"excerpt-hellip\"> [\u2026]<\/span><\/p>\n","protected":false},"featured_media":0,"template":"","meta":{"_monsterinsights_skip_tracking":false,"_monsterinsights_sitenote_active":false,"_monsterinsights_sitenote_note":"","_monsterinsights_sitenote_category":0},"product_brand":[],"product_cat":[12416,12291],"product_tag":[],"class_list":{"0":"post-773876","1":"product","2":"type-product","3":"status-publish","5":"product_cat-cizgi-roman","6":"product_cat-edebiyat","7":"pa_cilt-ciltli","8":"pa_tur-kitap","9":"pa_yayinevi-artemis-yayinlari","10":"pa_yazar-luly","12":"first","13":"instock","14":"sale","15":"shipping-taxable","16":"purchasable","17":"product-type-simple"},"_links":{"self":[{"href":"https:\/\/roveyayinevi.com.tr\/index.php\/wp-json\/wp\/v2\/product\/773876","targetHints":{"allow":["GET"]}}],"collection":[{"href":"https:\/\/roveyayinevi.com.tr\/index.php\/wp-json\/wp\/v2\/product"}],"about":[{"href":"https:\/\/roveyayinevi.com.tr\/index.php\/wp-json\/wp\/v2\/types\/product"}],"wp:attachment":[{"href":"https:\/\/roveyayinevi.com.tr\/index.php\/wp-json\/wp\/v2\/media?parent=773876"}],"wp:term":[{"taxonomy":"product_brand","embeddable":true,"href":"https:\/\/roveyayinevi.com.tr\/index.php\/wp-json\/wp\/v2\/product_brand?post=773876"},{"taxonomy":"product_cat","embeddable":true,"href":"https:\/\/roveyayinevi.com.tr\/index.php\/wp-json\/wp\/v2\/product_cat?post=773876"},{"taxonomy":"product_tag","embeddable":true,"href":"https:\/\/roveyayinevi.com.tr\/index.php\/wp-json\/wp\/v2\/product_tag?post=773876"}],"curies":[{"name":"wp","href":"https:\/\/api.w.org\/{rel}","templated":true}]}}