{"id":773874,"date":"2025-08-28T16:32:29","date_gmt":"2025-08-28T13:32:29","guid":{"rendered":"https:\/\/roveyayinevi.com.tr\/index.php\/urun\/minik-yolculuklar-insaat-ciltli\/"},"modified":"2026-04-13T03:36:05","modified_gmt":"2026-04-13T00:36:05","slug":"minik-yolculuklar-insaat-ciltli","status":"publish","type":"product","link":"https:\/\/roveyayinevi.com.tr\/index.php\/urun\/minik-yolculuklar-insaat-ciltli\/","title":{"rendered":"Minik Yolculuklar &#8211; \u0130n\u015faat (Ciltli)"},"content":{"rendered":"<p>Arac\u0131n\u0131n i\u00e7ine atla ve s\u00fcrmeye ba\u015fla!   On kal\u0131n sayfa ve i\u00e7inde be\u015f s\u00fcr\u00fc\u015f rotas\u0131.   Hedefini belirle, harekete ge\u00e7.   Erken \u00d6\u011frenme K\u0131lavuzu: D\u00fc\u015f\u00fcnme ve hayal g\u00fcc\u00fc El-g\u00f6z koordinasyonu 3+ ya\u015f ve \u00fczeri i\u00e7in uygundur. <\/p>\n","protected":false},"excerpt":{"rendered":"<p>Arac\u0131n\u0131n i\u00e7ine atla ve s\u00fcrmeye ba\u015fla! On kal\u0131n sayfa ve i\u00e7inde be\u015f s\u00fcr\u00fc\u015f rotas\u0131. Hedefini belirle, harekete ge\u00e7. Erken \u00d6\u011frenme K\u0131lavuzu: D\u00fc\u015f\u00fcnme ve hayal g\u00fcc\u00fc El-g\u00f6z<span class=\"excerpt-hellip\"> [\u2026]<\/span><\/p>\n","protected":false},"featured_media":0,"template":"","meta":{"_monsterinsights_skip_tracking":false,"_monsterinsights_sitenote_active":false,"_monsterinsights_sitenote_note":"","_monsterinsights_sitenote_category":0},"product_brand":[],"product_cat":[12274,12518],"product_tag":[],"class_list":{"0":"post-773874","1":"product","2":"type-product","3":"status-publish","5":"product_cat-cocuk-ve-genclik-kitaplari","6":"product_cat-okul-oncesi-kitaplar","7":"pa_cilt-ciltli","8":"pa_tur-kitap","9":"pa_yayinevi-indigo-cocuk","10":"pa_yazar-kolektif","12":"first","13":"instock","14":"sale","15":"shipping-taxable","16":"purchasable","17":"product-type-simple"},"_links":{"self":[{"href":"https:\/\/roveyayinevi.com.tr\/index.php\/wp-json\/wp\/v2\/product\/773874","targetHints":{"allow":["GET"]}}],"collection":[{"href":"https:\/\/roveyayinevi.com.tr\/index.php\/wp-json\/wp\/v2\/product"}],"about":[{"href":"https:\/\/roveyayinevi.com.tr\/index.php\/wp-json\/wp\/v2\/types\/product"}],"wp:attachment":[{"href":"https:\/\/roveyayinevi.com.tr\/index.php\/wp-json\/wp\/v2\/media?parent=773874"}],"wp:term":[{"taxonomy":"product_brand","embeddable":true,"href":"https:\/\/roveyayinevi.com.tr\/index.php\/wp-json\/wp\/v2\/product_brand?post=773874"},{"taxonomy":"product_cat","embeddable":true,"href":"https:\/\/roveyayinevi.com.tr\/index.php\/wp-json\/wp\/v2\/product_cat?post=773874"},{"taxonomy":"product_tag","embeddable":true,"href":"https:\/\/roveyayinevi.com.tr\/index.php\/wp-json\/wp\/v2\/product_tag?post=773874"}],"curies":[{"name":"wp","href":"https:\/\/api.w.org\/{rel}","templated":true}]}}