{"id":773863,"date":"2025-08-28T16:32:01","date_gmt":"2025-08-28T13:32:01","guid":{"rendered":"https:\/\/roveyayinevi.com.tr\/index.php\/urun\/disney-prenses-kilala-2\/"},"modified":"2026-04-15T03:39:59","modified_gmt":"2026-04-15T00:39:59","slug":"disney-prenses-kilala-2","status":"publish","type":"product","link":"https:\/\/roveyayinevi.com.tr\/index.php\/urun\/disney-prenses-kilala-2\/","title":{"rendered":"Disney Prenses Kilala 2"},"content":{"rendered":"<p>K\u00f6t\u00fc Krali\u00e7e, Kilala ile Rei\u2019yi saraya hapsetti! Kilala, Rei\u2019nin sihirli tac\u0131n\u0131 Krali\u00e7e\u2019ye vermezse zehirli elmay\u0131 yemek zorunda kalacak. Tam zaman\u0131nda yard\u0131ma ko\u015fan Pamuk Prenses Elmay\u0131 kendisinin yemesini \u00f6neriyor. Peki, Kilala hem tac\u0131 koruyup hem de Pamuk Prenses\u2019i kurtarabilecek mi? Pop\u00fcler serinin bu yepyeni cildi en g\u00fczel Disney Prensesleri ve sihirle dolu! <\/p>\n","protected":false},"excerpt":{"rendered":"<p>K\u00f6t\u00fc Krali\u00e7e, Kilala ile Rei\u2019yi saraya hapsetti! Kilala, Rei\u2019nin sihirli tac\u0131n\u0131 Krali\u00e7e\u2019ye vermezse zehirli elmay\u0131 yemek zorunda kalacak. Tam zaman\u0131nda yard\u0131ma ko\u015fan Pamuk Prenses Elmay\u0131 kendisinin<span class=\"excerpt-hellip\"> [\u2026]<\/span><\/p>\n","protected":false},"featured_media":0,"template":"","meta":{"_monsterinsights_skip_tracking":false,"_monsterinsights_sitenote_active":false,"_monsterinsights_sitenote_note":"","_monsterinsights_sitenote_category":0},"product_brand":[],"product_cat":[12416,12291],"product_tag":[],"class_list":{"0":"post-773863","1":"product","2":"type-product","3":"status-publish","5":"product_cat-cizgi-roman","6":"product_cat-edebiyat","7":"pa_cilt-ciltsiz","8":"pa_tur-kitap","9":"pa_yayinevi-beta-byou","10":"pa_yazar-rika-tanaka","12":"first","13":"instock","14":"sale","15":"shipping-taxable","16":"purchasable","17":"product-type-simple"},"_links":{"self":[{"href":"https:\/\/roveyayinevi.com.tr\/index.php\/wp-json\/wp\/v2\/product\/773863","targetHints":{"allow":["GET"]}}],"collection":[{"href":"https:\/\/roveyayinevi.com.tr\/index.php\/wp-json\/wp\/v2\/product"}],"about":[{"href":"https:\/\/roveyayinevi.com.tr\/index.php\/wp-json\/wp\/v2\/types\/product"}],"wp:attachment":[{"href":"https:\/\/roveyayinevi.com.tr\/index.php\/wp-json\/wp\/v2\/media?parent=773863"}],"wp:term":[{"taxonomy":"product_brand","embeddable":true,"href":"https:\/\/roveyayinevi.com.tr\/index.php\/wp-json\/wp\/v2\/product_brand?post=773863"},{"taxonomy":"product_cat","embeddable":true,"href":"https:\/\/roveyayinevi.com.tr\/index.php\/wp-json\/wp\/v2\/product_cat?post=773863"},{"taxonomy":"product_tag","embeddable":true,"href":"https:\/\/roveyayinevi.com.tr\/index.php\/wp-json\/wp\/v2\/product_tag?post=773863"}],"curies":[{"name":"wp","href":"https:\/\/api.w.org\/{rel}","templated":true}]}}