{"id":773862,"date":"2025-08-28T16:32:00","date_gmt":"2025-08-28T13:32:00","guid":{"rendered":"https:\/\/roveyayinevi.com.tr\/index.php\/urun\/zen-ogreten-kedi-ciltli\/"},"modified":"2026-04-15T03:39:59","modified_gmt":"2026-04-15T00:39:59","slug":"zen-ogreten-kedi-ciltli","status":"publish","type":"product","link":"https:\/\/roveyayinevi.com.tr\/index.php\/urun\/zen-ogreten-kedi-ciltli\/","title":{"rendered":"Zen \u00d6\u011freten Kedi (Ciltli)"},"content":{"rendered":"<p>Elinizde duran bu muhte\u015fem yolculuk \u00f6yk\u00fcs\u00fc, g\u00f6lgesinde sonsuz bilgeli\u011fin bulundu\u011funa inan\u0131lan Kadim A\u011fa\u00e7\u2019\u0131 arayan kahraman\u0131m\u0131z Kedi\u2019nin hik\u00e2yesidir.   Ke\u015fif yolculu\u011fu tam da bu sebeple ba\u015flar. Ancak yol \u00e7atallanacak, dallan\u0131p budaklanacak, beklenmedik kar\u015f\u0131la\u015fmalarla \u00f6ng\u00f6r\u00fclemez bir h\u00e2l alacakt\u0131r\u2026 Tam da esasl\u0131 bir aray\u0131\u015ftan beklenebilece\u011fi gibi!   Kedi, yol boyunca bamba\u015fka karakterlere sahip hayvanlarla y\u00fcz y\u00fcze gelecektir: Fazlas\u0131yla endi\u015feli, d\u00fc\u015f\u00fcncelerinin h\u0131z\u0131na yeti\u015femeyen bir maymundan tutun da hayattan b\u0131km\u0131\u015f bir kaplumba\u011fa ve \u00f6fkesiyle m\u00fccadele eden bir kaplana, kafas\u0131 kar\u0131\u015fm\u0131\u015f bir kurt yavrusuna ve a\u00e7g\u00f6zl\u00fc bir kargaya dek, derdiyle b\u00fct\u00fcn olmu\u015f canl\u0131lar korosu\u2026   Her birinin de anlatacak bir hik\u00e2yesi, payla\u015facak dersleri var. T\u0131pk\u0131 k\u00fc\u00e7\u00fck bir yavru kediyle tan\u0131\u015ft\u0131ktan sonra kendi a\u00e7maz\u0131na d\u00fc\u015f\u00fcp her \u015feyi sorgulamaya ba\u015flayacak olan kahraman\u0131m\u0131z Kedi gibi.   James Norbury, hayat\u0131n\u0131n bir noktas\u0131nda yolunu kaybeden herkesin elinden tutmay\u0131 dileyerek bir kez daha okurla bulu\u015fuyor! <\/p>\n","protected":false},"excerpt":{"rendered":"<p>Elinizde duran bu muhte\u015fem yolculuk \u00f6yk\u00fcs\u00fc, g\u00f6lgesinde sonsuz bilgeli\u011fin bulundu\u011funa inan\u0131lan Kadim A\u011fa\u00e7\u2019\u0131 arayan kahraman\u0131m\u0131z Kedi\u2019nin hik\u00e2yesidir. Ke\u015fif yolculu\u011fu tam da bu sebeple ba\u015flar. Ancak yol<span class=\"excerpt-hellip\"> [\u2026]<\/span><\/p>\n","protected":false},"featured_media":0,"template":"","meta":{"_monsterinsights_skip_tracking":false,"_monsterinsights_sitenote_active":false,"_monsterinsights_sitenote_note":"","_monsterinsights_sitenote_category":0},"product_brand":[],"product_cat":[12364,12376],"product_tag":[],"class_list":{"0":"post-773862","1":"product","2":"type-product","3":"status-publish","5":"product_cat-genel-konular","6":"product_cat-kisisel-gelisim","7":"pa_cilt-ciltli","8":"pa_tur-kitap","9":"pa_yayinevi-epsilon-yayinlari","10":"pa_yazar-james-norbury","12":"first","13":"instock","14":"sale","15":"shipping-taxable","16":"purchasable","17":"product-type-simple"},"_links":{"self":[{"href":"https:\/\/roveyayinevi.com.tr\/index.php\/wp-json\/wp\/v2\/product\/773862","targetHints":{"allow":["GET"]}}],"collection":[{"href":"https:\/\/roveyayinevi.com.tr\/index.php\/wp-json\/wp\/v2\/product"}],"about":[{"href":"https:\/\/roveyayinevi.com.tr\/index.php\/wp-json\/wp\/v2\/types\/product"}],"wp:attachment":[{"href":"https:\/\/roveyayinevi.com.tr\/index.php\/wp-json\/wp\/v2\/media?parent=773862"}],"wp:term":[{"taxonomy":"product_brand","embeddable":true,"href":"https:\/\/roveyayinevi.com.tr\/index.php\/wp-json\/wp\/v2\/product_brand?post=773862"},{"taxonomy":"product_cat","embeddable":true,"href":"https:\/\/roveyayinevi.com.tr\/index.php\/wp-json\/wp\/v2\/product_cat?post=773862"},{"taxonomy":"product_tag","embeddable":true,"href":"https:\/\/roveyayinevi.com.tr\/index.php\/wp-json\/wp\/v2\/product_tag?post=773862"}],"curies":[{"name":"wp","href":"https:\/\/api.w.org\/{rel}","templated":true}]}}