{"id":773861,"date":"2025-08-28T16:31:57","date_gmt":"2025-08-28T13:31:57","guid":{"rendered":"https:\/\/roveyayinevi.com.tr\/index.php\/urun\/disney-prenses-kilala-1\/"},"modified":"2026-04-15T03:39:59","modified_gmt":"2026-04-15T00:39:59","slug":"disney-prenses-kilala-1","status":"publish","type":"product","link":"https:\/\/roveyayinevi.com.tr\/index.php\/urun\/disney-prenses-kilala-1\/","title":{"rendered":"Disney Prenses Kilala 1"},"content":{"rendered":"<p>Kilala, Rei isminde bir uyuyan prensi uyand\u0131rd\u0131\u011f\u0131nda sihirli bir bi\u00e7imde prenses g\u00fcc\u00fc kazan\u0131r. Arkada\u015f\u0131 Erica ka\u00e7\u0131r\u0131l\u0131nca Rei\u2019yle birlikte onu kurtarmak i\u00e7in yola koyulmak zorunda kal\u0131rlar. Ariel, Sindirella, Yasemin, Pamuk Prenses ve Bella gibi en \u00fcnl\u00fc Disney Prensesleriyle dolu Prenses Kilala serisi, sihirli bir macerayla ba\u015fl\u0131yor! <\/p>\n","protected":false},"excerpt":{"rendered":"<p>Kilala, Rei isminde bir uyuyan prensi uyand\u0131rd\u0131\u011f\u0131nda sihirli bir bi\u00e7imde prenses g\u00fcc\u00fc kazan\u0131r. Arkada\u015f\u0131 Erica ka\u00e7\u0131r\u0131l\u0131nca Rei\u2019yle birlikte onu kurtarmak i\u00e7in yola koyulmak zorunda kal\u0131rlar. Ariel,<span class=\"excerpt-hellip\"> [\u2026]<\/span><\/p>\n","protected":false},"featured_media":0,"template":"","meta":{"_monsterinsights_skip_tracking":false,"_monsterinsights_sitenote_active":false,"_monsterinsights_sitenote_note":"","_monsterinsights_sitenote_category":0},"product_brand":[],"product_cat":[12416,12291],"product_tag":[],"class_list":{"0":"post-773861","1":"product","2":"type-product","3":"status-publish","5":"product_cat-cizgi-roman","6":"product_cat-edebiyat","7":"pa_cilt-ciltsiz","8":"pa_tur-kitap","9":"pa_yayinevi-beta-byou","10":"pa_yazar-rika-tanaka","12":"first","13":"instock","14":"sale","15":"shipping-taxable","16":"purchasable","17":"product-type-simple"},"_links":{"self":[{"href":"https:\/\/roveyayinevi.com.tr\/index.php\/wp-json\/wp\/v2\/product\/773861","targetHints":{"allow":["GET"]}}],"collection":[{"href":"https:\/\/roveyayinevi.com.tr\/index.php\/wp-json\/wp\/v2\/product"}],"about":[{"href":"https:\/\/roveyayinevi.com.tr\/index.php\/wp-json\/wp\/v2\/types\/product"}],"wp:attachment":[{"href":"https:\/\/roveyayinevi.com.tr\/index.php\/wp-json\/wp\/v2\/media?parent=773861"}],"wp:term":[{"taxonomy":"product_brand","embeddable":true,"href":"https:\/\/roveyayinevi.com.tr\/index.php\/wp-json\/wp\/v2\/product_brand?post=773861"},{"taxonomy":"product_cat","embeddable":true,"href":"https:\/\/roveyayinevi.com.tr\/index.php\/wp-json\/wp\/v2\/product_cat?post=773861"},{"taxonomy":"product_tag","embeddable":true,"href":"https:\/\/roveyayinevi.com.tr\/index.php\/wp-json\/wp\/v2\/product_tag?post=773861"}],"curies":[{"name":"wp","href":"https:\/\/api.w.org\/{rel}","templated":true}]}}