{"id":773858,"date":"2025-08-28T16:31:51","date_gmt":"2025-08-28T13:31:51","guid":{"rendered":"https:\/\/roveyayinevi.com.tr\/index.php\/urun\/animosa\/"},"modified":"2026-04-15T03:39:58","modified_gmt":"2026-04-15T00:39:58","slug":"animosa","status":"publish","type":"product","link":"https:\/\/roveyayinevi.com.tr\/index.php\/urun\/animosa\/","title":{"rendered":"Animosa"},"content":{"rendered":"<p>G\u00fcc\u00fcn\u00fc Yeniden Hat\u0131rla   Her \u015fey tesad\u00fcf m\u00fcyd\u00fc yoksa ruhun zaten biliyor muydu?   Evren sana hep seslendi. Y\u0131ld\u0131zlar f\u0131s\u0131ldad\u0131, kalbin \u00e7arpt\u0131. Ama hayat\u0131n g\u00fcr\u00fclt\u00fcs\u00fc i\u00e7inde \u00e7o\u011fu zaman duymad\u0131n.   \u0130\u015fte \u015fimdi, i\u00e7indeki y\u0131ld\u0131zla yeniden bulu\u015fma zaman\u0131. Animosa, ruhunun g\u00fcc\u00fcn\u00fc hat\u0131rlaman i\u00e7in yaz\u0131ld\u0131.   K\u0131r\u0131ld\u0131\u011f\u0131n yerden nas\u0131l parlad\u0131\u011f\u0131n\u0131, zorluklar\u0131n asl\u0131nda neden d\u00f6n\u00fc\u015f\u00fcm \u00e7a\u011fr\u0131s\u0131 oldu\u011funu, her d\u00f6ng\u00fcn\u00fcn sana ne \u00f6\u011fretmek istedi\u011fini anlayacaks\u0131n. Animosa ile ge\u00e7mi\u015f, gelecek ve \u015fimdi ile ba\u011f kuracak, ili\u015fkilerindeki \u00e7ekim g\u00fcc\u00fcn\u00fcn ve se\u00e7imlerinin fark\u0131n\u0131 ve morfik rezonans\u0131n\u0131n g\u00fcc\u00fcn\u00fc ke\u015ffedeceksin.   Astrolojik d\u00f6ng\u00fclerden tesad\u00fcf sand\u0131\u011f\u0131n kar\u015f\u0131la\u015fmalara, bilin\u00e7alt\u0131 kal\u0131plardan kolektif enerjiye kadar bu kitap, seni kendi \u0131\u015f\u0131\u011f\u0131na y\u00fcr\u00fcmeye davet ediyor.   \u00c7\u00fcnk\u00fc sen hep g\u00fc\u00e7l\u00fcyd\u00fcn. Sadece hat\u0131rlaman gerekiyordu. Animosa, cesaretle yaz\u0131lm\u0131\u015f bir ruh haritas\u0131 rehberi. Bu kitaptan sonra hi\u00e7bir \u015fey tekrar etmeyecek. Sadece hat\u0131rla. Animosa&#8230; <\/p>\n","protected":false},"excerpt":{"rendered":"<p>G\u00fcc\u00fcn\u00fc Yeniden Hat\u0131rla Her \u015fey tesad\u00fcf m\u00fcyd\u00fc yoksa ruhun zaten biliyor muydu? Evren sana hep seslendi. Y\u0131ld\u0131zlar f\u0131s\u0131ldad\u0131, kalbin \u00e7arpt\u0131. Ama hayat\u0131n g\u00fcr\u00fclt\u00fcs\u00fc i\u00e7inde \u00e7o\u011fu zaman<span class=\"excerpt-hellip\"> [\u2026]<\/span><\/p>\n","protected":false},"featured_media":0,"template":"","meta":{"_monsterinsights_skip_tracking":false,"_monsterinsights_sitenote_active":false,"_monsterinsights_sitenote_note":"","_monsterinsights_sitenote_category":0},"product_brand":[],"product_cat":[12364,12376],"product_tag":[],"class_list":{"0":"post-773858","1":"product","2":"type-product","3":"status-publish","5":"product_cat-genel-konular","6":"product_cat-kisisel-gelisim","7":"pa_cilt-ciltsiz","8":"pa_tur-kitap","9":"pa_yayinevi-nemesis-kitap","10":"pa_yazar-merve-senturk-gezici","12":"first","13":"instock","14":"sale","15":"shipping-taxable","16":"purchasable","17":"product-type-simple"},"_links":{"self":[{"href":"https:\/\/roveyayinevi.com.tr\/index.php\/wp-json\/wp\/v2\/product\/773858","targetHints":{"allow":["GET"]}}],"collection":[{"href":"https:\/\/roveyayinevi.com.tr\/index.php\/wp-json\/wp\/v2\/product"}],"about":[{"href":"https:\/\/roveyayinevi.com.tr\/index.php\/wp-json\/wp\/v2\/types\/product"}],"wp:attachment":[{"href":"https:\/\/roveyayinevi.com.tr\/index.php\/wp-json\/wp\/v2\/media?parent=773858"}],"wp:term":[{"taxonomy":"product_brand","embeddable":true,"href":"https:\/\/roveyayinevi.com.tr\/index.php\/wp-json\/wp\/v2\/product_brand?post=773858"},{"taxonomy":"product_cat","embeddable":true,"href":"https:\/\/roveyayinevi.com.tr\/index.php\/wp-json\/wp\/v2\/product_cat?post=773858"},{"taxonomy":"product_tag","embeddable":true,"href":"https:\/\/roveyayinevi.com.tr\/index.php\/wp-json\/wp\/v2\/product_tag?post=773858"}],"curies":[{"name":"wp","href":"https:\/\/api.w.org\/{rel}","templated":true}]}}