{"id":773857,"date":"2025-08-28T16:31:48","date_gmt":"2025-08-28T13:31:48","guid":{"rendered":"https:\/\/roveyayinevi.com.tr\/index.php\/urun\/devlet-insan-mi\/"},"modified":"2026-04-07T03:34:27","modified_gmt":"2026-04-07T00:34:27","slug":"devlet-insan-mi","status":"publish","type":"product","link":"https:\/\/roveyayinevi.com.tr\/index.php\/urun\/devlet-insan-mi\/","title":{"rendered":"Devlet \u0130nsan m\u0131?"},"content":{"rendered":"<p>\u201cBir rastlant\u0131 ile devlet makinesinin ba\u015f\u0131na ge\u00e7en baz\u0131 insanlar, kendi \u00e7\u0131karc\u0131 ki\u015filiklerinden soyunmu\u015f g\u00f6r\u00fcn\u00fcp, halk\u0131n koruyucusu kesiliveriyorlar bir \u00e7\u0131rp\u0131da. Oysa ki\u015fisel \u00e7\u0131karlar\u0131n\u0131, dostluk d\u00fc\u015fmanl\u0131k duygular\u0131n\u0131 \u00f6n plana ge\u00e7irmekte hi\u00e7bir f\u0131rsat\u0131 ka\u00e7\u0131rmamaya bak\u0131yorlar. Kendi d\u00fc\u015f\u00fcncelerine ayk\u0131r\u0131 davranan insanlar\u0131 sorgular, soru\u015fturmalarla y\u0131pratmak, ortadan kald\u0131rmak ve kamusal alanda at ko\u015fturmaktan ba\u015fka bir \u015fey d\u00fc\u015f\u00fcnm\u00fcyorlar. B\u00fct\u00fcn eziyetli sorgular, soru\u015fturmalar, kendi yerlerini daha bir g\u00fc\u00e7lendirmekten ba\u015fka bir ama\u00e7 ta\u015f\u0131m\u0131yor. <\/p>\n","protected":false},"excerpt":{"rendered":"<p>\u201cBir rastlant\u0131 ile devlet makinesinin ba\u015f\u0131na ge\u00e7en baz\u0131 insanlar, kendi \u00e7\u0131karc\u0131 ki\u015filiklerinden soyunmu\u015f g\u00f6r\u00fcn\u00fcp, halk\u0131n koruyucusu kesiliveriyorlar bir \u00e7\u0131rp\u0131da. Oysa ki\u015fisel \u00e7\u0131karlar\u0131n\u0131, dostluk d\u00fc\u015fmanl\u0131k duygular\u0131n\u0131 \u00f6n<span class=\"excerpt-hellip\"> [\u2026]<\/span><\/p>\n","protected":false},"featured_media":0,"template":"","meta":{"_monsterinsights_skip_tracking":false,"_monsterinsights_sitenote_active":false,"_monsterinsights_sitenote_note":"","_monsterinsights_sitenote_category":0},"product_brand":[],"product_cat":[12777,12291],"product_tag":[],"class_list":{"0":"post-773857","1":"product","2":"type-product","3":"status-publish","5":"product_cat-deneme","6":"product_cat-edebiyat","7":"pa_cilt-ciltsiz","8":"pa_tur-kitap","9":"pa_yayinevi-telgrafhane-yayinlari","10":"pa_yazar-vedat-gunyol","12":"first","13":"instock","14":"sale","15":"shipping-taxable","16":"purchasable","17":"product-type-simple"},"_links":{"self":[{"href":"https:\/\/roveyayinevi.com.tr\/index.php\/wp-json\/wp\/v2\/product\/773857","targetHints":{"allow":["GET"]}}],"collection":[{"href":"https:\/\/roveyayinevi.com.tr\/index.php\/wp-json\/wp\/v2\/product"}],"about":[{"href":"https:\/\/roveyayinevi.com.tr\/index.php\/wp-json\/wp\/v2\/types\/product"}],"wp:attachment":[{"href":"https:\/\/roveyayinevi.com.tr\/index.php\/wp-json\/wp\/v2\/media?parent=773857"}],"wp:term":[{"taxonomy":"product_brand","embeddable":true,"href":"https:\/\/roveyayinevi.com.tr\/index.php\/wp-json\/wp\/v2\/product_brand?post=773857"},{"taxonomy":"product_cat","embeddable":true,"href":"https:\/\/roveyayinevi.com.tr\/index.php\/wp-json\/wp\/v2\/product_cat?post=773857"},{"taxonomy":"product_tag","embeddable":true,"href":"https:\/\/roveyayinevi.com.tr\/index.php\/wp-json\/wp\/v2\/product_tag?post=773857"}],"curies":[{"name":"wp","href":"https:\/\/api.w.org\/{rel}","templated":true}]}}