{"id":773855,"date":"2025-08-28T16:31:43","date_gmt":"2025-08-28T13:31:43","guid":{"rendered":"https:\/\/roveyayinevi.com.tr\/index.php\/urun\/siir-cozumlemeleri-2-servet-i-funun-akimi\/"},"modified":"2026-04-15T03:39:58","modified_gmt":"2026-04-15T00:39:58","slug":"siir-cozumlemeleri-2-servet-i-funun-akimi","status":"publish","type":"product","link":"https:\/\/roveyayinevi.com.tr\/index.php\/urun\/siir-cozumlemeleri-2-servet-i-funun-akimi\/","title":{"rendered":"\u015eiir \u00c7\u00f6z\u00fcmlemeleri 2 Servet-i F\u00fcnun Ak\u0131m\u0131"},"content":{"rendered":"<p>Yeni T\u00fcrk edebiyat\u0131n\u0131n ikinci ana d\u00f6nemi, Servet-i F\u00fcnun ak\u0131m\u0131 taraf\u0131ndan temsil edilmi\u015ftir. Bu eserde Servet-i F\u00fcnun ak\u0131m\u0131na mensup \u015fu \u015fairlerden se\u00e7ilen \u015fiirler getirdikleri yenilikler ve \u00f6zg\u00fcn boyutlar\u0131yla ele al\u0131narak \u015fekil, i\u00e7erik, dil ve \u00fcslup gibi b\u00fct\u00fcn teknik boyutlar\u0131yla \u00e7\u00f6z\u00fcmlenmi\u015ftir: Tevfik Fikret, Cenap \u015eehabeddin, S\u00fcleyman Nesip, H\u00fcseyin Siret, Ahmet Re\u015fit Rey (H. Naz\u0131m), Ali Ekrem Bolay\u0131r, S\u00fcleyman Nazif, H\u00fcseyin Suad, Faik Ali Ozansoy. <\/p>\n","protected":false},"excerpt":{"rendered":"<p>Yeni T\u00fcrk edebiyat\u0131n\u0131n ikinci ana d\u00f6nemi, Servet-i F\u00fcnun ak\u0131m\u0131 taraf\u0131ndan temsil edilmi\u015ftir. Bu eserde Servet-i F\u00fcnun ak\u0131m\u0131na mensup \u015fu \u015fairlerden se\u00e7ilen \u015fiirler getirdikleri yenilikler ve \u00f6zg\u00fcn<span class=\"excerpt-hellip\"> [\u2026]<\/span><\/p>\n","protected":false},"featured_media":0,"template":"","meta":{"_monsterinsights_skip_tracking":false,"_monsterinsights_sitenote_active":false,"_monsterinsights_sitenote_note":"","_monsterinsights_sitenote_category":0},"product_brand":[],"product_cat":[13072,12291],"product_tag":[],"class_list":{"0":"post-773855","1":"product","2":"type-product","3":"status-publish","5":"product_cat-arastirma-inceleme-referans","6":"product_cat-edebiyat","7":"pa_cilt-ciltsiz","8":"pa_tur-kitap","9":"pa_yayinevi-imbik-yayinlari","10":"pa_yazar-prof-dr-nurullah-cetin","12":"first","13":"instock","14":"sale","15":"shipping-taxable","16":"purchasable","17":"product-type-simple"},"_links":{"self":[{"href":"https:\/\/roveyayinevi.com.tr\/index.php\/wp-json\/wp\/v2\/product\/773855","targetHints":{"allow":["GET"]}}],"collection":[{"href":"https:\/\/roveyayinevi.com.tr\/index.php\/wp-json\/wp\/v2\/product"}],"about":[{"href":"https:\/\/roveyayinevi.com.tr\/index.php\/wp-json\/wp\/v2\/types\/product"}],"wp:attachment":[{"href":"https:\/\/roveyayinevi.com.tr\/index.php\/wp-json\/wp\/v2\/media?parent=773855"}],"wp:term":[{"taxonomy":"product_brand","embeddable":true,"href":"https:\/\/roveyayinevi.com.tr\/index.php\/wp-json\/wp\/v2\/product_brand?post=773855"},{"taxonomy":"product_cat","embeddable":true,"href":"https:\/\/roveyayinevi.com.tr\/index.php\/wp-json\/wp\/v2\/product_cat?post=773855"},{"taxonomy":"product_tag","embeddable":true,"href":"https:\/\/roveyayinevi.com.tr\/index.php\/wp-json\/wp\/v2\/product_tag?post=773855"}],"curies":[{"name":"wp","href":"https:\/\/api.w.org\/{rel}","templated":true}]}}