{"id":773854,"date":"2025-08-28T16:31:42","date_gmt":"2025-08-28T13:31:42","guid":{"rendered":"https:\/\/roveyayinevi.com.tr\/index.php\/urun\/dusuncenin-gucu-2\/"},"modified":"2026-04-03T03:32:12","modified_gmt":"2026-04-03T00:32:12","slug":"dusuncenin-gucu-2","status":"publish","type":"product","link":"https:\/\/roveyayinevi.com.tr\/index.php\/urun\/dusuncenin-gucu-2\/","title":{"rendered":"D\u00fc\u015f\u00fcncenin G\u00fcc\u00fc"},"content":{"rendered":"<p>I\u0307ngiliz yazar ve filozof James Allen\u2019\u0131n 1900\u2019lu\u0308 y\u0131llarda kaleme ald\u0131g\u0306\u0131 Du\u0308s\u0327u\u0308ncenin Gu\u0308cu\u0308, bir yu\u0308zy\u0131l\u0131 as\u0327k\u0131n su\u0308redir milyonlarca okurun hayat\u0131na dokunmaya devam ediyor. Bu k\u0131sa ama derinlikli eser, insan\u0131n du\u0308s\u0327u\u0308nce du\u0308nyas\u0131n\u0131n yas\u0327am\u0131 u\u0308zerindeki etkisini sade ve etkileyici bir dille ortaya koyuyor.Allen, hayat\u0131m\u0131z\u0131n s\u0327ekillenis\u0327inde d\u0131s\u0327 kos\u0327ullardan c\u0327ok kendi zihinsel tutumlar\u0131m\u0131z\u0131n belirleyici oldug\u0306unu ve du\u0308s\u0327u\u0308ncelerimizi bilinc\u0327li bir s\u0327ekilde yo\u0308nlendirebildig\u0306imizde, kendi hayat\u0131m\u0131z\u0131n mimar\u0131 olabileceg\u0306imizi savunuyor. \u201cI\u0307nsan, nas\u0131l du\u0308s\u0327u\u0308nu\u0308yorsa o\u0308yledir,\u201d aforizmas\u0131n\u0131 dile getiren Allen, bu kitapta okuyucuyu ic\u0327sel bir kes\u0327fe davet ediyor.K\u0131sa ama etkili bu klasik, kis\u0327isel gelis\u0327im alan\u0131nda bir bas\u0327ucu kitab\u0131 olmaya devam ediyor. Eg\u0306er yas\u0327am\u0131n\u0131z\u0131 do\u0308nu\u0308s\u0327tu\u0308rmek istiyorsan\u0131z is\u0327e du\u0308s\u0327u\u0308ncelerinizle bas\u0327lamal\u0131s\u0131n\u0131z. Bu kitapta okuyacag\u0306\u0131n\u0131z bir dig\u0306er es\u0327siz eser olan Bas\u0327ar\u0131ya Giden Yol ise du\u0308s\u0327u\u0308nce gu\u0308cu\u0308nu\u0308n ve ruhsal fark\u0131ndal\u0131g\u0306\u0131n insan hayat\u0131ndaki do\u0308nu\u0308s\u0327tu\u0308ru\u0308cu\u0308 etkisini anlat\u0131yor.Allen\u2019a go\u0308re gerc\u0327ek zenginlik, d\u0131s\u0327 kos\u0327ullarda deg\u0306il, bireyin du\u0308s\u0327u\u0308nce du\u0308nyas\u0131nda sakl\u0131. Hayat\u0131n\u0131 iyiles\u0327tirmek, zihinsel berrakl\u0131k kazanmak ve kal\u0131c\u0131 bir refah duygusuna ulas\u0327mak isteyenler ic\u0327in ideal bir rehber. <\/p>\n","protected":false},"excerpt":{"rendered":"<p>I\u0307ngiliz yazar ve filozof James Allen\u2019\u0131n 1900\u2019lu\u0308 y\u0131llarda kaleme ald\u0131g\u0306\u0131 Du\u0308s\u0327u\u0308ncenin Gu\u0308cu\u0308, bir yu\u0308zy\u0131l\u0131 as\u0327k\u0131n su\u0308redir milyonlarca okurun hayat\u0131na dokunmaya devam ediyor. Bu k\u0131sa ama derinlikli<span class=\"excerpt-hellip\"> [\u2026]<\/span><\/p>\n","protected":false},"featured_media":0,"template":"","meta":{"_monsterinsights_skip_tracking":false,"_monsterinsights_sitenote_active":false,"_monsterinsights_sitenote_note":"","_monsterinsights_sitenote_category":0},"product_brand":[],"product_cat":[12364,12376],"product_tag":[],"class_list":{"0":"post-773854","1":"product","2":"type-product","3":"status-publish","5":"product_cat-genel-konular","6":"product_cat-kisisel-gelisim","7":"pa_cilt-ciltsiz","8":"pa_tur-kitap","9":"pa_yayinevi-leopar-yayinlari","10":"pa_yazar-james-allen","12":"first","13":"instock","14":"sale","15":"shipping-taxable","16":"purchasable","17":"product-type-simple"},"_links":{"self":[{"href":"https:\/\/roveyayinevi.com.tr\/index.php\/wp-json\/wp\/v2\/product\/773854","targetHints":{"allow":["GET"]}}],"collection":[{"href":"https:\/\/roveyayinevi.com.tr\/index.php\/wp-json\/wp\/v2\/product"}],"about":[{"href":"https:\/\/roveyayinevi.com.tr\/index.php\/wp-json\/wp\/v2\/types\/product"}],"wp:attachment":[{"href":"https:\/\/roveyayinevi.com.tr\/index.php\/wp-json\/wp\/v2\/media?parent=773854"}],"wp:term":[{"taxonomy":"product_brand","embeddable":true,"href":"https:\/\/roveyayinevi.com.tr\/index.php\/wp-json\/wp\/v2\/product_brand?post=773854"},{"taxonomy":"product_cat","embeddable":true,"href":"https:\/\/roveyayinevi.com.tr\/index.php\/wp-json\/wp\/v2\/product_cat?post=773854"},{"taxonomy":"product_tag","embeddable":true,"href":"https:\/\/roveyayinevi.com.tr\/index.php\/wp-json\/wp\/v2\/product_tag?post=773854"}],"curies":[{"name":"wp","href":"https:\/\/api.w.org\/{rel}","templated":true}]}}